{"id":5460,"date":"2026-04-19T15:23:35","date_gmt":"2026-04-19T13:23:35","guid":{"rendered":"https:\/\/enseignementdemichael.fr\/?post_type=product&#038;p=5460"},"modified":"2026-04-19T20:01:24","modified_gmt":"2026-04-19T18:01:24","slug":"enseignement-xxix-29","status":"publish","type":"product","link":"https:\/\/enseignementdemichael.fr\/index.php\/produit\/enseignement-xxix-29\/","title":{"rendered":"ENSEIGNEMENT XXIX 29 LE SANCTUAIRE DE L&rsquo;AME"},"content":{"rendered":"<div class=\"sc-etlCFw kBwOch\">\n<div class=\"sc-gEvEes cniQRT\">\n<div id=\"row-8889e4a2\" class=\"sc-ffZAAz hTVLWk\">\n<div class=\"sc-etlCFw gNsIjg\">\n<div class=\"sc-gEvEes dfTnvi\">\n<div id=\"text-7e4bd068\" class=\"sc-ibQAlc hPsjrO\">\n<div>\n<p dir=\"ltr\"><strong>ENSEIGNEMENT-SOIN n\u00b029 du HAUT PLAN DIVIN<\/strong><\/p>\n<p dir=\"ltr\"><strong><em>Revenez \u00e0 l&rsquo;Essence originelle<\/em><\/strong><\/p>\n<p dir=\"ltr\"><strong><em>restauration et sanctification du lien Sacr\u00e9<\/em><\/strong><\/p>\n<p dir=\"ltr\"><strong>Le Sanctuaire de l\u2019\u00c2me<\/strong><\/p>\n<p>&nbsp;<\/p>\n<p dir=\"ltr\">Enseignement de 80 minutes<\/p>\n<p dir=\"ltr\">avec 1 Puissant Soin Int\u00e9gr\u00e9<\/p>\n<p dir=\"ltr\">avec Musique \u00e0 432 Hz<\/p>\n<p>&nbsp;<\/p>\n<p dir=\"ltr\"><strong>Tarif :<\/strong><strong><em>\u00a0160\u20ac<\/em><\/strong><\/p>\n<p>&nbsp;<\/p>\n<ul dir=\"ltr\">\n<li dir=\"ltr\">\n<p dir=\"ltr\">Le temps de la s\u00e9paration s\u2019ach\u00e8ve.<\/p>\n<\/li>\n<li dir=\"ltr\">\n<p dir=\"ltr\">Le seuil du Sanctuaire s\u2019ouvre.<\/p>\n<\/li>\n<li dir=\"ltr\">\n<p dir=\"ltr\">Le rappel de votre essence originelle r\u00e9sonne.<\/p>\n<\/li>\n<li dir=\"ltr\">\n<p dir=\"ltr\">Les voiles se dissolvent.<\/p>\n<\/li>\n<li dir=\"ltr\">\n<p dir=\"ltr\">Les dispersions se rassemblent.<\/p>\n<\/li>\n<li dir=\"ltr\">\n<p dir=\"ltr\">Les fragments de votre conscience se r\u00e9unifient.<\/p>\n<\/li>\n<li dir=\"ltr\">\n<p dir=\"ltr\">L\u2019\u00e2me vous appelle au c\u0153ur m\u00eame de votre pr\u00e9sence.<\/p>\n<\/li>\n<li dir=\"ltr\">\n<p dir=\"ltr\">Ce qui \u00e9tait oubli\u00e9 se r\u00e9v\u00e8le.<\/p>\n<\/li>\n<li dir=\"ltr\">\n<p dir=\"ltr\">Vous revenez habiter votre centre<\/p>\n<p>&nbsp;<\/li>\n<\/ul>\n<p dir=\"ltr\"><strong>Merci de r\u00e9pondre \u00e0 l\u2019appel puissant de votre \u00e2me.<\/strong><\/p>\n<p>&nbsp;<\/p>\n<p dir=\"ltr\"><strong><u>Bonus 1<\/u>:<\/strong><\/p>\n<p dir=\"ltr\">Pdf 24 pages texte Complet de l&rsquo;enseignement XXIX<\/p>\n<p dir=\"ltr\">(<em>valeur 160\u20ac-offert<\/em>)<\/p>\n<p dir=\"ltr\"><strong><u>Bonus 2<\/u>:<\/strong><\/p>\n<p dir=\"ltr\">Soin Vibratoire alchimique d&rsquo;Activation<\/p>\n<p dir=\"ltr\">(<em>valeur 125\u20ac-offert<\/em>)<\/p>\n<p dir=\"ltr\"><strong><u>SUPER Bonus<\/u><\/strong>:<\/p>\n<p dir=\"ltr\">Pour Vous Remercier de votre engagement profond sur ce chemin d&rsquo;\u00e9l\u00e9vation vous participerez \u00e0 la<\/p>\n<p dir=\"ltr\">\u2728<strong><u>S\u00e9ance Collective Exceptionnelle<\/u><\/strong>\u2728<\/p>\n<p dir=\"ltr\"><strong>\u00ab\u00a0Activation du Fil d&rsquo;or &#8211; Retour \u00e0 l&rsquo;Essence Divine\u00a0\u00bb <\/strong><\/p>\n<p dir=\"ltr\">(<em>valeur 125\u20ac-offert)<\/em><\/p>\n<p dir=\"ltr\">C\u2019est une Masterclass vibrante vibratoire d\u2019une profondeur exceptionnelle, qui permet de <strong>restaurer la connexion<\/strong> \u00e0 votre \u00e2me et de r\u00e9activer <strong>votre alignement originel.<\/strong><br \/>\n\u2728 <em>Id\u00e9ale si vous souhaitez R\u00e9activer votre guidance profonde,<br \/>\nsortir de la confusion et habiter pleinement votre v\u00e9rit\u00e9 vibratoire<\/em><\/p>\n<p dir=\"ltr\"><strong>\ud83d\udcab\ud83d\udcab\ud83d\udcab<\/strong><\/p>\n<p dir=\"ltr\">DEVENEZ L&rsquo;EXPRESSION VIVANTE DE VOTRE \u00c2ME.<\/p>\n<p dir=\"ltr\"><strong>\ud83d\udcab\ud83d\udcab\ud83d\udcab<\/strong><\/p>\n<p dir=\"ltr\"><strong>Offrez-vous cet enseignement UNIQUE et tous les bonus de ce Programme Complet<\/strong><strong> de reconnexion \u00e0 l&rsquo;essence Originelle.<\/strong><\/p>\n<p dir=\"ltr\"><em>Embrassez<\/em><em> votre clart\u00e9 cosmique<\/em><\/p>\n<p dir=\"ltr\">Retrouvez<em> votre fr\u00e9quence solaire<\/em><\/p>\n<p dir=\"ltr\">Atteignez<em> votre v\u00e9rit\u00e9 vibratoire<\/em><\/p>\n<p dir=\"ltr\">Plongez dans<em> votre alignement divin<\/em><\/p>\n<\/div>\n<\/div>\n<\/div>\n<\/div>\n<\/div>\n<\/div>\n<\/div>\n","protected":false},"excerpt":{"rendered":"<p>ENSEIGNEMENT-SOIN n\u00b029 du HAUT PLAN DIVIN Revenez \u00e0 l&rsquo;Essence originelle restauration et sanctification du lien Sacr\u00e9 Le Sanctuaire de l\u2019\u00c2me &nbsp; Enseignement de 80 minutes avec 1 Puissant Soin Int\u00e9gr\u00e9 avec Musique \u00e0 432 Hz &nbsp; Tarif :\u00a0160\u20ac &nbsp; Le temps de la s\u00e9paration s\u2019ach\u00e8ve. Le seuil du Sanctuaire s\u2019ouvre. Le rappel de votre essence [&hellip;]<\/p>\n","protected":false},"featured_media":5464,"template":"","meta":[],"product_brand":[],"product_cat":[20],"product_tag":[],"class_list":{"0":"post-5460","1":"product","2":"type-product","3":"status-publish","4":"has-post-thumbnail","6":"product_cat-enseignement-de-michael","8":"first","9":"instock","10":"downloadable","11":"shipping-taxable","12":"purchasable","13":"product-type-simple"},"_links":{"self":[{"href":"https:\/\/enseignementdemichael.fr\/index.php\/wp-json\/wp\/v2\/product\/5460","targetHints":{"allow":["GET"]}}],"collection":[{"href":"https:\/\/enseignementdemichael.fr\/index.php\/wp-json\/wp\/v2\/product"}],"about":[{"href":"https:\/\/enseignementdemichael.fr\/index.php\/wp-json\/wp\/v2\/types\/product"}],"wp:featuredmedia":[{"embeddable":true,"href":"https:\/\/enseignementdemichael.fr\/index.php\/wp-json\/wp\/v2\/media\/5464"}],"wp:attachment":[{"href":"https:\/\/enseignementdemichael.fr\/index.php\/wp-json\/wp\/v2\/media?parent=5460"}],"wp:term":[{"taxonomy":"product_brand","embeddable":true,"href":"https:\/\/enseignementdemichael.fr\/index.php\/wp-json\/wp\/v2\/product_brand?post=5460"},{"taxonomy":"product_cat","embeddable":true,"href":"https:\/\/enseignementdemichael.fr\/index.php\/wp-json\/wp\/v2\/product_cat?post=5460"},{"taxonomy":"product_tag","embeddable":true,"href":"https:\/\/enseignementdemichael.fr\/index.php\/wp-json\/wp\/v2\/product_tag?post=5460"}],"curies":[{"name":"wp","href":"https:\/\/api.w.org\/{rel}","templated":true}]}}