{"id":5261,"date":"2025-12-29T17:57:44","date_gmt":"2025-12-29T16:57:44","guid":{"rendered":"https:\/\/enseignementdemichael.fr\/?post_type=product&#038;p=5261"},"modified":"2025-12-29T18:55:46","modified_gmt":"2025-12-29T17:55:46","slug":"alliance-christique-triomphante","status":"publish","type":"product","link":"https:\/\/enseignementdemichael.fr\/index.php\/produit\/alliance-christique-triomphante\/","title":{"rendered":"ALLIANCE CHRISTIQUE TRIOMPHANTE"},"content":{"rendered":"<h3><strong data-olk-copy-source=\"MessageBody\">Protocole majeur d\u2019initiation \u00e0 la Nouvelle Conscience Christique<\/strong><\/h3>\n<p><strong>Alliance Christique Triomphante<\/strong> est\u00a0un <strong>protocole sacr\u00e9 d\u2019\u00e9l\u00e9vation<\/strong>, une initiation vibratoire majeure destin\u00e9e \u00e0 celles et ceux qui ressentent l\u2019appel int\u00e9rieur de la nouvelle conscience christique.<\/p>\n<p>Ce processus puissant ouvre un passage vibratoire, restaure le c\u0153ur, lib\u00e8re profond\u00e9ment l\u2019\u00e2me, et r\u00e9veille la puissance sacr\u00e9e int\u00e9rieure afin de vous aligner \u00e0 une fr\u00e9quence d\u2019amour, de paix, de souverainet\u00e9 et de cr\u00e9ation consciente.<\/p>\n<h3>Une immersion vibratoire totale de 63 minutes<\/h3>\n<p>Vous entrez dans une exp\u00e9rience majestueuse, guid\u00e9e avec pr\u00e9cision, profondeur et tendresse spirituelle.<\/p>\n<p>Pendant <strong>63 minutes<\/strong>, vous \u00eates accompagn\u00e9(e) dans :<\/p>\n<ul>\n<li>une <strong>purification profonde<\/strong> des cristallisations \u00e9nerg\u00e9tiques, m\u00e9moires karmiques et charges transg\u00e9n\u00e9rationnelles<\/li>\n<li>une <strong>lib\u00e9ration des attaches \u00e9nerg\u00e9tiques<\/strong> et liens limitants<\/li>\n<li>un <strong>remplissage christique flamboyant<\/strong>, doux et immens\u00e9ment r\u00e9g\u00e9n\u00e9rateur<\/li>\n<li>une <strong>activation de la puissance int\u00e9rieure<\/strong>, de la confiance sacr\u00e9e et de la dignit\u00e9 d\u2019\u00e2me<\/li>\n<li>une \u00e9l\u00e9vation vibratoire vers la <strong>nouvelle octave de conscience christique<\/strong><\/li>\n<\/ul>\n<p>Vous ne recevez pas simplement un soin\u2026<br \/>\nVous vivez une <strong>renaissance int\u00e9rieure<\/strong>, une v\u00e9ritable alliance avec la lumi\u00e8re pure et vivante.<\/p>\n<h3>Une double version pour une exp\u00e9rience sacr\u00e9e personnalis\u00e9e<\/h3>\n<p>Vous recevez deux formats d\u2019\u00e9coute :<\/p>\n<p>\ud83c\udfa7 <strong>Version avec musique des hautes sph\u00e8res<\/strong><br \/>\nUne immersion sonore sacr\u00e9e, enveloppante, c\u00e9leste et vibratoirement \u00e9lev\u00e9e.<\/p>\n<p>\ud83c\udfa7 <strong>Version sans musique<\/strong><br \/>\nPour une connexion pure, d\u00e9pouill\u00e9e, directe, id\u00e9ale pour les praticiens, les m\u00e9ditants avanc\u00e9s ou les sensibilit\u00e9s particuli\u00e8res.<\/p>\n<p>Les deux versions sont <strong>t\u00e9l\u00e9chargeables<\/strong> afin que vous puissiez vivre ce protocole autant de fois que n\u00e9cessaire.<\/p>\n<h3><strong>Devenir Initi\u00e9(e) de la Nouvelle Conscience Christique<\/strong><\/h3>\n<p>Ce protocole marque un passage de pure lumi\u00e8re.<br \/>\nIl n\u2019agit pas seulement sur l\u2019instant.<br \/>\nIl <strong>repositionne l\u2019\u00e2me<\/strong>, restaure la souverainet\u00e9 int\u00e9rieure, ouvre le c\u0153ur \u00e0 la lumi\u00e8re vivante et pr\u00e9pare \u00e0 une nouvelle mani\u00e8re d\u2019exister, d\u2019aimer, de choisir, de cr\u00e9er.<\/p>\n<p>Alliance Christique Triomphante vous permet :<\/p>\n<ul>\n<li>d\u2019entrer dans une vibration plus \u00e9lev\u00e9e et stable<\/li>\n<li>de ressentir une paix profonde et habit\u00e9e<\/li>\n<li>de retrouver joie, force et assise int\u00e9rieure<\/li>\n<li>de renouer avec votre grandeur spirituelle<\/li>\n<li>d\u2019avancer soutenu(e) par la Conscience Divine<\/li>\n<\/ul>\n<h3>Inclus dans votre activation : le <strong>CODEX STELLAIRE<\/strong><\/h3>\n<p>En compl\u00e9ment du protocole audio, vous recevez un document sacr\u00e9 incontournable :<\/p>\n<p><strong>Le Codex Stellaire \u2013 Guidance et Conseils d\u2019Or des Hauts Plans Divins<\/strong><br \/>\n(Format PDF)<\/p>\n<p>Ce pr\u00e9cieux codex :<\/p>\n<ul>\n<li>prolonge l\u2019action vibratoire du protocole<\/li>\n<li>stabilise les fr\u00e9quences re\u00e7ues<\/li>\n<li>transmet guidance c\u00e9leste, soutien du divin et assurance int\u00e9rieure<\/li>\n<li>offre des cl\u00e9s d\u2019int\u00e9gration et des conseils concrets pour manifester dans la mati\u00e8re les b\u00e9n\u00e9dictions activ\u00e9es<\/li>\n<\/ul>\n<p>C\u2019est votre compagnon de route pour rester align\u00e9(e), soutenu(e) et guid\u00e9(e).<\/p>\n<h3>Pour qui est ce protocole ?<\/h3>\n<p>Pour celles et ceux qui :<\/p>\n<ul>\n<li>ressentent l\u2019appel de la conscience christique<\/li>\n<li>vivent une transition int\u00e9rieure ou une \u00e9tape de vie importante<\/li>\n<li>veulent se lib\u00e9rer de charges anciennes et de lourdeurs \u00e9nerg\u00e9tiques<\/li>\n<li>d\u00e9sirent retrouver puissance, paix, foi int\u00e9rieure et confiance sacr\u00e9e<\/li>\n<li>choisissent de marcher align\u00e9(e)s avec l\u2019amour, la lumi\u00e8re et la noblesse d\u2019\u00e2me<\/li>\n<\/ul>\n<p>Aucune croyance religieuse n\u2019est n\u00e9cessaire.<br \/>\nCe protocole s\u2019adresse aux \u00e2mes ouvertes, conscientes, en chemin d\u2019expansion.<\/p>\n<h3>Alliance Christique Triomphante<\/h3>\n<p>Ce n\u2019est pas une s\u00e9ance audio lamda\u2026<br \/>\nC\u2019est une <strong>Alliance<\/strong>.Une initiation essentielle \u00e0 la fr\u00e9quence la plus \u00e9lev\u00e9e.<br \/>\nUne <strong>Reconnaissance<\/strong> de votre Lumi\u00e8re.<br \/>\nUn <strong>Passage initiatique<\/strong> vers une version plus vraie, plus puissante, plus magnifiquement incarn\u00e9e de vous-m\u00eame.<\/p>\n","protected":false},"excerpt":{"rendered":"<p>Protocole majeur d\u2019initiation \u00e0 la Nouvelle Conscience Christique Alliance Christique Triomphante est\u00a0un protocole sacr\u00e9 d\u2019\u00e9l\u00e9vation, une initiation vibratoire majeure destin\u00e9e \u00e0 celles et ceux qui ressentent l\u2019appel int\u00e9rieur de la nouvelle conscience christique. Ce processus puissant ouvre un passage vibratoire, restaure le c\u0153ur, lib\u00e8re profond\u00e9ment l\u2019\u00e2me, et r\u00e9veille la puissance sacr\u00e9e int\u00e9rieure afin de vous [&hellip;]<\/p>\n","protected":false},"featured_media":5262,"template":"","meta":[],"product_brand":[],"product_cat":[19],"product_tag":[],"class_list":{"0":"post-5261","1":"product","2":"type-product","3":"status-publish","4":"has-post-thumbnail","6":"product_cat-soin","8":"first","9":"instock","10":"downloadable","11":"shipping-taxable","12":"purchasable","13":"product-type-simple"},"_links":{"self":[{"href":"https:\/\/enseignementdemichael.fr\/index.php\/wp-json\/wp\/v2\/product\/5261","targetHints":{"allow":["GET"]}}],"collection":[{"href":"https:\/\/enseignementdemichael.fr\/index.php\/wp-json\/wp\/v2\/product"}],"about":[{"href":"https:\/\/enseignementdemichael.fr\/index.php\/wp-json\/wp\/v2\/types\/product"}],"wp:featuredmedia":[{"embeddable":true,"href":"https:\/\/enseignementdemichael.fr\/index.php\/wp-json\/wp\/v2\/media\/5262"}],"wp:attachment":[{"href":"https:\/\/enseignementdemichael.fr\/index.php\/wp-json\/wp\/v2\/media?parent=5261"}],"wp:term":[{"taxonomy":"product_brand","embeddable":true,"href":"https:\/\/enseignementdemichael.fr\/index.php\/wp-json\/wp\/v2\/product_brand?post=5261"},{"taxonomy":"product_cat","embeddable":true,"href":"https:\/\/enseignementdemichael.fr\/index.php\/wp-json\/wp\/v2\/product_cat?post=5261"},{"taxonomy":"product_tag","embeddable":true,"href":"https:\/\/enseignementdemichael.fr\/index.php\/wp-json\/wp\/v2\/product_tag?post=5261"}],"curies":[{"name":"wp","href":"https:\/\/api.w.org\/{rel}","templated":true}]}}