{"id":4880,"date":"2025-10-15T09:33:16","date_gmt":"2025-10-15T07:33:16","guid":{"rendered":"https:\/\/enseignementdemichael.fr\/?post_type=product&#038;p=4880"},"modified":"2025-10-21T18:00:24","modified_gmt":"2025-10-21T16:00:24","slug":"enseignement-xxvii-27-lenergie-de-fusion","status":"publish","type":"product","link":"https:\/\/enseignementdemichael.fr\/index.php\/produit\/enseignement-xxvii-27-lenergie-de-fusion\/","title":{"rendered":"ENSEIGNEMENT XXVII 27 L&rsquo;\u00c9NERGIE DE FUSION"},"content":{"rendered":"<p dir=\"ltr\" data-pm-slice=\"1 1 []\"><strong>ENSEIGNEMENT-SOIN n\u00b027 du HAUT PLAN DIVIN<\/strong><\/p>\n<p dir=\"ltr\"><strong><em>Entrez Dans l&rsquo;Energie De Fusion<\/em><\/strong><\/p>\n<p dir=\"ltr\">Enseignement de 80 minutes<\/p>\n<p dir=\"ltr\">avec 1 Puissant Soin Int\u00e9gr\u00e9<\/p>\n<p dir=\"ltr\">avec Musique \u00e0 432 Hz<\/p>\n<p>&nbsp;<\/p>\n<p dir=\"ltr\"><strong>Pr\u00e9vente 47\u20ac<\/strong> <s>au lieu de 160\u20ac<\/s><\/p>\n<p dir=\"ltr\"><em>Le <u>21 octobre<\/u> le tarif passera \u00e0 160\u20ac<\/em><\/p>\n<p>&nbsp;<\/p>\n<ul>\n<li dir=\"ltr\">\n<p dir=\"ltr\">Le temps de la s\u00e9paration s\u2019ach\u00e8ve.<\/p>\n<\/li>\n<li dir=\"ltr\">\n<p dir=\"ltr\">L\u2019appel de la Fusion se fait entendre dans vos cellules.<\/p>\n<\/li>\n<li dir=\"ltr\">\n<p dir=\"ltr\">L\u2019Esprit et la Mati\u00e8re s\u2019unissent pour r\u00e9v\u00e9ler la Conscience Une.<\/p>\n<\/li>\n<li dir=\"ltr\">\n<p dir=\"ltr\">Le voile de la dualit\u00e9 se dissout.<\/p>\n<\/li>\n<li dir=\"ltr\">\n<p dir=\"ltr\">Vous \u00eates pr\u00eat \u00e0 incarner l\u2019Unit\u00e9 vivante.<\/p>\n<\/li>\n<li dir=\"ltr\">\n<p dir=\"ltr\">L\u2019\u00e9nergie de Fusion s\u2019installe, silencieuse et souveraine.<\/p>\n<\/li>\n<\/ul>\n<p dir=\"ltr\"><strong>Merci de r\u00e9pondre \u00e0 l\u2019appel de l\u2019Un.<\/strong><\/p>\n<p>&nbsp;<\/p>\n<p dir=\"ltr\"><strong><u>Bonus 1<\/u>:<\/strong><\/p>\n<p dir=\"ltr\">Pdf 24 pages texte Complet de l&rsquo;enseignement XXVII<\/p>\n<p dir=\"ltr\">(<em>valeur 160\u20ac-offert<\/em>)<\/p>\n<p dir=\"ltr\"><strong><u>Bonus 2<\/u>:<\/strong><\/p>\n<p dir=\"ltr\">Pdf 6 Exercices Sacr\u00e9s pour atteindre l&rsquo;\u00e9nergie de Fusion<\/p>\n<p dir=\"ltr\">(<em>valeur 97\u20ac-offert<\/em>)<\/p>\n<p>&nbsp;<\/p>\n<p dir=\"ltr\"><strong><u>Bonus 3 Exceptionnel<\/u><\/strong>:<\/p>\n<p dir=\"ltr\">Pour Vous Remercier De Votre Implication \u00e0 servir puissamment la Lumi\u00e8re, vous participerez au Grand Soin Collectif <strong>Mardi 21 octobre \u00e0 14h00<\/strong><strong>+replay<\/strong><\/p>\n<p dir=\"ltr\"><strong>pour La Nouvelle Lune <\/strong><strong>Alchimique<\/strong><strong>:<\/strong><\/p>\n<p dir=\"ltr\"><strong>\u00ab\u00a0Elan Puissant vers 1 Nouveau D\u00e9part\u00a0\u00bb<\/strong><\/p>\n<p dir=\"ltr\">(<em>valeur 125\u20ac-offert)<\/em><\/p>\n<p dir=\"ltr\">C\u2019est une lune de <strong>transmutation vibratoire<\/strong>, qui permet de <strong>fusionner l\u2019esprit et la mati\u00e8re<\/strong>.<br \/>\n\u2728 <em>Id\u00e9ale si vous souhaitez relier la fusion \u00e0 la puissance de transformation consciente.<\/em><\/p>\n<p>&nbsp;<\/p>\n","protected":false},"excerpt":{"rendered":"<p>ENSEIGNEMENT-SOIN n\u00b027 du HAUT PLAN DIVIN Entrez Dans l&rsquo;Energie De Fusion Enseignement de 80 minutes avec 1 Puissant Soin Int\u00e9gr\u00e9 avec Musique \u00e0 432 Hz &nbsp; Pr\u00e9vente 47\u20ac au lieu de 160\u20ac Le 21 octobre le tarif passera \u00e0 160\u20ac &nbsp; Le temps de la s\u00e9paration s\u2019ach\u00e8ve. L\u2019appel de la Fusion se fait entendre dans [&hellip;]<\/p>\n","protected":false},"featured_media":4885,"template":"","meta":[],"product_brand":[],"product_cat":[20],"product_tag":[],"class_list":{"0":"post-4880","1":"product","2":"type-product","3":"status-publish","4":"has-post-thumbnail","6":"product_cat-enseignement-de-michael","8":"first","9":"instock","10":"sale","11":"downloadable","12":"shipping-taxable","13":"purchasable","14":"product-type-simple"},"_links":{"self":[{"href":"https:\/\/enseignementdemichael.fr\/index.php\/wp-json\/wp\/v2\/product\/4880","targetHints":{"allow":["GET"]}}],"collection":[{"href":"https:\/\/enseignementdemichael.fr\/index.php\/wp-json\/wp\/v2\/product"}],"about":[{"href":"https:\/\/enseignementdemichael.fr\/index.php\/wp-json\/wp\/v2\/types\/product"}],"wp:featuredmedia":[{"embeddable":true,"href":"https:\/\/enseignementdemichael.fr\/index.php\/wp-json\/wp\/v2\/media\/4885"}],"wp:attachment":[{"href":"https:\/\/enseignementdemichael.fr\/index.php\/wp-json\/wp\/v2\/media?parent=4880"}],"wp:term":[{"taxonomy":"product_brand","embeddable":true,"href":"https:\/\/enseignementdemichael.fr\/index.php\/wp-json\/wp\/v2\/product_brand?post=4880"},{"taxonomy":"product_cat","embeddable":true,"href":"https:\/\/enseignementdemichael.fr\/index.php\/wp-json\/wp\/v2\/product_cat?post=4880"},{"taxonomy":"product_tag","embeddable":true,"href":"https:\/\/enseignementdemichael.fr\/index.php\/wp-json\/wp\/v2\/product_tag?post=4880"}],"curies":[{"name":"wp","href":"https:\/\/api.w.org\/{rel}","templated":true}]}}