{"id":4672,"date":"2025-09-26T14:46:30","date_gmt":"2025-09-26T12:46:30","guid":{"rendered":"https:\/\/enseignementdemichael.fr\/?post_type=product&#038;p=4672"},"modified":"2025-09-26T14:48:10","modified_gmt":"2025-09-26T12:48:10","slug":"heures-miroir-quessayent-ils-de-vous-dire","status":"publish","type":"product","link":"https:\/\/enseignementdemichael.fr\/index.php\/produit\/heures-miroir-quessayent-ils-de-vous-dire\/","title":{"rendered":"HEURES MIROIR : QU&rsquo;ESSAYENT-ILS DE VOUS DIRE ?"},"content":{"rendered":"<p>&nbsp;<\/p>\n<p>Voyez-vous souvent des heures-miroir ?<\/p>\n<p>Si vous n&rsquo;\u00eates pas s\u00fbr \u00e0 ce sujet, nous sommes ici pour clarifier ce qu&rsquo;elles sont.<\/p>\n<p>01h01, 09h09, 16h16, 21h12, 13h31, 22h22\u2026tous sont des exemples d&rsquo;heures miroirs.<\/p>\n<p>Il est crucial de les comprendre, d\u2019en savoir un minimum sur leur signification, et de savoir interpr\u00e9ter leur sens profond.<\/p>\n<p>&#8211; Qu&rsquo;est-ce que cela signifie ?<\/p>\n<p>-Qui pense \u00e0 moi ?<\/p>\n<p>-Est-ce bien ou mal ?<\/p>\n<p>-La d\u00e9cision que je vais prendre est-elle favorable ?<\/p>\n<p>-Quelle opportunit\u00e9 se dirige vers moi ?<\/p>\n<p>-Devez-vous faire un v\u0153u ?<\/p>\n<p>-Qu\u2019est-ce que mon subconscient m\u2019indique ?<\/p>\n<p>-Quel message m\u2019envoie l\u2019Univers ?<\/p>\n<p>-Est-ce que je suis sur la bonne voie?<\/p>\n<p>-Est-ce que mon ange gardien m\u2019avertit d\u2019une difficult\u00e9 ?<\/p>\n<p>-Suis-je dans mon chemin de gu\u00e9rison?<\/p>\n<p>Chaque nombre a une vibration sp\u00e9cifique et lorsqu&rsquo;ils se rejoignent, ils forment un code important.<\/p>\n<p>Le d\u00e9chiffrer peut \u00eatre salvateur, suivant votre situation, et les \u00e9v\u00e8nements pr\u00e9sents que vous traversez, les projets que vous voulez mener \u00e0 bien.<\/p>\n<p>Cela s\u2019applique \u00e0 votre espace amoureux, \u00e0 vos ambitions professionnelles, \u00e0 la sph\u00e8re familiale et amicale, \u00e0 votre leadership, \u00e0 votre sant\u00e9 et \u00e0 votre r\u00e9ussite.<\/p>\n<p>Si vous avez en ce moment m\u00eame une interrogation urgente, vous pourriez bien y trouver la r\u00e9ponse!<\/p>\n<p>Voici un dossier complet de 12 pages \u00e0 t\u00e9l\u00e9charger pour vous permettre d\u2019y voir plus clair, et d\u2019aller y puiser les significations, dans chaque aspect de votre vie, des messages cod\u00e9s que vous recevez personnellement par les heures miroir.<\/p>\n<p>+ Bonus Audio exclusif en Mp3 \u00e0 t\u00e9l\u00e9charger : Hypnose Th\u00e9rapeutique de Num\u00e9ration Sacr\u00e9e. 33 minutes, avec ou sans musique<\/p>\n<p>&nbsp;<\/p>\n<p>Vous m\u00e9ritez le meilleur.<\/p>\n<p>&nbsp;<\/p>\n","protected":false},"excerpt":{"rendered":"<p>&nbsp; Voyez-vous souvent des heures-miroir ? Si vous n&rsquo;\u00eates pas s\u00fbr \u00e0 ce sujet, nous sommes ici pour clarifier ce qu&rsquo;elles sont. 01h01, 09h09, 16h16, 21h12, 13h31, 22h22\u2026tous sont des exemples d&rsquo;heures miroirs. Il est crucial de les comprendre, d\u2019en savoir un minimum sur leur signification, et de savoir interpr\u00e9ter leur sens profond. &#8211; Qu&rsquo;est-ce [&hellip;]<\/p>\n","protected":false},"featured_media":4673,"template":"","meta":[],"product_brand":[],"product_cat":[21],"product_tag":[],"class_list":{"0":"post-4672","1":"product","2":"type-product","3":"status-publish","4":"has-post-thumbnail","6":"product_cat-seance","8":"first","9":"instock","10":"downloadable","11":"shipping-taxable","12":"purchasable","13":"product-type-simple"},"_links":{"self":[{"href":"https:\/\/enseignementdemichael.fr\/index.php\/wp-json\/wp\/v2\/product\/4672","targetHints":{"allow":["GET"]}}],"collection":[{"href":"https:\/\/enseignementdemichael.fr\/index.php\/wp-json\/wp\/v2\/product"}],"about":[{"href":"https:\/\/enseignementdemichael.fr\/index.php\/wp-json\/wp\/v2\/types\/product"}],"wp:featuredmedia":[{"embeddable":true,"href":"https:\/\/enseignementdemichael.fr\/index.php\/wp-json\/wp\/v2\/media\/4673"}],"wp:attachment":[{"href":"https:\/\/enseignementdemichael.fr\/index.php\/wp-json\/wp\/v2\/media?parent=4672"}],"wp:term":[{"taxonomy":"product_brand","embeddable":true,"href":"https:\/\/enseignementdemichael.fr\/index.php\/wp-json\/wp\/v2\/product_brand?post=4672"},{"taxonomy":"product_cat","embeddable":true,"href":"https:\/\/enseignementdemichael.fr\/index.php\/wp-json\/wp\/v2\/product_cat?post=4672"},{"taxonomy":"product_tag","embeddable":true,"href":"https:\/\/enseignementdemichael.fr\/index.php\/wp-json\/wp\/v2\/product_tag?post=4672"}],"curies":[{"name":"wp","href":"https:\/\/api.w.org\/{rel}","templated":true}]}}