{"id":3601,"date":"2025-03-05T09:49:14","date_gmt":"2025-03-05T08:49:14","guid":{"rendered":"https:\/\/enseignementdemichael.fr\/?post_type=product&#038;p=3601"},"modified":"2025-03-17T20:19:07","modified_gmt":"2025-03-17T19:19:07","slug":"enseignement-de-michael-xxiv-n24-reconnexion-a-votre-multidimensionnalite","status":"publish","type":"product","link":"https:\/\/enseignementdemichael.fr\/index.php\/produit\/enseignement-de-michael-xxiv-n24-reconnexion-a-votre-multidimensionnalite\/","title":{"rendered":"ENSEIGNEMENT DE MICHAEL XXIV n\u00b024 RECONNEXION A VOTRE MULTIDIMENSIONNALITE"},"content":{"rendered":"<p>Nous vivons une p\u00e9riode o\u00f9 les \u00e9nergies de la Terre s&rsquo;acc\u00e9l\u00e8rent, et ceux qui ne suivent pas cette mont\u00e9e vibratoire risquent de se sentir d\u00e9salign\u00e9s, perdus ou d\u00e9pass\u00e9s.<\/p>\n<p>Votre reconnexion n&rsquo;est plus un luxe, c&rsquo;est une n\u00e9cessit\u00e9 !<br \/>\n\ud83d\udc49 Plus vous vous reconnectez maintenant, plus vous pourrez manifester une r\u00e9alit\u00e9 align\u00e9e avec votre mission d&rsquo;\u00e2me.<br \/>\n\ud83d\udc49 Plus vous \u00e9levez votre vibration, plus vous devenez un pilier de lumi\u00e8re pour l&rsquo;ascension collective.<br \/>\n\ud83d\udc49 Plus vous vous harmonisez avec votre \u00eatre multidimensionnel, plus votre vie devient fluide, guid\u00e9e et remplie de synchronicit\u00e9s.<\/p>\n<p>Cet enseignement-soin est un raccourci vers cette transformation. Plut\u00f4t que d&rsquo;essayer seul(e) sans savoir si vous \u00eates sur la bonne voie, vous b\u00e9n\u00e9ficiez d&rsquo;une guidance pr\u00e9cise et d&rsquo;une activation \u00e9nerg\u00e9tique profonde.<\/p>\n<p>Un enseignement initiatique et une cl\u00e9 vibratoire<\/p>\n<p>Ce programme n&rsquo;est pas un simple enseignement spirituel. C&rsquo;est un portail vibratoire qui va :<br \/>\n\u2728 R\u00e9veiller vos m\u00e9moires ancestrales et multidimensionnelles.<br \/>\n\u2728 Activer votre capacit\u00e9 \u00e0 percevoir les r\u00e9alit\u00e9s subtiles.<br \/>\n\u2728 Lib\u00e9rer les blocages \u00e9nerg\u00e9tiques qui emp\u00eachent votre pleine expansion.<br \/>\n\u2728 Vous aligner avec les nouvelles fr\u00e9quences de la Terre et de la 5D.<\/p>\n<p>\ud83d\udc8e Avec cet enseignement-soin, vous recevrez : \u2714<\/p>\n<p>Une transmission \u00e9nerg\u00e9tique puissante qui va restructurer votre champ vibratoire. \u2714<\/p>\n<p>Des outils pratiques que vous pourrez appliquer imm\u00e9diatement pour renforcer votre connexion. \u2714<\/p>\n<p>Une harmonisation qui va ouvrir progressivement votre conscience \u00e0 votre vraie nature multidimensionnelle.<\/p>\n<p>&#8211; Audio \u00e0 t\u00e9l\u00e9charger en MP3 avec musique des hautes Sph\u00e8res \u00e0 432 Hz<br \/>\n&#8211; ou sans musique, au choix.<br \/>\n&#8211; Enseignement-Soin de 64 minutes \u00e0 \u00e9couter id\u00e9alement 7 jours cons\u00e9cutifs<br \/>\n&#8211; En bonus gratuit 1 soin quantique collectif d&rsquo;expansion<\/p>\n","protected":false},"excerpt":{"rendered":"<p>Nous vivons une p\u00e9riode o\u00f9 les \u00e9nergies de la Terre s&rsquo;acc\u00e9l\u00e8rent, et ceux qui ne suivent pas cette mont\u00e9e vibratoire risquent de se sentir d\u00e9salign\u00e9s, perdus ou d\u00e9pass\u00e9s. Votre reconnexion n&rsquo;est plus un luxe, c&rsquo;est une n\u00e9cessit\u00e9 ! \ud83d\udc49 Plus vous vous reconnectez maintenant, plus vous pourrez manifester une r\u00e9alit\u00e9 align\u00e9e avec votre mission d&rsquo;\u00e2me. [&hellip;]<\/p>\n","protected":false},"featured_media":1997,"template":"","meta":[],"product_brand":[],"product_cat":[20],"product_tag":[],"class_list":{"0":"post-3601","1":"product","2":"type-product","3":"status-publish","4":"has-post-thumbnail","6":"product_cat-enseignement-de-michael","8":"first","9":"instock","10":"downloadable","11":"shipping-taxable","12":"purchasable","13":"product-type-simple"},"_links":{"self":[{"href":"https:\/\/enseignementdemichael.fr\/index.php\/wp-json\/wp\/v2\/product\/3601","targetHints":{"allow":["GET"]}}],"collection":[{"href":"https:\/\/enseignementdemichael.fr\/index.php\/wp-json\/wp\/v2\/product"}],"about":[{"href":"https:\/\/enseignementdemichael.fr\/index.php\/wp-json\/wp\/v2\/types\/product"}],"wp:featuredmedia":[{"embeddable":true,"href":"https:\/\/enseignementdemichael.fr\/index.php\/wp-json\/wp\/v2\/media\/1997"}],"wp:attachment":[{"href":"https:\/\/enseignementdemichael.fr\/index.php\/wp-json\/wp\/v2\/media?parent=3601"}],"wp:term":[{"taxonomy":"product_brand","embeddable":true,"href":"https:\/\/enseignementdemichael.fr\/index.php\/wp-json\/wp\/v2\/product_brand?post=3601"},{"taxonomy":"product_cat","embeddable":true,"href":"https:\/\/enseignementdemichael.fr\/index.php\/wp-json\/wp\/v2\/product_cat?post=3601"},{"taxonomy":"product_tag","embeddable":true,"href":"https:\/\/enseignementdemichael.fr\/index.php\/wp-json\/wp\/v2\/product_tag?post=3601"}],"curies":[{"name":"wp","href":"https:\/\/api.w.org\/{rel}","templated":true}]}}