{"id":3195,"date":"2024-12-04T14:27:53","date_gmt":"2024-12-04T13:27:53","guid":{"rendered":"https:\/\/crea.enseignementdemichael.fr\/?post_type=product&#038;p=3195"},"modified":"2025-02-10T09:04:53","modified_gmt":"2025-02-10T08:04:53","slug":"enseignement-nxxii-22-secrets-et-pouvoir-des-maitres-ascensionnes","status":"publish","type":"product","link":"https:\/\/enseignementdemichael.fr\/index.php\/produit\/enseignement-nxxii-22-secrets-et-pouvoir-des-maitres-ascensionnes\/","title":{"rendered":"ENSEIGNEMENT N\u00b0XXII (22) SECRETS ET POUVOIR DES MAITRES ASCENSIONNES"},"content":{"rendered":"<div data-olk-copy-source=\"MessageBody\"><\/div>\n<div data-olk-copy-source=\"MessageBody\">Les ma\u00eetres \u00e0 la rescousse!<\/div>\n<div>\n<div class=\"x_gmail_signature\" dir=\"ltr\" data-smartmail=\"gmail_signature\">\n<div dir=\"ltr\">\n<div dir=\"ltr\">\n<div dir=\"ltr\">\n<div dir=\"ltr\">\n<div dir=\"ltr\">\n<div dir=\"ltr\">\n<div dir=\"ltr\">\n<div dir=\"ltr\">\n<div dir=\"ltr\">\n<div dir=\"ltr\">\n<div dir=\"ltr\">\n<div dir=\"ltr\">\n<div dir=\"ltr\">\n<div dir=\"ltr\">\n<div dir=\"ltr\">\n<div dir=\"ltr\">\n<div dir=\"ltr\">\n<div dir=\"ltr\">\n<div dir=\"ltr\">\n<div dir=\"ltr\">\n<div dir=\"ltr\">\n<div dir=\"ltr\">\n<div dir=\"ltr\">\n<div dir=\"ltr\">\n<div dir=\"ltr\">\n<div dir=\"ltr\">\n<div dir=\"ltr\">\n<div dir=\"ltr\">\n<div dir=\"ltr\">\n<div dir=\"ltr\">\n<div dir=\"ltr\">\n<div dir=\"ltr\">\n<div dir=\"ltr\">\n<div dir=\"ltr\">\n<div dir=\"ltr\">\n<div dir=\"ltr\">\n<div dir=\"ltr\">\n<div dir=\"ltr\">\n<div dir=\"ltr\">\n<div dir=\"ltr\">\n<div dir=\"ltr\">\n<div dir=\"ltr\">\n<div dir=\"ltr\">\n<div dir=\"ltr\">\n<div dir=\"ltr\">\n<div dir=\"ltr\">\n<div dir=\"ltr\">\n<div dir=\"ltr\">\n<div dir=\"ltr\">\n<div dir=\"ltr\">\n<div dir=\"ltr\">\n<div dir=\"ltr\">\n<div dir=\"ltr\">\n<div dir=\"ltr\">\n<div dir=\"ltr\">\n<div dir=\"ltr\">\n<div dir=\"ltr\">\n<div dir=\"ltr\">\n<div dir=\"ltr\">\n<div dir=\"ltr\">\n<div dir=\"ltr\">\n<div dir=\"ltr\">\n<div dir=\"ltr\">\n<div dir=\"ltr\">\n<div dir=\"ltr\">\n<div dir=\"ltr\">\n<div dir=\"ltr\">\n<div dir=\"ltr\">\n<div dir=\"ltr\">\n<div dir=\"ltr\">\n<div dir=\"ltr\">\n<div dir=\"ltr\">\n<div dir=\"ltr\">\n<div dir=\"ltr\">\n<div dir=\"ltr\">\n<div dir=\"ltr\">\n<div dir=\"ltr\">\n<div dir=\"ltr\">\n<div dir=\"ltr\">\n<div dir=\"ltr\">\n<div dir=\"ltr\">\n<div dir=\"ltr\">\n<div dir=\"ltr\">\n<div dir=\"ltr\">\n<div dir=\"ltr\">\n<div dir=\"ltr\">\n<div dir=\"ltr\">\n<div dir=\"ltr\">\n<div dir=\"ltr\">\n<div dir=\"ltr\">\n<div dir=\"ltr\">\n<div dir=\"ltr\">\n<div dir=\"ltr\">\n<div dir=\"ltr\">\n<div dir=\"ltr\">\n<div dir=\"ltr\">\n<div dir=\"ltr\">\n<div dir=\"ltr\">\n<div dir=\"ltr\">\n<div dir=\"ltr\">\n<div dir=\"ltr\">\n<div dir=\"ltr\">\n<div dir=\"ltr\">\n<div dir=\"ltr\">\n<div dir=\"ltr\">\n<div dir=\"ltr\">\n<div dir=\"ltr\">\n<div dir=\"ltr\">\n<div dir=\"ltr\">\n<div dir=\"ltr\">\n<div dir=\"ltr\">\n<div dir=\"ltr\">\n<div dir=\"ltr\">\n<div dir=\"ltr\">\n<div dir=\"ltr\">\n<div dir=\"ltr\">\n<div dir=\"ltr\">\n<div dir=\"ltr\">\n<div dir=\"ltr\">\n<div dir=\"ltr\">\n<div dir=\"ltr\">\n<div dir=\"ltr\">\n<div dir=\"ltr\">\n<div dir=\"ltr\">\n<div dir=\"ltr\">\n<div dir=\"ltr\">\n<div dir=\"ltr\">\n<div dir=\"ltr\">\n<div dir=\"ltr\">\n<div dir=\"ltr\">\n<div dir=\"ltr\">\n<div dir=\"ltr\">\n<div dir=\"ltr\">\n<div dir=\"ltr\">\n<div dir=\"ltr\">\n<div dir=\"ltr\">\n<div dir=\"ltr\">\n<div dir=\"ltr\">\n<div dir=\"ltr\">\n<div dir=\"ltr\">\n<div dir=\"ltr\">\n<div dir=\"ltr\">\n<div dir=\"ltr\">\n<div dir=\"ltr\">\n<div dir=\"ltr\">\n<div dir=\"ltr\">\n<div dir=\"ltr\">\n<div dir=\"ltr\">\n<div dir=\"ltr\">\n<div dir=\"ltr\">\n<div dir=\"ltr\">\n<div dir=\"ltr\">\n<div dir=\"ltr\">\n<div dir=\"ltr\">\n<div dir=\"ltr\">\n<div dir=\"ltr\">\n<div class=\"x_gmail-flex x_gmail-max-w-full x_gmail-flex-col x_gmail-flex-grow\">\n<div class=\"x_gmail-min-h-8 x_gmail-text-message x_gmail-flex x_gmail-w-full x_gmail-flex-col x_gmail-items-end x_gmail-gap-2 x_gmail-whitespace-normal x_gmail-break-words x_gmail-[.text-message+&amp;]:mt-5\" dir=\"auto\">\n<div class=\"x_gmail-flex x_gmail-w-full x_gmail-flex-col x_gmail-gap-1 x_empty:hidden x_gmail-first:pt-[3px]\">\n<div class=\"x_gmail-markdown x_gmail-prose x_gmail-w-full x_gmail-break-words x_gmail-dark:prose-invert x_gmail-dark\">\n<p>Avez-vous d\u00e9j\u00e0 ressenti que certains obstacles se r\u00e9p\u00e8tent inlassablement dans votre vie ?<\/p>\n<p>Des sch\u00e9mas de souffrance, de manque, ou de solitude qui semblent revenir, malgr\u00e9 vos efforts pour les surmonter ?<\/p>\n<p>C&rsquo;est souvent parce que nous n\u00e9gligeons une ressource pr\u00e9cieuse : <strong>l&rsquo;aide des Ma\u00eetres Ascensionn\u00e9s<\/strong>.<\/p>\n<p>Ces \u00eatres de lumi\u00e8re, guides divins au service de l&rsquo;humanit\u00e9, d\u00e9tiennent les cl\u00e9s pour transformer nos blocages en opportunit\u00e9s d&rsquo;\u00e9volution.<\/p>\n<p>Aujourd&rsquo;hui, j&rsquo;ai le plaisir de vous pr\u00e9senter mon tout nouvel enseignement audio : <strong>\u00ab\u00a0Secrets et pouvoir des Ma\u00eetres Ascensionn\u00e9s\u00a0\u00bb<\/strong>, l&rsquo;enseignement n\u00b0XXII de la hi\u00e9rarchie de l&rsquo;Archange Micha\u00ebl. Pendant 77<strong>\u00a0minutes<\/strong>, je partage avec vous :<\/p>\n<ul>\n<li>Qui sont ces Ma\u00eetres lumineux, et pourquoi leur influence peut changer votre vie.<\/li>\n<li>Comment travailler avec eux de mani\u00e8re pratique pour recevoir leur guidance et leur puissance.<\/li>\n<li>Les nombreux <strong>b\u00e9n\u00e9fices<\/strong> d&rsquo;une connexion profonde avec eux : paix int\u00e9rieure, abondance, gu\u00e9rison, alignement spirituel, et bien plus encore.<\/li>\n<li>La bonne nouvelle, c\u2019est qu\u2019avec eux, <strong>tout devient plus clair, plus fluide, et infiniment plus lumineux.<\/strong><\/li>\n<\/ul>\n<h3><\/h3>\n<h3><strong>Pourquoi attendre ? Transformez votre vie d\u00e8s aujourd&rsquo;hui.<\/strong><\/h3>\n<p>Vous n\u2019avez rien \u00e0 perdre, mais tout \u00e0 gagner : s\u00e9r\u00e9nit\u00e9, guidance divine, et le soutien des Ma\u00eetres Ascensionn\u00e9s pour avancer avec confiance dans votre vie.<\/p>\n<p><strong>Les Ma\u00eetres Ascensionn\u00e9s vous attendent pour vous transmettre leurs b\u00e9n\u00e9dictions.<\/strong> Commencez cette transformation d\u00e8s aujourd&rsquo;hui !<\/p>\n<p>&nbsp;<\/p>\n<\/div>\n<\/div>\n<\/div>\n<\/div>\n<\/div>\n<\/div>\n<\/div>\n<\/div>\n<\/div>\n<\/div>\n<\/div>\n<\/div>\n<\/div>\n<\/div>\n<\/div>\n<\/div>\n<\/div>\n<\/div>\n<\/div>\n<\/div>\n<\/div>\n<\/div>\n<\/div>\n<\/div>\n<\/div>\n<\/div>\n<\/div>\n<\/div>\n<\/div>\n<\/div>\n<\/div>\n<\/div>\n<\/div>\n<\/div>\n<\/div>\n<\/div>\n<\/div>\n<\/div>\n<\/div>\n<\/div>\n<\/div>\n<\/div>\n<\/div>\n<\/div>\n<\/div>\n<\/div>\n<\/div>\n<\/div>\n<\/div>\n<\/div>\n<\/div>\n<\/div>\n<\/div>\n<\/div>\n<\/div>\n<\/div>\n<\/div>\n<\/div>\n<\/div>\n<\/div>\n<\/div>\n<\/div>\n<\/div>\n<\/div>\n<\/div>\n<\/div>\n<\/div>\n<\/div>\n<\/div>\n<\/div>\n<\/div>\n<\/div>\n<\/div>\n<\/div>\n<\/div>\n<\/div>\n<\/div>\n<\/div>\n<\/div>\n<\/div>\n<\/div>\n<\/div>\n<\/div>\n<\/div>\n<\/div>\n<\/div>\n<\/div>\n<\/div>\n<\/div>\n<\/div>\n<\/div>\n<\/div>\n<\/div>\n<\/div>\n<\/div>\n<\/div>\n<\/div>\n<\/div>\n<\/div>\n<\/div>\n<\/div>\n<\/div>\n<\/div>\n<\/div>\n<\/div>\n<\/div>\n<\/div>\n<\/div>\n<\/div>\n<\/div>\n<\/div>\n<\/div>\n<\/div>\n<\/div>\n<\/div>\n<\/div>\n<\/div>\n<\/div>\n<\/div>\n<\/div>\n<\/div>\n<\/div>\n<\/div>\n<\/div>\n<\/div>\n<\/div>\n<\/div>\n<\/div>\n<\/div>\n<\/div>\n<\/div>\n<\/div>\n<\/div>\n<\/div>\n<\/div>\n<\/div>\n<\/div>\n<\/div>\n<\/div>\n<\/div>\n<\/div>\n<\/div>\n<\/div>\n<\/div>\n<\/div>\n<\/div>\n<\/div>\n<\/div>\n<\/div>\n<\/div>\n<\/div>\n<\/div>\n<\/div>\n<\/div>\n<\/div>\n<\/div>\n<\/div>\n<\/div>\n<\/div>\n<\/div>\n<\/div>\n<\/div>\n","protected":false},"excerpt":{"rendered":"<p>Les ma\u00eetres \u00e0 la rescousse! Avez-vous d\u00e9j\u00e0 ressenti que certains obstacles se r\u00e9p\u00e8tent inlassablement dans votre vie ? Des sch\u00e9mas de souffrance, de manque, ou de solitude qui semblent revenir, malgr\u00e9 vos efforts pour les surmonter ? C&rsquo;est souvent parce que nous n\u00e9gligeons une ressource pr\u00e9cieuse : l&rsquo;aide des Ma\u00eetres Ascensionn\u00e9s. Ces \u00eatres de lumi\u00e8re, [&hellip;]<\/p>\n","protected":false},"featured_media":1997,"template":"","meta":[],"product_brand":[],"product_cat":[20],"product_tag":[],"class_list":{"0":"post-3195","1":"product","2":"type-product","3":"status-publish","4":"has-post-thumbnail","6":"product_cat-enseignement-de-michael","8":"first","9":"instock","10":"downloadable","11":"shipping-taxable","12":"purchasable","13":"product-type-simple"},"_links":{"self":[{"href":"https:\/\/enseignementdemichael.fr\/index.php\/wp-json\/wp\/v2\/product\/3195","targetHints":{"allow":["GET"]}}],"collection":[{"href":"https:\/\/enseignementdemichael.fr\/index.php\/wp-json\/wp\/v2\/product"}],"about":[{"href":"https:\/\/enseignementdemichael.fr\/index.php\/wp-json\/wp\/v2\/types\/product"}],"wp:featuredmedia":[{"embeddable":true,"href":"https:\/\/enseignementdemichael.fr\/index.php\/wp-json\/wp\/v2\/media\/1997"}],"wp:attachment":[{"href":"https:\/\/enseignementdemichael.fr\/index.php\/wp-json\/wp\/v2\/media?parent=3195"}],"wp:term":[{"taxonomy":"product_brand","embeddable":true,"href":"https:\/\/enseignementdemichael.fr\/index.php\/wp-json\/wp\/v2\/product_brand?post=3195"},{"taxonomy":"product_cat","embeddable":true,"href":"https:\/\/enseignementdemichael.fr\/index.php\/wp-json\/wp\/v2\/product_cat?post=3195"},{"taxonomy":"product_tag","embeddable":true,"href":"https:\/\/enseignementdemichael.fr\/index.php\/wp-json\/wp\/v2\/product_tag?post=3195"}],"curies":[{"name":"wp","href":"https:\/\/api.w.org\/{rel}","templated":true}]}}