{"id":3095,"date":"2024-12-03T14:59:19","date_gmt":"2024-12-03T13:59:19","guid":{"rendered":"https:\/\/crea.enseignementdemichael.fr\/?post_type=product&#038;p=3095"},"modified":"2025-02-10T09:04:05","modified_gmt":"2025-02-10T08:04:05","slug":"hypnose-dalignement-spirituel-a-labondance","status":"publish","type":"product","link":"https:\/\/enseignementdemichael.fr\/index.php\/produit\/hypnose-dalignement-spirituel-a-labondance\/","title":{"rendered":"HYPNOSE D&rsquo;ALIGNEMENT SPIRITUEL A L&rsquo;ABONDANCE\u00a0"},"content":{"rendered":"<div data-olk-copy-source=\"MessageBody\">Voici un protocole audio de 53 minutes \u00e0 avoir absolument.<\/div>\n<div>\u00a0 D\u00e9couvrez l\u2019Hypnose Spirituelle pour Attirer l\u2019Abondance \ud83c\udf1f<\/div>\n<div>\n<p>Avez-vous parfois l\u2019impression que l\u2019abondance vous \u00e9chappe, malgr\u00e9 vos efforts ?<br \/>\nVous n\u2019\u00eates pas seul.<\/p>\n<p>Beaucoup de personnes se heurtent \u00e0 des blocages invisibles qui freinent la manifestation de leur prosp\u00e9rit\u00e9.<\/p>\n<p>Avec le puissant protocole audio <strong>\u00ab\u00a0Hypnose spirituelle pour attirer l&rsquo;abondance\u00a0\u00bb<\/strong>, vous allez pouvoir activer une transformation int\u00e9rieure puissante pour ouvrir les portes de la prosp\u00e9rit\u00e9.<\/p>\n<h3>\ud83c\udfaf <strong>Ce qui peut arriver si vous ne passez pas \u00e0 l\u2019action :<\/strong><\/h3>\n<ol>\n<li><strong>Vos blocages inconscients resteront intacts<\/strong>, vous emp\u00eachant de recevoir ce que l\u2019univers a \u00e0 vous offrir.<\/li>\n<li><strong>Le stress financier pourrait persister<\/strong>, alimentant vos peurs, vos inqui\u00e9tudes et vos doutes face \u00e0 l\u2019avenir.<\/li>\n<li><strong>Les opportunit\u00e9s risquent de passer inaper\u00e7ues<\/strong>, car votre esprit et votre \u00e9nergie ne seront pas align\u00e9s avec l\u2019\u00e9nergie positive d&rsquo;abondance.<\/li>\n<\/ol>\n<p>Mais tout cela peut changer d\u00e8s aujourd\u2019hui.<\/p>\n<h3>\ud83c\udf1f <strong>Voici 6 bienfaits imm\u00e9diats que vous recevrez en \u00e9coutant cet audio :<\/strong><\/h3>\n<ol>\n<li><strong>Nettoyage \u00e9nerg\u00e9tique<\/strong> : Lib\u00e9rez les peurs et les croyances limitantes autour de l\u2019argent et de l\u2019abondance infinie qui existe.<\/li>\n<li><strong>Connexion spirituelle<\/strong> : Recevez les \u00e9nergies bienveillantes de l\u2019univers et de l\u2019Archange Rapha\u00ebl pour gu\u00e9rir vos blessures li\u00e9es \u00e0 l\u2019ins\u00e9curit\u00e9 financi\u00e8re.<\/li>\n<li><strong>\u00c9l\u00e9vation vibratoire<\/strong> : Alignez votre esprit et votre c\u0153ur avec une fr\u00e9quence de prosp\u00e9rit\u00e9 et de divine providence.<\/li>\n<li><strong>Manifestation puissante<\/strong> : Attirez des opportunit\u00e9s, des ressources et des solutions inattendues pour vos besoins mat\u00e9riels pour vous et vos proches.<\/li>\n<li><strong>Paix int\u00e9rieure<\/strong> : Installez un sentiment profond de s\u00e9r\u00e9nit\u00e9 et de confiance face \u00e0 l\u2019avenir.<\/li>\n<li><strong>Ancrage dans l\u2019abondance<\/strong>\u00a0<b>positive<\/b>: Harmonisez vos pens\u00e9es et votre \u00e9nergie pour attirer une abondance durable et harmonieuse.<\/li>\n<\/ol>\n<h3>\ud83d\udca1 <strong>Un pas simple pour une transformation puissante<\/strong><\/h3>\n<p>Cet audio a \u00e9t\u00e9 con\u00e7u pour agir en profondeur, en seulement quelques minutes par jour. Vous m\u00e9ritez de vivre une vie abondante, en paix et align\u00e9e avec votre essence spirituelle.<\/p>\n<p>\ud83d\udc49\u00a053 minutes de protocole quantique transfigurateur, avec musique archang\u00e9lique \u00e0 432 Hz\u00a0 \u00a0 \u00a0 \u00a0 \u00a0 \u00a0(fr\u00e9quence des hautes sph\u00e8res) ou sans musique, au choix!<\/p>\n<p>Ne laissez pas vos blocages vous freiner plus longtemps.<\/p>\n<p>Offrez-vous cette opportunit\u00e9 d\u2019alignement aux hautes fr\u00e9quences de prosp\u00e9rit\u00e9.<\/p>\n<\/div>\n","protected":false},"excerpt":{"rendered":"<p>Voici un protocole audio de 53 minutes \u00e0 avoir absolument. \u00a0 D\u00e9couvrez l\u2019Hypnose Spirituelle pour Attirer l\u2019Abondance \ud83c\udf1f Avez-vous parfois l\u2019impression que l\u2019abondance vous \u00e9chappe, malgr\u00e9 vos efforts ? Vous n\u2019\u00eates pas seul. Beaucoup de personnes se heurtent \u00e0 des blocages invisibles qui freinent la manifestation de leur prosp\u00e9rit\u00e9. Avec le puissant protocole audio \u00ab\u00a0Hypnose [&hellip;]<\/p>\n","protected":false},"featured_media":3101,"template":"","meta":[],"product_brand":[],"product_cat":[19],"product_tag":[],"class_list":{"0":"post-3095","1":"product","2":"type-product","3":"status-publish","4":"has-post-thumbnail","6":"product_cat-soin","8":"first","9":"instock","10":"downloadable","11":"shipping-taxable","12":"purchasable","13":"product-type-simple"},"_links":{"self":[{"href":"https:\/\/enseignementdemichael.fr\/index.php\/wp-json\/wp\/v2\/product\/3095","targetHints":{"allow":["GET"]}}],"collection":[{"href":"https:\/\/enseignementdemichael.fr\/index.php\/wp-json\/wp\/v2\/product"}],"about":[{"href":"https:\/\/enseignementdemichael.fr\/index.php\/wp-json\/wp\/v2\/types\/product"}],"wp:featuredmedia":[{"embeddable":true,"href":"https:\/\/enseignementdemichael.fr\/index.php\/wp-json\/wp\/v2\/media\/3101"}],"wp:attachment":[{"href":"https:\/\/enseignementdemichael.fr\/index.php\/wp-json\/wp\/v2\/media?parent=3095"}],"wp:term":[{"taxonomy":"product_brand","embeddable":true,"href":"https:\/\/enseignementdemichael.fr\/index.php\/wp-json\/wp\/v2\/product_brand?post=3095"},{"taxonomy":"product_cat","embeddable":true,"href":"https:\/\/enseignementdemichael.fr\/index.php\/wp-json\/wp\/v2\/product_cat?post=3095"},{"taxonomy":"product_tag","embeddable":true,"href":"https:\/\/enseignementdemichael.fr\/index.php\/wp-json\/wp\/v2\/product_tag?post=3095"}],"curies":[{"name":"wp","href":"https:\/\/api.w.org\/{rel}","templated":true}]}}