{"id":2042,"date":"2024-04-15T16:21:37","date_gmt":"2024-04-15T14:21:37","guid":{"rendered":"https:\/\/crea.enseignementdemichael.fr\/?post_type=product&#038;p=2042"},"modified":"2025-09-26T14:52:02","modified_gmt":"2025-09-26T12:52:02","slug":"soin-de-guerison-quantique","status":"publish","type":"product","link":"https:\/\/enseignementdemichael.fr\/index.php\/produit\/soin-de-guerison-quantique\/","title":{"rendered":"SOIN DE GUERISON QUANTIQUE"},"content":{"rendered":"<p class=\"elementor-heading-title elementor-size-default\">Le corps est un syst\u00e8me \u00e9nerg\u00e9tique int\u00e9gr\u00e9. Il offre des perspectives uniques d&rsquo;auto-gu\u00e9rison et d&rsquo;\u00e9volution.<\/p>\n<p>Ce soin quantique est une m\u00e9thode qui consiste \u00e0 changer votre r\u00e9alit\u00e9, en englobant les pens\u00e9es,\u00a0 les \u00e9motions, les m\u00e9moires cellulaires et votre \u00e9nergie vitale.<\/p>\n<p>Gr\u00e2ce \u00e0 votre capacit\u00e9 de perception, votre intuition et votre connexion inn\u00e9e \u00e0 la Conscience Pure de L&rsquo;univers, vous allez amorcer la gu\u00e9rison dans chacun de vos corps.<\/p>\n<p>L&rsquo;Esprit va\u00a0interagir avec la r\u00e9alit\u00e9 quantique afin d&rsquo;influencer votre champ vibratoire et promouvoir un meilleur espace de vie, plus doux, plus apais\u00e9, plus confiant, plus heureux.<\/p>\n<p>Faites confiance \u00e0 votre potentiel de r\u00e9ussite qui ne demande qu&rsquo;\u00e0 \u00eatre r\u00e9v\u00e9l\u00e9 et d\u00e9ploy\u00e9.<\/p>\n<p>S\u00e9ance \u00e0 \u00e9couter sans, ou avec musique ang\u00e9lique 432Hz\u00a0(fr\u00e9quence du bonheur).<\/p>\n<p>&#8211; Bonus Sp\u00e9cial pour les 100 premiers inscrits uniquement (Message Canalis\u00e9 d&rsquo;Isis, Divine M\u00e8re)<\/p>\n<p>-Paiement en 3 fois possible<\/p>\n<p>Avec cette puissante s\u00e9ance audio, \u00e0 t\u00e9l\u00e9charger en MP3, une odyss\u00e9e de lumi\u00e8re de 39 minutes vous attend, c&rsquo;est une belle aventure de gu\u00e9rison que vous vous offrez.<\/p>\n<p>A Vous ne douterez plus jamais que vous \u00eates profond\u00e9ment capable de r\u00e9aliser vos projets, en d\u00e9ployant vos aptitudes \u00e0 r\u00e9ussir avec pers\u00e9v\u00e9rance et une nouvelle d\u00e9termination.<\/p>\n","protected":false},"excerpt":{"rendered":"<h3>SOIN DE GUERISON QUANTIQUE<\/h3>\n","protected":false},"featured_media":1283,"template":"","meta":[],"product_brand":[],"product_cat":[19],"product_tag":[],"class_list":{"0":"post-2042","1":"product","2":"type-product","3":"status-publish","4":"has-post-thumbnail","6":"product_cat-soin","8":"first","9":"instock","10":"downloadable","11":"shipping-taxable","12":"purchasable","13":"product-type-simple"},"_links":{"self":[{"href":"https:\/\/enseignementdemichael.fr\/index.php\/wp-json\/wp\/v2\/product\/2042","targetHints":{"allow":["GET"]}}],"collection":[{"href":"https:\/\/enseignementdemichael.fr\/index.php\/wp-json\/wp\/v2\/product"}],"about":[{"href":"https:\/\/enseignementdemichael.fr\/index.php\/wp-json\/wp\/v2\/types\/product"}],"wp:featuredmedia":[{"embeddable":true,"href":"https:\/\/enseignementdemichael.fr\/index.php\/wp-json\/wp\/v2\/media\/1283"}],"wp:attachment":[{"href":"https:\/\/enseignementdemichael.fr\/index.php\/wp-json\/wp\/v2\/media?parent=2042"}],"wp:term":[{"taxonomy":"product_brand","embeddable":true,"href":"https:\/\/enseignementdemichael.fr\/index.php\/wp-json\/wp\/v2\/product_brand?post=2042"},{"taxonomy":"product_cat","embeddable":true,"href":"https:\/\/enseignementdemichael.fr\/index.php\/wp-json\/wp\/v2\/product_cat?post=2042"},{"taxonomy":"product_tag","embeddable":true,"href":"https:\/\/enseignementdemichael.fr\/index.php\/wp-json\/wp\/v2\/product_tag?post=2042"}],"curies":[{"name":"wp","href":"https:\/\/api.w.org\/{rel}","templated":true}]}}