{"id":2030,"date":"2024-04-15T16:21:16","date_gmt":"2024-04-15T14:21:16","guid":{"rendered":"https:\/\/crea.enseignementdemichael.fr\/?post_type=product&#038;p=2030"},"modified":"2025-09-26T15:07:29","modified_gmt":"2025-09-26T13:07:29","slug":"debloquer-ses-capacites-psychiques-et-facultes-spirituelles","status":"publish","type":"product","link":"https:\/\/enseignementdemichael.fr\/index.php\/produit\/debloquer-ses-capacites-psychiques-et-facultes-spirituelles\/","title":{"rendered":"D\u00c9BLOQUER SES CAPACIT\u00c9S PSYCHIQUES ET FACULT\u00c9S SPIRITUELLES"},"content":{"rendered":"<div><\/div>\n<div><\/div>\n<div>Est-il possible de communiquer avec le plan divin ? Comment cela se fait-il\u00a0?<\/div>\n<p class=\"x_MsoNormal\">Le voile qui s\u00e9pare ce monde du prochain se l\u00e8ve. D\u00e9couvrez une m\u00e9thode fluide d\u2019ouverture \u00e0 la communication spirituelle en d\u00e9bloquant vos dons psychiques.<\/p>\n<p class=\"x_MsoNormal\">Avec l\u2019aide du monde des esprits, fascinant, tout peut \u00eatre r\u00e9solu.<\/p>\n<p class=\"x_MsoNormal\">\u00a0L&rsquo;au-del\u00e0 nous enseigne et nous encourage \u00e0 ouvrir r\u00e9guli\u00e8rement notre canal de communication extra sensorielle avec eux.<\/p>\n<p class=\"x_MsoNormal\">C\u2019est le but de cette s\u00e9ance audio innovante \u00e0 effectuer au moins 7 jours cons\u00e9cutifs.<\/p>\n<p class=\"x_MsoNormal\">Chaque \u00e2me incarn\u00e9e doit conna\u00eetre le temps de sa communion, de son exp\u00e9rience et de sa relation dans la fra\u00eecheur de sa journ\u00e9e avec Dieu, s&rsquo;il veut comprendre Sa voix.<\/p>\n<p class=\"x_MsoNormal\">Ce nouveau proc\u00e9d\u00e9 quantique revigore l\u2019esprit, et rafra\u00eechit vos connexions \u00e9th\u00e9riques, entrez dans un lieu de qui\u00e9tude favorisant immens\u00e9ment le d\u00e9veloppement de vos capacit\u00e9s de communication avec le monde d\u2019en Haut.<\/p>\n<p class=\"x_MsoNormal\">Les 4 archanges majeurs, Saint Michel, Uriel, Rapha\u00ebl et Gabriel vous accompagneront tout au long de la s\u00e9ance de 46 minutes.<\/p>\n<p class=\"x_MsoNormal\">Vous \u00e9l\u00e8verez votre fr\u00e9quence au-dessus de celle du plan terrestre, pour d\u00e9velopper votre communication spirituelle, pour ne plus manquer de directives divines et recevoir enfin clairement diff\u00e9rents messages c\u00e9lestes.<\/p>\n<div>\n<p class=\"x_gmail-x_MsoNormal\">A \u00e9couter avec Musique ang\u00e9lique 432 Hz ou sans musique.<\/p>\n<p class=\"x_gmail-x_MsoNormal\">Paiement en 3 fois possible.<\/p>\n<p class=\"x_gmail-x_MsoNormal\">Je vous en souhaite de grandes\u00a0assistances spirituelles et d&rsquo;\u00e9minents messages divins.<\/p>\n<p class=\"x_gmail-x_MsoNormal\">Osez d\u00e9ployer votre canal de communication et votre guidance.<\/p>\n<\/div>\n","protected":false},"excerpt":{"rendered":"<h3>D\u00c9BLOQUER SES CAPACIT\u00c9S PSYCHIQUES ET FACULT\u00c9S SPIRITUELLES<\/h3>\n","protected":false},"featured_media":1265,"template":"","meta":[],"product_brand":[],"product_cat":[19],"product_tag":[],"class_list":{"0":"post-2030","1":"product","2":"type-product","3":"status-publish","4":"has-post-thumbnail","6":"product_cat-soin","8":"first","9":"instock","10":"downloadable","11":"shipping-taxable","12":"purchasable","13":"product-type-simple"},"_links":{"self":[{"href":"https:\/\/enseignementdemichael.fr\/index.php\/wp-json\/wp\/v2\/product\/2030","targetHints":{"allow":["GET"]}}],"collection":[{"href":"https:\/\/enseignementdemichael.fr\/index.php\/wp-json\/wp\/v2\/product"}],"about":[{"href":"https:\/\/enseignementdemichael.fr\/index.php\/wp-json\/wp\/v2\/types\/product"}],"wp:featuredmedia":[{"embeddable":true,"href":"https:\/\/enseignementdemichael.fr\/index.php\/wp-json\/wp\/v2\/media\/1265"}],"wp:attachment":[{"href":"https:\/\/enseignementdemichael.fr\/index.php\/wp-json\/wp\/v2\/media?parent=2030"}],"wp:term":[{"taxonomy":"product_brand","embeddable":true,"href":"https:\/\/enseignementdemichael.fr\/index.php\/wp-json\/wp\/v2\/product_brand?post=2030"},{"taxonomy":"product_cat","embeddable":true,"href":"https:\/\/enseignementdemichael.fr\/index.php\/wp-json\/wp\/v2\/product_cat?post=2030"},{"taxonomy":"product_tag","embeddable":true,"href":"https:\/\/enseignementdemichael.fr\/index.php\/wp-json\/wp\/v2\/product_tag?post=2030"}],"curies":[{"name":"wp","href":"https:\/\/api.w.org\/{rel}","templated":true}]}}