{"id":2019,"date":"2024-04-15T16:21:14","date_gmt":"2024-04-15T14:21:14","guid":{"rendered":"https:\/\/crea.enseignementdemichael.fr\/?post_type=product&#038;p=2019"},"modified":"2025-09-26T15:05:23","modified_gmt":"2025-09-26T13:05:23","slug":"soin-archangelique-de-pure-lumiere","status":"publish","type":"product","link":"https:\/\/enseignementdemichael.fr\/index.php\/produit\/soin-archangelique-de-pure-lumiere\/","title":{"rendered":"SOIN ARCHANG\u00c9LIQUE DE PURE LUMI\u00c8RE"},"content":{"rendered":"<p>&nbsp;<\/p>\n<p class=\"x_gmail-xmsonormal\">Les archanges sont d&rsquo;excellents alli\u00e9s et ils nous encouragent \u00e0 faire appel \u00e0 eux.<\/p>\n<p class=\"x_gmail-xmsonormal\">Les anges qui les accompagnent sont l\u00e0 pour vous accompagner aussi positivement.<\/p>\n<p class=\"x_gmail-xmsonormal\">Ils sont vraiment tr\u00e8s nombreux\u00a0! Profitez de leur proximit\u00e9.<\/p>\n<p class=\"x_gmail-xmsonormal\">Vous ne d\u00e9rangez pas les archanges lorsque vous demandez leur aide!<\/p>\n<p class=\"x_gmail-xmsonormal\">Ils sont l\u00e0 pour nous soutenir concr\u00e8tement mais ils doivent \u00eatre invit\u00e9s pour pouvoir le faire.<\/p>\n<p class=\"x_gmail-xmsonormal\">Ils sont toujours pr\u00e9sents pour nous \u00e9pauler vraiment et donner des messages, mais ce n&rsquo;est que lorsque nous leur demandons leur aide qu&rsquo;ils sont autoris\u00e9s \u00e0 intervenir dans notre vie.<\/p>\n<p class=\"x_gmail-xmsonormal\">C&rsquo;est un proc\u00e9d\u00e9 quantique majestueux, d\u2019ordre g\u00e9n\u00e9ral, qui conviendra pour toutes les demandes de mieux-\u00eatre physique, professionnel, familial ou financier, autant que d\u2019am\u00e9lioration psycho-\u00e9nerg\u00e9tique.<\/p>\n<p class=\"x_gmail-xmsonormal\">Que vous soyez assis ou allong\u00e9, \u00e9veill\u00e9 ou endormi, les \u00e9nergies archang\u00e9liques feront puissamment en vous et autour de vous leur travail de lumi\u00e8re.<\/p>\n<p class=\"x_gmail-xgmail-xmsonormal\">Pr\u00e9parez-vous \u00e0 26 minutes d\u2019intenses \u00e9nergies, vous pouvez effectuer cette s\u00e9ance archang\u00e9lique de pure illumination pendant 7 jours id\u00e9alement, pour une impr\u00e9gnation maximale de codes divins.<\/p>\n<p class=\"x_gmail-xgmail-xmsonormal\">Pensez \u00e0 bien vous hydrater avant et apr\u00e8s\u00a0!<\/p>\n<p align=\"center\">\n","protected":false},"excerpt":{"rendered":"<h3>SOIN ARCHANG\u00c9LIQUE DE PURE LUMI\u00c8RE<\/h3>\n","protected":false},"featured_media":1275,"template":"","meta":[],"product_brand":[],"product_cat":[19],"product_tag":[],"class_list":{"0":"post-2019","1":"product","2":"type-product","3":"status-publish","4":"has-post-thumbnail","6":"product_cat-soin","8":"first","9":"instock","10":"downloadable","11":"shipping-taxable","12":"purchasable","13":"product-type-simple"},"_links":{"self":[{"href":"https:\/\/enseignementdemichael.fr\/index.php\/wp-json\/wp\/v2\/product\/2019","targetHints":{"allow":["GET"]}}],"collection":[{"href":"https:\/\/enseignementdemichael.fr\/index.php\/wp-json\/wp\/v2\/product"}],"about":[{"href":"https:\/\/enseignementdemichael.fr\/index.php\/wp-json\/wp\/v2\/types\/product"}],"wp:featuredmedia":[{"embeddable":true,"href":"https:\/\/enseignementdemichael.fr\/index.php\/wp-json\/wp\/v2\/media\/1275"}],"wp:attachment":[{"href":"https:\/\/enseignementdemichael.fr\/index.php\/wp-json\/wp\/v2\/media?parent=2019"}],"wp:term":[{"taxonomy":"product_brand","embeddable":true,"href":"https:\/\/enseignementdemichael.fr\/index.php\/wp-json\/wp\/v2\/product_brand?post=2019"},{"taxonomy":"product_cat","embeddable":true,"href":"https:\/\/enseignementdemichael.fr\/index.php\/wp-json\/wp\/v2\/product_cat?post=2019"},{"taxonomy":"product_tag","embeddable":true,"href":"https:\/\/enseignementdemichael.fr\/index.php\/wp-json\/wp\/v2\/product_tag?post=2019"}],"curies":[{"name":"wp","href":"https:\/\/api.w.org\/{rel}","templated":true}]}}