{"id":2015,"date":"2024-04-15T16:21:14","date_gmt":"2024-04-15T14:21:14","guid":{"rendered":"https:\/\/crea.enseignementdemichael.fr\/?post_type=product&#038;p=2015"},"modified":"2025-09-26T15:04:18","modified_gmt":"2025-09-26T13:04:18","slug":"soin-quantique-de-sanctification","status":"publish","type":"product","link":"https:\/\/enseignementdemichael.fr\/index.php\/produit\/soin-quantique-de-sanctification\/","title":{"rendered":"Soin Quantique de Sanctification"},"content":{"rendered":"<p>&nbsp;<\/p>\n<p class=\"v1MsoNormal\">Soyez \u00e0 votre \u00eatre JE SUIS, cr\u00e9ez pour vous une assembl\u00e9e de gu\u00e9rison, afin d&rsquo;arriver \u00e0 l&rsquo;\u00e9tablissement de votre v\u00e9rit\u00e9 sacr\u00e9e.<\/p>\n<p class=\"v1MsoNormal\">Nourrissez ainsi votre pr\u00e9sence divine JE SUIS pour qu&rsquo;elle puisse s&rsquo;expanser.<\/p>\n<p class=\"v1MsoNormal\">Vous vous lib\u00e8rerez des sch\u00e9mas\u00a0falsifi\u00e9s de la conscience collective de l&rsquo;humanit\u00e9.<\/p>\n<p class=\"v1MsoNormal\">Savoir qui vous \u00eates, vous reconna\u00eetre en tant qu&rsquo;\u00eatre de lumi\u00e8re incarn\u00e9, osez votre naturel divin, accueillez votre substance originelle, parfaite, et d\u00e9ployez votre<u>\u00a0souverainet\u00e9<\/u>.<\/p>\n<p class=\"v1MsoNormal\">Votre corps physique humain n&rsquo;est que le centre de qui vous \u00eates, vous \u00eates tellement plus que cela, vous \u00eates conscience spirituelle.<\/p>\n<p class=\"v1MsoNormal\">Laissez de nouvelles pens\u00e9es profondes \u00e9merger et identifiez-les comme v\u00e9rit\u00e9 sacr\u00e9e qui vous est montr\u00e9e.<\/p>\n<p class=\"v1MsoNormal\">Vous \u00eates chacun des saints\u00a0<u>souverains de votre vie<\/u>, alors les croyances anciennes peuvent ais\u00e9ment \u00eatre balay\u00e9es afin de vous rallier \u00e0 votre nature originelle qui est absolument divine.<\/p>\n<p class=\"v1MsoNormal\">Sanctifiez votre vie, sanctifiez vos projets, sanctifiez votre c\u0153ur, la sanctification de votre \u00eatre est l&rsquo;harmonisation compl\u00e8te entre vos valeurs, vos choix personnels et vos actes, entrez dans votre voie de la r\u00e9ussite et du succ\u00e8s.<\/p>\n","protected":false},"excerpt":{"rendered":"<h3>Soin Quantique de Sanctification<\/h3>\n","protected":false},"featured_media":1274,"template":"","meta":[],"product_brand":[],"product_cat":[19],"product_tag":[],"class_list":{"0":"post-2015","1":"product","2":"type-product","3":"status-publish","4":"has-post-thumbnail","6":"product_cat-soin","8":"first","9":"instock","10":"downloadable","11":"shipping-taxable","12":"purchasable","13":"product-type-simple"},"_links":{"self":[{"href":"https:\/\/enseignementdemichael.fr\/index.php\/wp-json\/wp\/v2\/product\/2015","targetHints":{"allow":["GET"]}}],"collection":[{"href":"https:\/\/enseignementdemichael.fr\/index.php\/wp-json\/wp\/v2\/product"}],"about":[{"href":"https:\/\/enseignementdemichael.fr\/index.php\/wp-json\/wp\/v2\/types\/product"}],"wp:featuredmedia":[{"embeddable":true,"href":"https:\/\/enseignementdemichael.fr\/index.php\/wp-json\/wp\/v2\/media\/1274"}],"wp:attachment":[{"href":"https:\/\/enseignementdemichael.fr\/index.php\/wp-json\/wp\/v2\/media?parent=2015"}],"wp:term":[{"taxonomy":"product_brand","embeddable":true,"href":"https:\/\/enseignementdemichael.fr\/index.php\/wp-json\/wp\/v2\/product_brand?post=2015"},{"taxonomy":"product_cat","embeddable":true,"href":"https:\/\/enseignementdemichael.fr\/index.php\/wp-json\/wp\/v2\/product_cat?post=2015"},{"taxonomy":"product_tag","embeddable":true,"href":"https:\/\/enseignementdemichael.fr\/index.php\/wp-json\/wp\/v2\/product_tag?post=2015"}],"curies":[{"name":"wp","href":"https:\/\/api.w.org\/{rel}","templated":true}]}}