{"id":2003,"date":"2024-04-15T16:21:13","date_gmt":"2024-04-15T14:21:13","guid":{"rendered":"https:\/\/crea.enseignementdemichael.fr\/?post_type=product&#038;p=2003"},"modified":"2025-09-26T15:00:58","modified_gmt":"2025-09-26T13:00:58","slug":"soin-du-printemps-croissance-et-renouveau","status":"publish","type":"product","link":"https:\/\/enseignementdemichael.fr\/index.php\/produit\/soin-du-printemps-croissance-et-renouveau\/","title":{"rendered":"SOIN DU PRINTEMPS CROISSANCE ET RENOUVEAU"},"content":{"rendered":"<p>&nbsp;<\/p>\n<p class=\"x_MsoNormal\">Un renouveau glorieux est en marche\u00a0!<\/p>\n<p class=\"x_MsoNormal\">L\u2019\u00e9veil du printemps, c\u2019est l\u2019\u00e9veil au bien-\u00eatre fondamental, une nouvelle chance de rena\u00eetre \u00e0 la vie.<\/p>\n<p class=\"x_MsoNormal\">Pour appr\u00e9hender les \u00e9v\u00e9nements qui surviennent avec s\u00e9r\u00e9nit\u00e9 et \u00e9quilibre.<\/p>\n<p class=\"x_MsoNormal\">Pour laisser le pass\u00e9 au pass\u00e9 et vivre pleinement sa croissance personnelle.<\/p>\n<p class=\"x_MsoNormal\">Et devenir l\u2019incarnation du changement que vous voulez dans le monde.<\/p>\n<p class=\"x_MsoNormal\">Profitez des \u00e9nergies de renouveau et de croissance du printemps et ancrez-vous dans sa lumi\u00e8re.<\/p>\n<p class=\"x_MsoNormal\">Avec ce proc\u00e9d\u00e9 quantique vos ressentis seront plus fluides, vos sens aiguis\u00e9s, votre audace se r\u00e9v\u00e8le, l&rsquo;\u00e9quilibre revient, vous serez plus l\u00e9ger afin de d\u00e9ployer vos ailes.<\/p>\n<p class=\"x_MsoNormal\">Pourquoi ce proc\u00e9d\u00e9\u00a0quantique d&rsquo;\u00e9quinoxe de printemps a-t-il \u00e9t\u00e9 cr\u00e9\u00e9?<\/p>\n<p class=\"x_MsoNormal\">Pour rapatrier vos propres pouvoirs de cr\u00e9ation et ressentir que le bonheur est lov\u00e9 en vous, en d\u00e9voilant votre espace d&rsquo;\u00e9quit\u00e9 et de libert\u00e9.<\/p>\n<p class=\"x_MsoNormal\">Pour lib\u00e9rer votre lumi\u00e8re et devenir inspirant pour les autres autour de vous.<\/p>\n<p class=\"x_MsoNormal\">Pour semer de nouvelles graines dans ce terreau fertile, dans ce grand mouvement d&rsquo;\u00e9nergies colossales avec lesquelles tout peut ais\u00e9ment pousser.<\/p>\n<p class=\"x_MsoNormal\">Pour \u00eatre en \u00e9quilibre divin avec le grand tout. Et mettre sereinement en route vos projets.<\/p>\n<p class=\"x_MsoNormal\">Pour vous sentir bien, vraiment.<\/p>\n<p class=\"x_MsoNormal\">Commandez-le vite.<\/p>\n<p class=\"x_MsoNormal\">Pr\u00e9parez-vous \u00e0 50 minutes d&rsquo;intenses \u00e9nergies, vous pouvez effectuer ce proc\u00e9d\u00e9 quantique pendant 7 jours id\u00e9alement, pour une impr\u00e9gnation maximale.<\/p>\n<p class=\"x_MsoNormal\">Vous aurez aussi le texte du proc\u00e9d\u00e9 pour plus de facilit\u00e9. A vous de jouer!<\/p>\n<p class=\"x_gmail-x_MsoNormal\">Je vous en souhaite une croissance audacieuse, et un prodigieux renouveau.<\/p>\n","protected":false},"excerpt":{"rendered":"<h3>SOIN DU PRINTEMPS CROISSANCE ET RENOUVEAU<\/h3>\n","protected":false},"featured_media":1274,"template":"","meta":[],"product_brand":[],"product_cat":[19],"product_tag":[],"class_list":{"0":"post-2003","1":"product","2":"type-product","3":"status-publish","4":"has-post-thumbnail","6":"product_cat-soin","8":"first","9":"instock","10":"downloadable","11":"shipping-taxable","12":"purchasable","13":"product-type-simple"},"_links":{"self":[{"href":"https:\/\/enseignementdemichael.fr\/index.php\/wp-json\/wp\/v2\/product\/2003","targetHints":{"allow":["GET"]}}],"collection":[{"href":"https:\/\/enseignementdemichael.fr\/index.php\/wp-json\/wp\/v2\/product"}],"about":[{"href":"https:\/\/enseignementdemichael.fr\/index.php\/wp-json\/wp\/v2\/types\/product"}],"wp:featuredmedia":[{"embeddable":true,"href":"https:\/\/enseignementdemichael.fr\/index.php\/wp-json\/wp\/v2\/media\/1274"}],"wp:attachment":[{"href":"https:\/\/enseignementdemichael.fr\/index.php\/wp-json\/wp\/v2\/media?parent=2003"}],"wp:term":[{"taxonomy":"product_brand","embeddable":true,"href":"https:\/\/enseignementdemichael.fr\/index.php\/wp-json\/wp\/v2\/product_brand?post=2003"},{"taxonomy":"product_cat","embeddable":true,"href":"https:\/\/enseignementdemichael.fr\/index.php\/wp-json\/wp\/v2\/product_cat?post=2003"},{"taxonomy":"product_tag","embeddable":true,"href":"https:\/\/enseignementdemichael.fr\/index.php\/wp-json\/wp\/v2\/product_tag?post=2003"}],"curies":[{"name":"wp","href":"https:\/\/api.w.org\/{rel}","templated":true}]}}