{"id":1968,"date":"2024-04-15T16:20:53","date_gmt":"2024-04-15T14:20:53","guid":{"rendered":"https:\/\/crea.enseignementdemichael.fr\/?post_type=product&#038;p=1968"},"modified":"2025-09-26T14:55:17","modified_gmt":"2025-09-26T12:55:17","slug":"jouvre-en-grand-mon-ciel","status":"publish","type":"product","link":"https:\/\/enseignementdemichael.fr\/index.php\/produit\/jouvre-en-grand-mon-ciel\/","title":{"rendered":"J&rsquo;OUVRE EN GRAND MON CIEL"},"content":{"rendered":"<p>&nbsp;<\/p>\n<p class=\"x_gmail-x_MsoNormal\">Recevez une majestueuse\u00a0 descente d\u2019oc\u00e9an christique, ce qui est essentiel pour poursuivre votre ann\u00e9e 2021 en ouvrant consid\u00e9rablement votre champ des possibles.<\/p>\n<p class=\"x_gmail-x_MsoNormal\">Cette s\u00e9ance quantique est une implantation p\u00e9renne d\u2019\u00e9nergies souveraines pour toute votre ann\u00e9e 2021.<\/p>\n<p class=\"x_gmail-x_MsoNormal\">Nous vivons l\u00e0 une p\u00e9riode exceptionnelle qui est tr\u00e8s b\u00e9n\u00e9fique pour nous inonder de lumi\u00e8re christique.<\/p>\n<p class=\"x_gmail-x_MsoNormal\">L\u2019\u00e9nergie christique est une \u00e9nergie universelle qui a son si\u00e8ge dans la source. Vivre l\u2019\u00e9tat christique c\u2019est avoir la pleine conscience de la divinit\u00e9 qui si\u00e8ge en vous, vous pourrez alors dominer la mati\u00e8re et cr\u00e9er votre r\u00e9alit\u00e9.<\/p>\n<p class=\"x_gmail-x_MsoNormal\">Appelez cette puissante \u00e9nergie pour en recevoir la juste dose \u00e0 l\u2019endroit qui en a le plus besoin, que ce soit au niveau du c\u0153ur, au niveau de vos chakras, de vos centres de force, dans chacun de vos corps, et pour chaque projet \u00e0 r\u00e9aliser.<\/p>\n<p class=\"x_gmail-x_MsoNormal\">Les forces christiques peuvent se pr\u00e9senter \u00e0 vous comme un soleil ph\u00e9nom\u00e9nal qui rayonne sur vous.<\/p>\n<p class=\"x_gmail-x_MsoNormal\">Voil\u00e0 belles \u00e2mes, ce que nous allons avoir l\u2019immense honneur de recevoir, afin d&rsquo;\u0153uvrer\u00a0\u00e0 la r\u00e9alisation de nous-m\u00eame.<\/p>\n<p class=\"x_gmail-x_MsoNormal\">Afin de bien int\u00e9grer ces prodigieuses \u00e9nergies venues des plans sup\u00e9rieurs, commandez vite soin quantique J\u2019OUVRE EN GRAND MON CIEL.<\/p>\n<p class=\"x_gmail-x_MsoNormal\">Je vous souhaite une r\u00e9ception grandiose de puissance christique, une infinit\u00e9 de particules adamantines qui vont fusionner en vous, dans chaque aspect de votre \u00eatre, impr\u00e9gnant chaque espace de votre existence pour vous inonder de sant\u00e9, de bien-\u00eatre, de courage, d\u2019amour pur et de triomphe divin.<\/p>\n<p class=\"x_gmail-x_MsoNormal\">Je vous aime, on s\u2019\u00e9veille ensemble, engageons-nous chacun \u00e0 triompher des forces de l&rsquo;ombre en illuminant notre vie d&rsquo;extraordinaire lumi\u00e8re.<\/p>\n","protected":false},"excerpt":{"rendered":"<h3>J&rsquo;OUVRE EN GRAND MON CIEL<\/h3>\n","protected":false},"featured_media":1300,"template":"","meta":[],"product_brand":[],"product_cat":[19],"product_tag":[],"class_list":{"0":"post-1968","1":"product","2":"type-product","3":"status-publish","4":"has-post-thumbnail","6":"product_cat-soin","8":"first","9":"instock","10":"downloadable","11":"shipping-taxable","12":"purchasable","13":"product-type-simple"},"_links":{"self":[{"href":"https:\/\/enseignementdemichael.fr\/index.php\/wp-json\/wp\/v2\/product\/1968","targetHints":{"allow":["GET"]}}],"collection":[{"href":"https:\/\/enseignementdemichael.fr\/index.php\/wp-json\/wp\/v2\/product"}],"about":[{"href":"https:\/\/enseignementdemichael.fr\/index.php\/wp-json\/wp\/v2\/types\/product"}],"wp:featuredmedia":[{"embeddable":true,"href":"https:\/\/enseignementdemichael.fr\/index.php\/wp-json\/wp\/v2\/media\/1300"}],"wp:attachment":[{"href":"https:\/\/enseignementdemichael.fr\/index.php\/wp-json\/wp\/v2\/media?parent=1968"}],"wp:term":[{"taxonomy":"product_brand","embeddable":true,"href":"https:\/\/enseignementdemichael.fr\/index.php\/wp-json\/wp\/v2\/product_brand?post=1968"},{"taxonomy":"product_cat","embeddable":true,"href":"https:\/\/enseignementdemichael.fr\/index.php\/wp-json\/wp\/v2\/product_cat?post=1968"},{"taxonomy":"product_tag","embeddable":true,"href":"https:\/\/enseignementdemichael.fr\/index.php\/wp-json\/wp\/v2\/product_tag?post=1968"}],"curies":[{"name":"wp","href":"https:\/\/api.w.org\/{rel}","templated":true}]}}