{"id":1963,"date":"2024-04-15T16:20:53","date_gmt":"2024-04-15T14:20:53","guid":{"rendered":"https:\/\/crea.enseignementdemichael.fr\/?post_type=product&#038;p=1963"},"modified":"2025-09-26T14:54:58","modified_gmt":"2025-09-26T12:54:58","slug":"soin-par-lalchimie-de-marie","status":"publish","type":"product","link":"https:\/\/enseignementdemichael.fr\/index.php\/produit\/soin-par-lalchimie-de-marie\/","title":{"rendered":"SOIN PAR L&rsquo;ALCHIMIE DE MARIE"},"content":{"rendered":"\r\n<p>&nbsp;<\/p>\r\n<p style=\"text-align: left;\">Prenez la d\u00e9cision de tout faire pour changer de vie. Faites passez votre vie \u00e0 un autre niveau !<\/p>\r\n<p style=\"text-align: left;\">\r\n\r\n<\/p>\r\n<p style=\"text-align: left;\">Si ma vie \u00e9tait autrement elle serait comment\u00a0?\u00a0 Malheureusement notre pass\u00e9 nous tire trop souvent en arri\u00e8re, par les peurs et les croyances qu&rsquo;il a insidieusement infiltr\u00e9es en nous.<\/p>\r\n<p style=\"text-align: left;\">\r\n\r\n<\/p>\r\n<p style=\"text-align: left;\">Avec les \u00e9nergies mariales, par l&rsquo;alchimie de Marie, vous avez le pouvoir de vous lib\u00e9rer des m\u00e9andres du pass\u00e9 et de ses douleurs associ\u00e9es, afin d&rsquo;accomplir une profonde \u00e9puration dans vos champ et corps d&rsquo;\u00e9nergie.<\/p>\r\n<p style=\"text-align: left;\">\r\n\r\n<\/p>\r\n<p style=\"text-align: left;\">Osez vous remplir du Divin, participez ainsi activement \u00e0 votre puissante lib\u00e9ration \u00e9motionnelle et \u00e0 la dissolution de vos m\u00e9moires pass\u00e9es et transg\u00e9n\u00e9rationnelles obsol\u00e8tes.<\/p>\r\n<p style=\"text-align: left;\">\r\n\r\n<\/p>\r\n<p style=\"text-align: left;\">Quel soulagement, quel colossale l\u00e9g\u00e8ret\u00e9 de l&rsquo;\u00e2me vous ressentirez alors!<\/p>\r\n\r\n\r\n\r\n<p style=\"text-align: center;\">\u00a0<\/p>\r\n","protected":false},"excerpt":{"rendered":"<h3>SOIN PAR L&rsquo;ALCHIMIE DE MARIE<\/h3>\n","protected":false},"featured_media":1323,"template":"","meta":[],"product_brand":[],"product_cat":[19],"product_tag":[],"class_list":{"0":"post-1963","1":"product","2":"type-product","3":"status-publish","4":"has-post-thumbnail","6":"product_cat-soin","8":"first","9":"instock","10":"downloadable","11":"shipping-taxable","12":"purchasable","13":"product-type-simple"},"_links":{"self":[{"href":"https:\/\/enseignementdemichael.fr\/index.php\/wp-json\/wp\/v2\/product\/1963","targetHints":{"allow":["GET"]}}],"collection":[{"href":"https:\/\/enseignementdemichael.fr\/index.php\/wp-json\/wp\/v2\/product"}],"about":[{"href":"https:\/\/enseignementdemichael.fr\/index.php\/wp-json\/wp\/v2\/types\/product"}],"wp:featuredmedia":[{"embeddable":true,"href":"https:\/\/enseignementdemichael.fr\/index.php\/wp-json\/wp\/v2\/media\/1323"}],"wp:attachment":[{"href":"https:\/\/enseignementdemichael.fr\/index.php\/wp-json\/wp\/v2\/media?parent=1963"}],"wp:term":[{"taxonomy":"product_brand","embeddable":true,"href":"https:\/\/enseignementdemichael.fr\/index.php\/wp-json\/wp\/v2\/product_brand?post=1963"},{"taxonomy":"product_cat","embeddable":true,"href":"https:\/\/enseignementdemichael.fr\/index.php\/wp-json\/wp\/v2\/product_cat?post=1963"},{"taxonomy":"product_tag","embeddable":true,"href":"https:\/\/enseignementdemichael.fr\/index.php\/wp-json\/wp\/v2\/product_tag?post=1963"}],"curies":[{"name":"wp","href":"https:\/\/api.w.org\/{rel}","templated":true}]}}