{"id":3583,"date":"2025-03-05T09:37:30","date_gmt":"2025-03-05T08:37:30","guid":{"rendered":"https:\/\/enseignementdemichael.fr\/?page_id=3583"},"modified":"2025-03-17T20:20:24","modified_gmt":"2025-03-17T19:20:24","slug":"enseignement-de-michael-xxiv-reconnexion-a-votre-multidimensionnalite","status":"publish","type":"page","link":"https:\/\/enseignementdemichael.fr\/index.php\/enseignement-de-michael-xxiv-reconnexion-a-votre-multidimensionnalite\/","title":{"rendered":"ENSEIGNEMENT DE MICHAEL XXIV  RECONNEXION A VOTRE MULTIDIMENSIONNALITE"},"content":{"rendered":"\t\t<div data-elementor-type=\"wp-page\" data-elementor-id=\"3583\" class=\"elementor elementor-3583\">\n\t\t\t\t<div class=\"elementor-element elementor-element-d486d33 e-flex e-con-boxed e-con e-parent\" data-id=\"d486d33\" data-element_type=\"container\">\n\t\t\t\t\t<div class=\"e-con-inner\">\n\t\t<div class=\"elementor-element elementor-element-d6cc160 e-con-full e-flex e-con e-child\" data-id=\"d6cc160\" data-element_type=\"container\">\n\t\t\t\t<\/div>\n\t\t<div class=\"elementor-element elementor-element-6840adb e-con-full e-flex e-con e-child\" data-id=\"6840adb\" data-element_type=\"container\">\n\t\t\t\t<div class=\"elementor-element elementor-element-7a6a978 elementor-widget elementor-widget-image\" data-id=\"7a6a978\" data-element_type=\"widget\" data-widget_type=\"image.default\">\n\t\t\t\t<div class=\"elementor-widget-container\">\n\t\t\t\t\t\t\t\t\t\t\t\t\t\t\t<img fetchpriority=\"high\" decoding=\"async\" width=\"300\" height=\"179\" src=\"https:\/\/enseignementdemichael.fr\/wp-content\/uploads\/2024\/04\/archangeOK--300x179.jpg\" class=\"attachment-medium size-medium wp-image-1997\" alt=\"\" srcset=\"https:\/\/enseignementdemichael.fr\/wp-content\/uploads\/2024\/04\/archangeOK--300x179.jpg 300w, https:\/\/enseignementdemichael.fr\/wp-content\/uploads\/2024\/04\/archangeOK--768x458.jpg 768w, https:\/\/enseignementdemichael.fr\/wp-content\/uploads\/2024\/04\/archangeOK--600x358.jpg 600w, https:\/\/enseignementdemichael.fr\/wp-content\/uploads\/2024\/04\/archangeOK-.jpg 963w\" sizes=\"(max-width: 300px) 100vw, 300px\" \/>\t\t\t\t\t\t\t\t\t\t\t\t\t\t\t<\/div>\n\t\t\t\t<\/div>\n\t\t\t\t<\/div>\n\t\t<div class=\"elementor-element elementor-element-91d55cb e-con-full e-flex e-con e-child\" data-id=\"91d55cb\" data-element_type=\"container\">\n\t\t\t\t<\/div>\n\t\t\t\t\t<\/div>\n\t\t\t\t<\/div>\n\t\t<div class=\"elementor-element elementor-element-6f0b0253 e-con-full e-flex e-con e-parent\" data-id=\"6f0b0253\" data-element_type=\"container\">\n\t\t\t\t<div class=\"elementor-element elementor-element-5c806403 elementor-widget elementor-widget-spacer\" data-id=\"5c806403\" data-element_type=\"widget\" data-widget_type=\"spacer.default\">\n\t\t\t\t<div class=\"elementor-widget-container\">\n\t\t\t\t\t\t\t<div class=\"elementor-spacer\">\n\t\t\t<div class=\"elementor-spacer-inner\"><\/div>\n\t\t<\/div>\n\t\t\t\t\t\t<\/div>\n\t\t\t\t<\/div>\n\t\t\t\t<div class=\"elementor-element elementor-element-21344b74 elementor-widget elementor-widget-spacer\" data-id=\"21344b74\" data-element_type=\"widget\" data-widget_type=\"spacer.default\">\n\t\t\t\t<div class=\"elementor-widget-container\">\n\t\t\t\t\t\t\t<div class=\"elementor-spacer\">\n\t\t\t<div class=\"elementor-spacer-inner\"><\/div>\n\t\t<\/div>\n\t\t\t\t\t\t<\/div>\n\t\t\t\t<\/div>\n\t\t\t\t<div class=\"elementor-element elementor-element-ef7639d elementor-widget elementor-widget-spacer\" data-id=\"ef7639d\" data-element_type=\"widget\" data-widget_type=\"spacer.default\">\n\t\t\t\t<div class=\"elementor-widget-container\">\n\t\t\t\t\t\t\t<div class=\"elementor-spacer\">\n\t\t\t<div class=\"elementor-spacer-inner\"><\/div>\n\t\t<\/div>\n\t\t\t\t\t\t<\/div>\n\t\t\t\t<\/div>\n\t\t\t\t<div class=\"elementor-element elementor-element-71f3b988 elementor-widget elementor-widget-heading\" data-id=\"71f3b988\" data-element_type=\"widget\" data-widget_type=\"heading.default\">\n\t\t\t\t<div class=\"elementor-widget-container\">\n\t\t\t\t\t<h2 class=\"elementor-heading-title elementor-size-default\">Nous vivons une p\u00e9riode o\u00f9 les \u00e9nergies de la Terre s'acc\u00e9l\u00e8rent, et ceux qui ne suivent pas cette mont\u00e9e vibratoire risquent de se sentir d\u00e9salign\u00e9s, perdus ou d\u00e9pass\u00e9s.\n\n<br><br>Votre reconnexion n'est plus un luxe, c'est une n\u00e9cessit\u00e9 ! \n\n<br>\ud83d\udc49 Plus vous vous reconnectez maintenant, plus vous pourrez manifester une r\u00e9alit\u00e9 align\u00e9e avec votre mission d'\u00e2me.\n<br>\ud83d\udc49 Plus vous \u00e9levez votre vibration, plus vous devenez un pilier de lumi\u00e8re pour l'ascension collective.\n<br>\ud83d\udc49 Plus vous vous harmonisez avec votre \u00eatre multidimensionnel, plus votre vie devient fluide, guid\u00e9e et remplie de synchronicit\u00e9s.\n\n<br><br>Cet enseignement-soin est un raccourci vers cette transformation. Plut\u00f4t que d'essayer seul(e) sans savoir si vous \u00eates sur la bonne voie, vous b\u00e9n\u00e9ficiez d'une guidance pr\u00e9cise et d'une activation \u00e9nerg\u00e9tique profonde.\n\n<br><br>Un enseignement initiatique et une cl\u00e9 vibratoire\n<br><br>\nCe programme n'est pas un simple enseignement spirituel.\nC'est un portail vibratoire qui va :\n<br>\u2728 R\u00e9veiller vos m\u00e9moires ancestrales et multidimensionnelles.\n<br>\u2728 Activer votre capacit\u00e9 \u00e0 percevoir les r\u00e9alit\u00e9s subtiles.\n<br>\u2728 Lib\u00e9rer les blocages \u00e9nerg\u00e9tiques qui emp\u00eachent votre pleine expansion.\n<br>\u2728 Vous aligner avec les nouvelles fr\u00e9quences de la Terre et de la 5D.\n\n<br><br>\ud83d\udc8e Avec cet enseignement-soin, vous recevrez :\n\u2714<br><br> Une transmission \u00e9nerg\u00e9tique puissante qui va restructurer votre champ vibratoire.\n\u2714 <br><br>Des outils pratiques que vous pourrez appliquer imm\u00e9diatement pour renforcer votre connexion.\n\u2714 <br><br>Une harmonisation qui va ouvrir progressivement votre conscience \u00e0 votre vraie nature multidimensionnelle.\n\n<br><br>- Audio \u00e0 t\u00e9l\u00e9charger en MP3 avec musique des hautes Sph\u00e8res \u00e0 432 Hz\n<br>- ou sans musique, au choix.\n<br>- Enseignement-Soin de 64 minutes \u00e0 \u00e9couter id\u00e9alement 7 jours cons\u00e9cutifs\n<br>- En bonus gratuit 1 soin quantique collectif d'expansion\n<br><br>Tarif : 160\u20ac<br><br>\n<\/h2>\t\t\t\t<\/div>\n\t\t\t\t<\/div>\n\t\t\t\t<div class=\"elementor-element elementor-element-21903f08 elementor-align-center elementor-widget elementor-widget-button\" data-id=\"21903f08\" data-element_type=\"widget\" data-widget_type=\"button.default\">\n\t\t\t\t<div class=\"elementor-widget-container\">\n\t\t\t\t\t\t\t\t\t<div class=\"elementor-button-wrapper\">\n\t\t\t\t\t<a class=\"elementor-button elementor-button-link elementor-size-md elementor-animation-shrink\" href=\"https:\/\/enseignementdemichael.fr\/index.php\/produit\/enseignement-de-michael-xxiv-n24-reconnexion-a-votre-multidimensionnalite\/\">\n\t\t\t\t\t\t<span class=\"elementor-button-content-wrapper\">\n\t\t\t\t\t\t<span class=\"elementor-button-icon\">\n\t\t\t\t<svg aria-hidden=\"true\" class=\"e-font-icon-svg e-fas-cross\" viewBox=\"0 0 384 512\" xmlns=\"http:\/\/www.w3.org\/2000\/svg\"><path d=\"M352 128h-96V32c0-17.67-14.33-32-32-32h-64c-17.67 0-32 14.33-32 32v96H32c-17.67 0-32 14.33-32 32v64c0 17.67 14.33 32 32 32h96v224c0 17.67 14.33 32 32 32h64c17.67 0 32-14.33 32-32V256h96c17.67 0 32-14.33 32-32v-64c0-17.67-14.33-32-32-32z\"><\/path><\/svg>\t\t\t<\/span>\n\t\t\t\t\t\t\t\t\t<span class=\"elementor-button-text\">Je commande mon soin<\/span>\n\t\t\t\t\t<\/span>\n\t\t\t\t\t<\/a>\n\t\t\t\t<\/div>\n\t\t\t\t\t\t\t\t<\/div>\n\t\t\t\t<\/div>\n\t\t\t\t<div class=\"elementor-element elementor-element-5c1955ac elementor-widget elementor-widget-spacer\" data-id=\"5c1955ac\" data-element_type=\"widget\" data-widget_type=\"spacer.default\">\n\t\t\t\t<div class=\"elementor-widget-container\">\n\t\t\t\t\t\t\t<div class=\"elementor-spacer\">\n\t\t\t<div class=\"elementor-spacer-inner\"><\/div>\n\t\t<\/div>\n\t\t\t\t\t\t<\/div>\n\t\t\t\t<\/div>\n\t\t\t\t<\/div>\n\t\t<div class=\"elementor-element elementor-element-17c45f4 e-flex e-con-boxed e-con e-parent\" data-id=\"17c45f4\" data-element_type=\"container\">\n\t\t\t\t\t<div class=\"e-con-inner\">\n\t\t\t\t<div class=\"elementor-element elementor-element-5aafb9e elementor-widget elementor-widget-spacer\" data-id=\"5aafb9e\" data-element_type=\"widget\" data-widget_type=\"spacer.default\">\n\t\t\t\t<div class=\"elementor-widget-container\">\n\t\t\t\t\t\t\t<div class=\"elementor-spacer\">\n\t\t\t<div class=\"elementor-spacer-inner\"><\/div>\n\t\t<\/div>\n\t\t\t\t\t\t<\/div>\n\t\t\t\t<\/div>\n\t\t\t\t\t<\/div>\n\t\t\t\t<\/div>\n\t\t<div class=\"elementor-element elementor-element-eb7791a e-flex e-con-boxed e-con e-parent\" data-id=\"eb7791a\" data-element_type=\"container\">\n\t\t\t\t\t<div class=\"e-con-inner\">\n\t\t\t\t<div class=\"elementor-element elementor-element-51f8a1d elementor-widget elementor-widget-spacer\" data-id=\"51f8a1d\" data-element_type=\"widget\" data-widget_type=\"spacer.default\">\n\t\t\t\t<div class=\"elementor-widget-container\">\n\t\t\t\t\t\t\t<div class=\"elementor-spacer\">\n\t\t\t<div class=\"elementor-spacer-inner\"><\/div>\n\t\t<\/div>\n\t\t\t\t\t\t<\/div>\n\t\t\t\t<\/div>\n\t\t\t\t\t<\/div>\n\t\t\t\t<\/div>\n\t\t\t\t<\/div>\n\t\t","protected":false},"excerpt":{"rendered":"<p>Nous vivons une p\u00e9riode o\u00f9 les \u00e9nergies de la Terre s&rsquo;acc\u00e9l\u00e8rent, et ceux qui ne suivent pas cette mont\u00e9e vibratoire risquent de se sentir d\u00e9salign\u00e9s, perdus ou d\u00e9pass\u00e9s. Votre reconnexion n&rsquo;est plus un luxe, c&rsquo;est une n\u00e9cessit\u00e9 ! \ud83d\udc49 Plus vous vous reconnectez maintenant, plus vous pourrez manifester une r\u00e9alit\u00e9 align\u00e9e avec votre mission d&rsquo;\u00e2me. [&hellip;]<\/p>\n","protected":false},"author":1,"featured_media":0,"parent":0,"menu_order":0,"comment_status":"closed","ping_status":"closed","template":"","meta":{"footnotes":""},"class_list":["post-3583","page","type-page","status-publish","hentry"],"_links":{"self":[{"href":"https:\/\/enseignementdemichael.fr\/index.php\/wp-json\/wp\/v2\/pages\/3583","targetHints":{"allow":["GET"]}}],"collection":[{"href":"https:\/\/enseignementdemichael.fr\/index.php\/wp-json\/wp\/v2\/pages"}],"about":[{"href":"https:\/\/enseignementdemichael.fr\/index.php\/wp-json\/wp\/v2\/types\/page"}],"author":[{"embeddable":true,"href":"https:\/\/enseignementdemichael.fr\/index.php\/wp-json\/wp\/v2\/users\/1"}],"replies":[{"embeddable":true,"href":"https:\/\/enseignementdemichael.fr\/index.php\/wp-json\/wp\/v2\/comments?post=3583"}],"version-history":[{"count":10,"href":"https:\/\/enseignementdemichael.fr\/index.php\/wp-json\/wp\/v2\/pages\/3583\/revisions"}],"predecessor-version":[{"id":3626,"href":"https:\/\/enseignementdemichael.fr\/index.php\/wp-json\/wp\/v2\/pages\/3583\/revisions\/3626"}],"wp:attachment":[{"href":"https:\/\/enseignementdemichael.fr\/index.php\/wp-json\/wp\/v2\/media?parent=3583"}],"curies":[{"name":"wp","href":"https:\/\/api.w.org\/{rel}","templated":true}]}}