{"id":3561,"date":"2025-02-24T09:54:31","date_gmt":"2025-02-24T08:54:31","guid":{"rendered":"https:\/\/enseignementdemichael.fr\/?page_id=3561"},"modified":"2025-03-05T09:02:11","modified_gmt":"2025-03-05T08:02:11","slug":"enseignement-23-lultime-pouvoir-revelez-votre-capacite-detre","status":"publish","type":"page","link":"https:\/\/enseignementdemichael.fr\/index.php\/enseignement-23-lultime-pouvoir-revelez-votre-capacite-detre\/","title":{"rendered":"ENSEIGNEMENT 23 L&rsquo;ULTIME POUVOIR: REVELEZ VOTRE CAPACITE D&rsquo;ETRE"},"content":{"rendered":"\t\t<div data-elementor-type=\"wp-page\" data-elementor-id=\"3561\" class=\"elementor elementor-3561\">\n\t\t\t\t<div class=\"elementor-element elementor-element-0b461cd e-flex e-con-boxed e-con e-parent\" data-id=\"0b461cd\" data-element_type=\"container\">\n\t\t\t\t\t<div class=\"e-con-inner\">\n\t\t<div class=\"elementor-element elementor-element-f029206 e-flex e-con-boxed e-con e-child\" data-id=\"f029206\" data-element_type=\"container\">\n\t\t\t\t\t<div class=\"e-con-inner\">\n\t\t<div class=\"elementor-element elementor-element-54be9f6 e-con-full e-flex e-con e-child\" data-id=\"54be9f6\" data-element_type=\"container\">\n\t\t\t\t<\/div>\n\t\t<div class=\"elementor-element elementor-element-11bd7e9 e-con-full e-flex e-con e-child\" data-id=\"11bd7e9\" data-element_type=\"container\">\n\t\t\t\t<div class=\"elementor-element elementor-element-1b4a221 elementor-invisible elementor-widget elementor-widget-image\" data-id=\"1b4a221\" data-element_type=\"widget\" data-settings=\"{&quot;_animation&quot;:&quot;fadeInDown&quot;}\" data-widget_type=\"image.default\">\n\t\t\t\t<div class=\"elementor-widget-container\">\n\t\t\t\t\t\t\t\t\t\t\t\t\t\t\t<img fetchpriority=\"high\" decoding=\"async\" width=\"300\" height=\"213\" src=\"https:\/\/enseignementdemichael.fr\/wp-content\/uploads\/2024\/04\/15ok-300x213.png\" class=\"attachment-medium size-medium wp-image-1274\" alt=\"\" srcset=\"https:\/\/enseignementdemichael.fr\/wp-content\/uploads\/2024\/04\/15ok-300x213.png 300w, https:\/\/enseignementdemichael.fr\/wp-content\/uploads\/2024\/04\/15ok-600x427.png 600w, https:\/\/enseignementdemichael.fr\/wp-content\/uploads\/2024\/04\/15ok.png 658w\" sizes=\"(max-width: 300px) 100vw, 300px\" \/>\t\t\t\t\t\t\t\t\t\t\t\t\t\t\t<\/div>\n\t\t\t\t<\/div>\n\t\t\t\t<\/div>\n\t\t<div class=\"elementor-element elementor-element-15d410e e-con-full e-flex e-con e-child\" data-id=\"15d410e\" data-element_type=\"container\">\n\t\t\t\t<\/div>\n\t\t\t\t\t<\/div>\n\t\t\t\t<\/div>\n\t\t\t\t\t<\/div>\n\t\t\t\t<\/div>\n\t\t<div class=\"elementor-element elementor-element-1989578 e-con-full e-flex e-con e-parent\" data-id=\"1989578\" data-element_type=\"container\">\n\t\t\t\t<div class=\"elementor-element elementor-element-a70e2f3 elementor-widget elementor-widget-spacer\" data-id=\"a70e2f3\" data-element_type=\"widget\" data-widget_type=\"spacer.default\">\n\t\t\t\t<div class=\"elementor-widget-container\">\n\t\t\t\t\t\t\t<div class=\"elementor-spacer\">\n\t\t\t<div class=\"elementor-spacer-inner\"><\/div>\n\t\t<\/div>\n\t\t\t\t\t\t<\/div>\n\t\t\t\t<\/div>\n\t\t\t\t<div class=\"elementor-element elementor-element-d13ac62 elementor-widget elementor-widget-spacer\" data-id=\"d13ac62\" data-element_type=\"widget\" data-widget_type=\"spacer.default\">\n\t\t\t\t<div class=\"elementor-widget-container\">\n\t\t\t\t\t\t\t<div class=\"elementor-spacer\">\n\t\t\t<div class=\"elementor-spacer-inner\"><\/div>\n\t\t<\/div>\n\t\t\t\t\t\t<\/div>\n\t\t\t\t<\/div>\n\t\t\t\t<div class=\"elementor-element elementor-element-dcd91de elementor-widget elementor-widget-heading\" data-id=\"dcd91de\" data-element_type=\"widget\" data-widget_type=\"heading.default\">\n\t\t\t\t<div class=\"elementor-widget-container\">\n\t\t\t\t\t<h2 class=\"elementor-heading-title elementor-size-default\">Le Nouvel Enseignement du Plan Divin \n<br><br>\n<br>Vous sentez-vous bloqu\u00e9(e), limit\u00e9(e), enferm\u00e9(e) dans des sch\u00e9mas r\u00e9p\u00e9titifs ?\n<br>Avez-vous l\u2019impression que vous n\u2019occupez pas votre vraie place, que vous passez \u00e0 c\u00f4t\u00e9 de votre plein potentiel ?\n<br>Vous aspirez \u00e0 plus de puissance int\u00e9rieure, de clart\u00e9 et de souverainet\u00e9 ?\n\n<br><br>Bonne nouvelle : l\u2019ultime pouvoir est d\u00e9j\u00e0 en vous. Vous n\u2019avez pas \u00e0 le chercher \u00e0 l\u2019ext\u00e9rieur. Cet enseignement va activer et r\u00e9veiller cette capacit\u00e9 enfouie, vous permettant de reprendre les r\u00eanes de votre existence avec force et s\u00e9r\u00e9nit\u00e9.\n\n\n<br><br>CE QUE CET ENSEIGNEMENT PEUT R\u00c9SOUDRE\n\n<br>- Les blocages invisibles qui vous emp\u00eachent d\u2019\u00eatre pleinement vous-m\u00eame.\n<br>- La peur du jugement, du rejet, du manque qui freine votre expansion.\n<br>- Les sch\u00e9mas d\u2019auto-sabotage et d\u2019impuissance qui vous maintiennent dans une version limit\u00e9e de vous-m\u00eame.\n<br>- Les conflits int\u00e9rieurs et les doutes qui vous emp\u00eachent de passer \u00e0 l\u2019action.\n<br>- Le manque de clart\u00e9 sur votre r\u00f4le, votre mission, votre chemin de vie.\n\n<br><br>Cet enseignement est une r\u00e9v\u00e9lation, une cl\u00e9 \u00e9nerg\u00e9tique et spirituelle qui va reprogrammer votre \u00eatre pour que vous puissiez enfin manifester votre grandeur.\n<br><br>CE QUE VOUS ALLEZ GAGNER CONCR\u00c8TEMENT\/\n\n<br>\ud83d\udd39 Une puissance int\u00e9rieure indestructible \u2013 Vous ne d\u00e9pendrez plus de l\u2019approbation des autres.\n<br>\ud83d\udd39 Un alignement parfait avec votre mission d\u2019\u00e2me \u2013 Votre r\u00f4le sur cette Terre deviendra \u00e9vident.\n<br>\ud83d\udd39 Une confiance absolue en vous-m\u00eame et en vos d\u00e9cisions.\n<br>\ud83d\udd39 La fin des h\u00e9sitations et des peurs limitantes.\n<br>\ud83d\udd39 Un pouvoir de manifestation d\u00e9multipli\u00e9 \u2013 Vous attirerez plus facilement les opportunit\u00e9s, les bonnes relations et l\u2019abondance.\n<br>\ud83d\udd39 Un sentiment profond de libert\u00e9 et de souverainet\u00e9 \u2013 Vous vous sentirez enfin ma\u00eetre de votre destin.\n<br><br>POUR QUI EST FAIT CET ENSEIGNEMENT ? \n\n<br>- Pour celles et ceux qui veulent se reconnecter \u00e0 leur essence divine et incarner pleinement leur lumi\u00e8re.\n<br>- Pour celles et ceux qui sentent qu\u2019ils sont faits pour plus grand, mais qui n\u2019osent pas encore s\u2019affirmer.\n<br>- Pour celles et ceux qui veulent sortir d\u00e9finitivement de leurs limitations, peurs et conditionnements.\n<br>- Pour celles et ceux qui veulent acc\u00e9der \u00e0 une nouvelle dimension de leur \u00eatre et de leur pouvoir cr\u00e9ateur.\n<br><br>UN ENSEIGNEMENT UNIQUE, UNE TRANSFORMATION IRR\u00c9VERSIBLE\n\n<br><br>Cet enseignement ne se contente pas d\u2019informer, il active et transforme. Il est un v\u00e9ritable programme d\u2019\u00e9l\u00e9vation vibratoire, con\u00e7u pour r\u00e9veiller votre plein potentiel et vous permettre d\u2019incarner votre destin\u00e9e avec puissance.\n\n<br><br>L\u2019heure est venue de r\u00e9v\u00e9ler votre capacit\u00e9 d\u2019\u00eatre !\n\n\n\n<br><br>Tarif: 160\u20ac<br><br><\/h2>\t\t\t\t<\/div>\n\t\t\t\t<\/div>\n\t\t\t\t<div class=\"elementor-element elementor-element-92a9b87 elementor-align-center elementor-widget elementor-widget-button\" data-id=\"92a9b87\" data-element_type=\"widget\" data-widget_type=\"button.default\">\n\t\t\t\t<div class=\"elementor-widget-container\">\n\t\t\t\t\t\t\t\t\t<div class=\"elementor-button-wrapper\">\n\t\t\t\t\t<a class=\"elementor-button elementor-button-link elementor-size-md elementor-animation-shrink\" href=\"https:\/\/enseignementdemichael.fr\/index.php\/produit\/enseignement-xxiii-lultime-pouvoir-revelez-votre-capacite-detre\/\">\n\t\t\t\t\t\t<span class=\"elementor-button-content-wrapper\">\n\t\t\t\t\t\t<span class=\"elementor-button-icon\">\n\t\t\t\t<svg aria-hidden=\"true\" class=\"e-font-icon-svg e-fas-cross\" viewBox=\"0 0 384 512\" xmlns=\"http:\/\/www.w3.org\/2000\/svg\"><path d=\"M352 128h-96V32c0-17.67-14.33-32-32-32h-64c-17.67 0-32 14.33-32 32v96H32c-17.67 0-32 14.33-32 32v64c0 17.67 14.33 32 32 32h96v224c0 17.67 14.33 32 32 32h64c17.67 0 32-14.33 32-32V256h96c17.67 0 32-14.33 32-32v-64c0-17.67-14.33-32-32-32z\"><\/path><\/svg>\t\t\t<\/span>\n\t\t\t\t\t\t\t\t\t<span class=\"elementor-button-text\">Je commande mon soin<\/span>\n\t\t\t\t\t<\/span>\n\t\t\t\t\t<\/a>\n\t\t\t\t<\/div>\n\t\t\t\t\t\t\t\t<\/div>\n\t\t\t\t<\/div>\n\t\t\t\t<div class=\"elementor-element elementor-element-5700cca elementor-widget elementor-widget-spacer\" data-id=\"5700cca\" data-element_type=\"widget\" data-widget_type=\"spacer.default\">\n\t\t\t\t<div class=\"elementor-widget-container\">\n\t\t\t\t\t\t\t<div class=\"elementor-spacer\">\n\t\t\t<div class=\"elementor-spacer-inner\"><\/div>\n\t\t<\/div>\n\t\t\t\t\t\t<\/div>\n\t\t\t\t<\/div>\n\t\t\t\t<\/div>\n\t\t<div class=\"elementor-element elementor-element-267e249 e-flex e-con-boxed e-con e-parent\" data-id=\"267e249\" data-element_type=\"container\">\n\t\t\t\t\t<div class=\"e-con-inner\">\n\t\t\t\t<div class=\"elementor-element elementor-element-09d3521 elementor-widget elementor-widget-spacer\" data-id=\"09d3521\" data-element_type=\"widget\" data-widget_type=\"spacer.default\">\n\t\t\t\t<div class=\"elementor-widget-container\">\n\t\t\t\t\t\t\t<div class=\"elementor-spacer\">\n\t\t\t<div class=\"elementor-spacer-inner\"><\/div>\n\t\t<\/div>\n\t\t\t\t\t\t<\/div>\n\t\t\t\t<\/div>\n\t\t\t\t\t<\/div>\n\t\t\t\t<\/div>\n\t\t<div class=\"elementor-element elementor-element-c98da7f e-con-full e-flex e-con e-parent\" data-id=\"c98da7f\" data-element_type=\"container\">\n\t\t<div class=\"elementor-element elementor-element-ad45b0d e-con-full e-flex e-con e-child\" data-id=\"ad45b0d\" data-element_type=\"container\">\n\t\t<div class=\"elementor-element elementor-element-097faff e-con-full e-flex e-con e-child\" data-id=\"097faff\" data-element_type=\"container\">\n\t\t<div class=\"elementor-element elementor-element-0806f7c e-con-full e-flex e-con e-child\" data-id=\"0806f7c\" data-element_type=\"container\" data-settings=\"{&quot;background_background&quot;:&quot;classic&quot;}\">\n\t\t<div class=\"elementor-element elementor-element-e3f4b98 e-con-full e-flex e-con e-child\" data-id=\"e3f4b98\" data-element_type=\"container\">\n\t\t\t\t<div class=\"elementor-element elementor-element-f270db6 elementor-widget__width-initial elementor-widget elementor-widget-image\" data-id=\"f270db6\" data-element_type=\"widget\" data-widget_type=\"image.default\">\n\t\t\t\t<div class=\"elementor-widget-container\">\n\t\t\t\t\t\t\t\t\t\t\t\t\t\t\t<img decoding=\"async\" width=\"963\" height=\"574\" src=\"https:\/\/enseignementdemichael.fr\/wp-content\/uploads\/2024\/01\/logo.png\" class=\"attachment-large size-large wp-image-58\" alt=\"\" srcset=\"https:\/\/enseignementdemichael.fr\/wp-content\/uploads\/2024\/01\/logo.png 963w, https:\/\/enseignementdemichael.fr\/wp-content\/uploads\/2024\/01\/logo-600x358.png 600w, https:\/\/enseignementdemichael.fr\/wp-content\/uploads\/2024\/01\/logo-300x179.png 300w, https:\/\/enseignementdemichael.fr\/wp-content\/uploads\/2024\/01\/logo-768x458.png 768w\" sizes=\"(max-width: 963px) 100vw, 963px\" \/>\t\t\t\t\t\t\t\t\t\t\t\t\t\t\t<\/div>\n\t\t\t\t<\/div>\n\t\t\t\t<\/div>\n\t\t<div class=\"elementor-element elementor-element-c768640 e-con-full e-flex e-con e-child\" data-id=\"c768640\" data-element_type=\"container\">\n\t\t\t\t<div class=\"elementor-element elementor-element-f296af3 elementor-widget elementor-widget-spacer\" data-id=\"f296af3\" data-element_type=\"widget\" data-widget_type=\"spacer.default\">\n\t\t\t\t<div class=\"elementor-widget-container\">\n\t\t\t\t\t\t\t<div class=\"elementor-spacer\">\n\t\t\t<div class=\"elementor-spacer-inner\"><\/div>\n\t\t<\/div>\n\t\t\t\t\t\t<\/div>\n\t\t\t\t<\/div>\n\t\t\t\t<div class=\"elementor-element elementor-element-207fa4b elementor-widget elementor-widget-heading\" data-id=\"207fa4b\" data-element_type=\"widget\" data-widget_type=\"heading.default\">\n\t\t\t\t<div class=\"elementor-widget-container\">\n\t\t\t\t\t<h2 class=\"elementor-heading-title elementor-size-default\"><a href=\"https:\/\/enseignementdemichael.fr\/index.php\/mentions-legales\/\">Mentions l\u00e9gales<\/a><\/h2>\t\t\t\t<\/div>\n\t\t\t\t<\/div>\n\t\t\t\t<div class=\"elementor-element elementor-element-955f9b9 elementor-widget elementor-widget-heading\" data-id=\"955f9b9\" data-element_type=\"widget\" data-widget_type=\"heading.default\">\n\t\t\t\t<div class=\"elementor-widget-container\">\n\t\t\t\t\t<h2 class=\"elementor-heading-title elementor-size-default\"><a href=\"https:\/\/enseignementdemichael.fr\/index.php\/cgv\/\">Conditions g\u00e9n\u00e9rales de ventes<\/a><\/h2>\t\t\t\t<\/div>\n\t\t\t\t<\/div>\n\t\t\t\t<\/div>\n\t\t<div class=\"elementor-element elementor-element-12d254a e-con-full e-flex e-con e-child\" data-id=\"12d254a\" data-element_type=\"container\">\n\t\t\t\t<div class=\"elementor-element elementor-element-b0ad7b7 elementor-widget elementor-widget-spacer\" data-id=\"b0ad7b7\" data-element_type=\"widget\" data-widget_type=\"spacer.default\">\n\t\t\t\t<div class=\"elementor-widget-container\">\n\t\t\t\t\t\t\t<div class=\"elementor-spacer\">\n\t\t\t<div class=\"elementor-spacer-inner\"><\/div>\n\t\t<\/div>\n\t\t\t\t\t\t<\/div>\n\t\t\t\t<\/div>\n\t\t\t\t<div class=\"elementor-element elementor-element-11fc4e7 elementor-shape-circle elementor-grid-0 e-grid-align-center elementor-widget elementor-widget-social-icons\" data-id=\"11fc4e7\" data-element_type=\"widget\" data-widget_type=\"social-icons.default\">\n\t\t\t\t<div class=\"elementor-widget-container\">\n\t\t\t\t\t\t\t<div class=\"elementor-social-icons-wrapper elementor-grid\" role=\"list\">\n\t\t\t\t\t\t\t<span class=\"elementor-grid-item\" role=\"listitem\">\n\t\t\t\t\t<a class=\"elementor-icon elementor-social-icon elementor-social-icon-facebook elementor-repeater-item-40adbda\" href=\"https:\/\/www.facebook.com\/therapies.quantiques.9\" target=\"_blank\">\n\t\t\t\t\t\t<span class=\"elementor-screen-only\">Facebook<\/span>\n\t\t\t\t\t\t<svg aria-hidden=\"true\" class=\"e-font-icon-svg e-fab-facebook\" viewBox=\"0 0 512 512\" xmlns=\"http:\/\/www.w3.org\/2000\/svg\"><path d=\"M504 256C504 119 393 8 256 8S8 119 8 256c0 123.78 90.69 226.38 209.25 245V327.69h-63V256h63v-54.64c0-62.15 37-96.48 93.67-96.48 27.14 0 55.52 4.84 55.52 4.84v61h-31.28c-30.8 0-40.41 19.12-40.41 38.73V256h68.78l-11 71.69h-57.78V501C413.31 482.38 504 379.78 504 256z\"><\/path><\/svg>\t\t\t\t\t<\/a>\n\t\t\t\t<\/span>\n\t\t\t\t\t\t\t<span class=\"elementor-grid-item\" role=\"listitem\">\n\t\t\t\t\t<a class=\"elementor-icon elementor-social-icon elementor-social-icon-youtube elementor-repeater-item-650bd41\" href=\"https:\/\/www.youtube.com\/@fabiolatherapeute\" target=\"_blank\">\n\t\t\t\t\t\t<span class=\"elementor-screen-only\">Youtube<\/span>\n\t\t\t\t\t\t<svg aria-hidden=\"true\" class=\"e-font-icon-svg e-fab-youtube\" viewBox=\"0 0 576 512\" xmlns=\"http:\/\/www.w3.org\/2000\/svg\"><path d=\"M549.655 124.083c-6.281-23.65-24.787-42.276-48.284-48.597C458.781 64 288 64 288 64S117.22 64 74.629 75.486c-23.497 6.322-42.003 24.947-48.284 48.597-11.412 42.867-11.412 132.305-11.412 132.305s0 89.438 11.412 132.305c6.281 23.65 24.787 41.5 48.284 47.821C117.22 448 288 448 288 448s170.78 0 213.371-11.486c23.497-6.321 42.003-24.171 48.284-47.821 11.412-42.867 11.412-132.305 11.412-132.305s0-89.438-11.412-132.305zm-317.51 213.508V175.185l142.739 81.205-142.739 81.201z\"><\/path><\/svg>\t\t\t\t\t<\/a>\n\t\t\t\t<\/span>\n\t\t\t\t\t\t\t<span class=\"elementor-grid-item\" role=\"listitem\">\n\t\t\t\t\t<a class=\"elementor-icon elementor-social-icon elementor-social-icon-tiktok elementor-repeater-item-1b56490\" href=\"https:\/\/www.tiktok.com\/@fabiola_therapeute?lang=fr\" target=\"_blank\">\n\t\t\t\t\t\t<span class=\"elementor-screen-only\">Tiktok<\/span>\n\t\t\t\t\t\t<svg aria-hidden=\"true\" class=\"e-font-icon-svg e-fab-tiktok\" viewBox=\"0 0 448 512\" xmlns=\"http:\/\/www.w3.org\/2000\/svg\"><path d=\"M448,209.91a210.06,210.06,0,0,1-122.77-39.25V349.38A162.55,162.55,0,1,1,185,188.31V278.2a74.62,74.62,0,1,0,52.23,71.18V0l88,0a121.18,121.18,0,0,0,1.86,22.17h0A122.18,122.18,0,0,0,381,102.39a121.43,121.43,0,0,0,67,20.14Z\"><\/path><\/svg>\t\t\t\t\t<\/a>\n\t\t\t\t<\/span>\n\t\t\t\t\t<\/div>\n\t\t\t\t\t\t<\/div>\n\t\t\t\t<\/div>\n\t\t\t\t<\/div>\n\t\t\t\t<\/div>\n\t\t\t\t<\/div>\n\t\t\t\t<\/div>\n\t\t\t\t<\/div>\n\t\t\t\t<\/div>\n\t\t","protected":false},"excerpt":{"rendered":"<p>Le Nouvel Enseignement du Plan Divin Vous sentez-vous bloqu\u00e9(e), limit\u00e9(e), enferm\u00e9(e) dans des sch\u00e9mas r\u00e9p\u00e9titifs ? Avez-vous l\u2019impression que vous n\u2019occupez pas votre vraie place, que vous passez \u00e0 c\u00f4t\u00e9 de votre plein potentiel ? Vous aspirez \u00e0 plus de puissance int\u00e9rieure, de clart\u00e9 et de souverainet\u00e9 ? Bonne nouvelle : l\u2019ultime pouvoir est d\u00e9j\u00e0 [&hellip;]<\/p>\n","protected":false},"author":1,"featured_media":0,"parent":0,"menu_order":0,"comment_status":"closed","ping_status":"closed","template":"elementor_header_footer","meta":{"footnotes":""},"class_list":["post-3561","page","type-page","status-publish","hentry"],"_links":{"self":[{"href":"https:\/\/enseignementdemichael.fr\/index.php\/wp-json\/wp\/v2\/pages\/3561","targetHints":{"allow":["GET"]}}],"collection":[{"href":"https:\/\/enseignementdemichael.fr\/index.php\/wp-json\/wp\/v2\/pages"}],"about":[{"href":"https:\/\/enseignementdemichael.fr\/index.php\/wp-json\/wp\/v2\/types\/page"}],"author":[{"embeddable":true,"href":"https:\/\/enseignementdemichael.fr\/index.php\/wp-json\/wp\/v2\/users\/1"}],"replies":[{"embeddable":true,"href":"https:\/\/enseignementdemichael.fr\/index.php\/wp-json\/wp\/v2\/comments?post=3561"}],"version-history":[{"count":13,"href":"https:\/\/enseignementdemichael.fr\/index.php\/wp-json\/wp\/v2\/pages\/3561\/revisions"}],"predecessor-version":[{"id":3581,"href":"https:\/\/enseignementdemichael.fr\/index.php\/wp-json\/wp\/v2\/pages\/3561\/revisions\/3581"}],"wp:attachment":[{"href":"https:\/\/enseignementdemichael.fr\/index.php\/wp-json\/wp\/v2\/media?parent=3561"}],"curies":[{"name":"wp","href":"https:\/\/api.w.org\/{rel}","templated":true}]}}