{"id":3191,"date":"2024-12-04T14:22:25","date_gmt":"2024-12-04T13:22:25","guid":{"rendered":"https:\/\/crea.enseignementdemichael.fr\/?page_id=3191"},"modified":"2025-02-24T09:53:33","modified_gmt":"2025-02-24T08:53:33","slug":"enseignement-nxxii-22-secrets-et-pouvoir-des-maitres-ascensionnes","status":"publish","type":"page","link":"https:\/\/enseignementdemichael.fr\/index.php\/enseignement-nxxii-22-secrets-et-pouvoir-des-maitres-ascensionnes\/","title":{"rendered":"ENSEIGNEMENT N\u00b0XXII (22) SECRETS ET POUVOIR DES MAITRES ASCENSIONNES"},"content":{"rendered":"\t\t<div data-elementor-type=\"wp-page\" data-elementor-id=\"3191\" class=\"elementor elementor-3191\">\n\t\t\t\t<div class=\"elementor-element elementor-element-0e07e6c e-flex e-con-boxed e-con e-parent\" data-id=\"0e07e6c\" data-element_type=\"container\">\n\t\t\t\t\t<div class=\"e-con-inner\">\n\t\t<div class=\"elementor-element elementor-element-aab90ee e-flex e-con-boxed e-con e-child\" data-id=\"aab90ee\" data-element_type=\"container\">\n\t\t\t\t\t<div class=\"e-con-inner\">\n\t\t<div class=\"elementor-element elementor-element-389729a e-con-full e-flex e-con e-child\" data-id=\"389729a\" data-element_type=\"container\">\n\t\t\t\t<\/div>\n\t\t<div class=\"elementor-element elementor-element-1bae1fe e-con-full e-flex e-con e-child\" data-id=\"1bae1fe\" data-element_type=\"container\">\n\t\t\t\t<div class=\"elementor-element elementor-element-8d48bdb elementor-invisible elementor-widget elementor-widget-image\" data-id=\"8d48bdb\" data-element_type=\"widget\" data-settings=\"{&quot;_animation&quot;:&quot;fadeInDown&quot;}\" data-widget_type=\"image.default\">\n\t\t\t\t<div class=\"elementor-widget-container\">\n\t\t\t\t\t\t\t\t\t\t\t\t\t\t\t<img fetchpriority=\"high\" decoding=\"async\" width=\"300\" height=\"213\" src=\"https:\/\/enseignementdemichael.fr\/wp-content\/uploads\/2024\/04\/15ok-300x213.png\" class=\"attachment-medium size-medium wp-image-1274\" alt=\"\" srcset=\"https:\/\/enseignementdemichael.fr\/wp-content\/uploads\/2024\/04\/15ok-300x213.png 300w, https:\/\/enseignementdemichael.fr\/wp-content\/uploads\/2024\/04\/15ok-600x427.png 600w, https:\/\/enseignementdemichael.fr\/wp-content\/uploads\/2024\/04\/15ok.png 658w\" sizes=\"(max-width: 300px) 100vw, 300px\" \/>\t\t\t\t\t\t\t\t\t\t\t\t\t\t\t<\/div>\n\t\t\t\t<\/div>\n\t\t\t\t<\/div>\n\t\t<div class=\"elementor-element elementor-element-dc78596 e-con-full e-flex e-con e-child\" data-id=\"dc78596\" data-element_type=\"container\">\n\t\t\t\t<\/div>\n\t\t\t\t\t<\/div>\n\t\t\t\t<\/div>\n\t\t\t\t\t<\/div>\n\t\t\t\t<\/div>\n\t\t<div class=\"elementor-element elementor-element-6a9626f e-con-full e-flex e-con e-parent\" data-id=\"6a9626f\" data-element_type=\"container\">\n\t\t\t\t<div class=\"elementor-element elementor-element-6ca3524 elementor-widget elementor-widget-spacer\" data-id=\"6ca3524\" data-element_type=\"widget\" data-widget_type=\"spacer.default\">\n\t\t\t\t<div class=\"elementor-widget-container\">\n\t\t\t\t\t\t\t<div class=\"elementor-spacer\">\n\t\t\t<div class=\"elementor-spacer-inner\"><\/div>\n\t\t<\/div>\n\t\t\t\t\t\t<\/div>\n\t\t\t\t<\/div>\n\t\t\t\t<div class=\"elementor-element elementor-element-25b6e97 elementor-widget elementor-widget-spacer\" data-id=\"25b6e97\" data-element_type=\"widget\" data-widget_type=\"spacer.default\">\n\t\t\t\t<div class=\"elementor-widget-container\">\n\t\t\t\t\t\t\t<div class=\"elementor-spacer\">\n\t\t\t<div class=\"elementor-spacer-inner\"><\/div>\n\t\t<\/div>\n\t\t\t\t\t\t<\/div>\n\t\t\t\t<\/div>\n\t\t\t\t<div class=\"elementor-element elementor-element-7685f94 elementor-widget elementor-widget-heading\" data-id=\"7685f94\" data-element_type=\"widget\" data-widget_type=\"heading.default\">\n\t\t\t\t<div class=\"elementor-widget-container\">\n\t\t\t\t\t<h2 class=\"elementor-heading-title elementor-size-default\">Les ma\u00eetres \u00e0 la rescousse!\n\n<br><br>Avez-vous d\u00e9j\u00e0 ressenti que certains obstacles se r\u00e9p\u00e8tent inlassablement dans votre vie ? \n\n<br><br>Des sch\u00e9mas de souffrance, de manque, ou de solitude qui semblent revenir, malgr\u00e9 vos efforts pour les surmonter ?\n\n<br><br>C'est souvent parce que nous n\u00e9gligeons une ressource pr\u00e9cieuse : l'aide des Ma\u00eetres Ascensionn\u00e9s. \n\n<br><br>Ces \u00eatres de lumi\u00e8re, guides divins au service de l'humanit\u00e9, d\u00e9tiennent les cl\u00e9s pour transformer nos blocages en opportunit\u00e9s d'\u00e9volution.\n\n<br><br>Aujourd'hui, j'ai le plaisir de vous pr\u00e9senter mon tout nouvel enseignement audio : \"Secrets et pouvoir des Ma\u00eetres Ascensionn\u00e9s\", l'enseignement n\u00b0XXII de la hi\u00e9rarchie de l'Archange Micha\u00ebl. Pendant 77 minutes, je partage avec vous :\n\n   <br><br> Qui sont ces Ma\u00eetres lumineux, et pourquoi leur influence peut changer votre vie.\n    <br><br>Comment travailler avec eux de mani\u00e8re pratique pour recevoir leur guidance et leur puissance.\n    <br><br>Les nombreux b\u00e9n\u00e9fices d'une connexion profonde avec eux : paix int\u00e9rieure, abondance, gu\u00e9rison, alignement spirituel, et bien plus encore.\n  <br><br>  La bonne nouvelle, c\u2019est qu\u2019avec eux, tout devient plus clair, plus fluide, et infiniment plus lumineux.\n\n<br><br>Pourquoi attendre ? Transformez votre vie d\u00e8s aujourd'hui.\n\n<br><br>Vous n\u2019avez rien \u00e0 perdre, mais tout \u00e0 gagner : s\u00e9r\u00e9nit\u00e9, guidance divine, et le soutien des Ma\u00eetres Ascensionn\u00e9s pour avancer avec confiance dans votre vie.\n\n<br><br>Les Ma\u00eetres Ascensionn\u00e9s vous attendent pour vous transmettre leurs b\u00e9n\u00e9dictions. Commencez cette transformation d\u00e8s aujourd'hui !\nUne offre exceptionnelle pour vous guider d\u00e8s maintenant\n\n<br><br>Pour le lancement exclusif de cet enseignement, je vous propose :\n\n   <br><br> Enseignement Audio de 77 minutes avec ou sans musique ang\u00e9lique \u00e0 432 Hz\n    68% de remise pendant 6 jours seulement.\n    <br><br>Un bonus sp\u00e9cial : les 100 premi\u00e8res commandes recevront une parabole audio in\u00e9dite de 17 minutes, un enseignement lumineux pour approfondir votre compr\u00e9hension des Ma\u00eetres Ascensionn\u00e9s.\n   <br><br> Bonus n\u00b02 Le Petit livret Pdf \"Comment travailler avec les ma\u00eetres\"\n   <br><br> \u00c0 t\u00e9l\u00e9charger dans votre appareil pour les avoir \u00e0 vie, \u00e0 emporter partout.\n\n<br><br>Cette offre expire dans quelques jours, et les 100 premiers bonus partent vite. Ne manquez pas cette opportunit\u00e9 !\n\n<br><br>Tarif:  125\u20ac \n<br><br><\/h2>\t\t\t\t<\/div>\n\t\t\t\t<\/div>\n\t\t\t\t<div class=\"elementor-element elementor-element-0d6ba77 elementor-align-center elementor-widget elementor-widget-button\" data-id=\"0d6ba77\" data-element_type=\"widget\" data-widget_type=\"button.default\">\n\t\t\t\t<div class=\"elementor-widget-container\">\n\t\t\t\t\t\t\t\t\t<div class=\"elementor-button-wrapper\">\n\t\t\t\t\t<a class=\"elementor-button elementor-button-link elementor-size-md elementor-animation-shrink\" href=\"https:\/\/enseignementdemichael.fr\/index.php\/produit\/enseignement-nxxii-22-secrets-et-pouvoir-des-maitres-ascensionnes\/\">\n\t\t\t\t\t\t<span class=\"elementor-button-content-wrapper\">\n\t\t\t\t\t\t<span class=\"elementor-button-icon\">\n\t\t\t\t<svg aria-hidden=\"true\" class=\"e-font-icon-svg e-fas-cross\" viewBox=\"0 0 384 512\" xmlns=\"http:\/\/www.w3.org\/2000\/svg\"><path d=\"M352 128h-96V32c0-17.67-14.33-32-32-32h-64c-17.67 0-32 14.33-32 32v96H32c-17.67 0-32 14.33-32 32v64c0 17.67 14.33 32 32 32h96v224c0 17.67 14.33 32 32 32h64c17.67 0 32-14.33 32-32V256h96c17.67 0 32-14.33 32-32v-64c0-17.67-14.33-32-32-32z\"><\/path><\/svg>\t\t\t<\/span>\n\t\t\t\t\t\t\t\t\t<span class=\"elementor-button-text\">Je commande mon soin<\/span>\n\t\t\t\t\t<\/span>\n\t\t\t\t\t<\/a>\n\t\t\t\t<\/div>\n\t\t\t\t\t\t\t\t<\/div>\n\t\t\t\t<\/div>\n\t\t\t\t<div class=\"elementor-element elementor-element-aa044af elementor-widget elementor-widget-spacer\" data-id=\"aa044af\" data-element_type=\"widget\" data-widget_type=\"spacer.default\">\n\t\t\t\t<div class=\"elementor-widget-container\">\n\t\t\t\t\t\t\t<div class=\"elementor-spacer\">\n\t\t\t<div class=\"elementor-spacer-inner\"><\/div>\n\t\t<\/div>\n\t\t\t\t\t\t<\/div>\n\t\t\t\t<\/div>\n\t\t\t\t<\/div>\n\t\t<div class=\"elementor-element elementor-element-efa12dd e-flex e-con-boxed e-con e-parent\" data-id=\"efa12dd\" data-element_type=\"container\">\n\t\t\t\t\t<div class=\"e-con-inner\">\n\t\t\t\t<div class=\"elementor-element elementor-element-112ac37 elementor-widget elementor-widget-spacer\" data-id=\"112ac37\" data-element_type=\"widget\" data-widget_type=\"spacer.default\">\n\t\t\t\t<div class=\"elementor-widget-container\">\n\t\t\t\t\t\t\t<div class=\"elementor-spacer\">\n\t\t\t<div class=\"elementor-spacer-inner\"><\/div>\n\t\t<\/div>\n\t\t\t\t\t\t<\/div>\n\t\t\t\t<\/div>\n\t\t\t\t\t<\/div>\n\t\t\t\t<\/div>\n\t\t<div class=\"elementor-element elementor-element-d9946cb e-con-full e-flex e-con e-parent\" data-id=\"d9946cb\" data-element_type=\"container\">\n\t\t<div class=\"elementor-element elementor-element-4edc4e4 e-con-full e-flex e-con e-child\" data-id=\"4edc4e4\" data-element_type=\"container\">\n\t\t<div class=\"elementor-element elementor-element-16e818f e-con-full e-flex e-con e-child\" data-id=\"16e818f\" data-element_type=\"container\">\n\t\t<div class=\"elementor-element elementor-element-e6673e9 e-con-full e-flex e-con e-child\" data-id=\"e6673e9\" data-element_type=\"container\" data-settings=\"{&quot;background_background&quot;:&quot;classic&quot;}\">\n\t\t<div class=\"elementor-element elementor-element-4c617cc e-con-full e-flex e-con e-child\" data-id=\"4c617cc\" data-element_type=\"container\">\n\t\t\t\t<div class=\"elementor-element elementor-element-9de3833 elementor-widget__width-initial elementor-widget elementor-widget-image\" data-id=\"9de3833\" data-element_type=\"widget\" data-widget_type=\"image.default\">\n\t\t\t\t<div class=\"elementor-widget-container\">\n\t\t\t\t\t\t\t\t\t\t\t\t\t\t\t<img decoding=\"async\" width=\"963\" height=\"574\" src=\"https:\/\/enseignementdemichael.fr\/wp-content\/uploads\/2024\/01\/logo.png\" class=\"attachment-large size-large wp-image-58\" alt=\"\" srcset=\"https:\/\/enseignementdemichael.fr\/wp-content\/uploads\/2024\/01\/logo.png 963w, https:\/\/enseignementdemichael.fr\/wp-content\/uploads\/2024\/01\/logo-600x358.png 600w, https:\/\/enseignementdemichael.fr\/wp-content\/uploads\/2024\/01\/logo-300x179.png 300w, https:\/\/enseignementdemichael.fr\/wp-content\/uploads\/2024\/01\/logo-768x458.png 768w\" sizes=\"(max-width: 963px) 100vw, 963px\" \/>\t\t\t\t\t\t\t\t\t\t\t\t\t\t\t<\/div>\n\t\t\t\t<\/div>\n\t\t\t\t<\/div>\n\t\t<div class=\"elementor-element elementor-element-dc54b7c e-con-full e-flex e-con e-child\" data-id=\"dc54b7c\" data-element_type=\"container\">\n\t\t\t\t<div class=\"elementor-element elementor-element-92eaf99 elementor-widget elementor-widget-spacer\" data-id=\"92eaf99\" data-element_type=\"widget\" data-widget_type=\"spacer.default\">\n\t\t\t\t<div class=\"elementor-widget-container\">\n\t\t\t\t\t\t\t<div class=\"elementor-spacer\">\n\t\t\t<div class=\"elementor-spacer-inner\"><\/div>\n\t\t<\/div>\n\t\t\t\t\t\t<\/div>\n\t\t\t\t<\/div>\n\t\t\t\t<div class=\"elementor-element elementor-element-26b705e elementor-widget elementor-widget-heading\" data-id=\"26b705e\" data-element_type=\"widget\" data-widget_type=\"heading.default\">\n\t\t\t\t<div class=\"elementor-widget-container\">\n\t\t\t\t\t<h2 class=\"elementor-heading-title elementor-size-default\"><a href=\"https:\/\/enseignementdemichael.fr\/index.php\/mentions-legales\/\">Mentions l\u00e9gales<\/a><\/h2>\t\t\t\t<\/div>\n\t\t\t\t<\/div>\n\t\t\t\t<div class=\"elementor-element elementor-element-6ae9af0 elementor-widget elementor-widget-heading\" data-id=\"6ae9af0\" data-element_type=\"widget\" data-widget_type=\"heading.default\">\n\t\t\t\t<div class=\"elementor-widget-container\">\n\t\t\t\t\t<h2 class=\"elementor-heading-title elementor-size-default\"><a href=\"https:\/\/enseignementdemichael.fr\/index.php\/cgv\/\">Conditions g\u00e9n\u00e9rales de ventes<\/a><\/h2>\t\t\t\t<\/div>\n\t\t\t\t<\/div>\n\t\t\t\t<\/div>\n\t\t<div class=\"elementor-element elementor-element-4d2ee7d e-con-full e-flex e-con e-child\" data-id=\"4d2ee7d\" data-element_type=\"container\">\n\t\t\t\t<div class=\"elementor-element elementor-element-6495f10 elementor-widget elementor-widget-spacer\" data-id=\"6495f10\" data-element_type=\"widget\" data-widget_type=\"spacer.default\">\n\t\t\t\t<div class=\"elementor-widget-container\">\n\t\t\t\t\t\t\t<div class=\"elementor-spacer\">\n\t\t\t<div class=\"elementor-spacer-inner\"><\/div>\n\t\t<\/div>\n\t\t\t\t\t\t<\/div>\n\t\t\t\t<\/div>\n\t\t\t\t<div class=\"elementor-element elementor-element-6b913c2 elementor-shape-circle elementor-grid-0 e-grid-align-center elementor-widget elementor-widget-social-icons\" data-id=\"6b913c2\" data-element_type=\"widget\" data-widget_type=\"social-icons.default\">\n\t\t\t\t<div class=\"elementor-widget-container\">\n\t\t\t\t\t\t\t<div class=\"elementor-social-icons-wrapper elementor-grid\" role=\"list\">\n\t\t\t\t\t\t\t<span class=\"elementor-grid-item\" role=\"listitem\">\n\t\t\t\t\t<a class=\"elementor-icon elementor-social-icon elementor-social-icon-facebook elementor-repeater-item-40adbda\" href=\"https:\/\/www.facebook.com\/therapies.quantiques.9\" target=\"_blank\">\n\t\t\t\t\t\t<span class=\"elementor-screen-only\">Facebook<\/span>\n\t\t\t\t\t\t<svg aria-hidden=\"true\" class=\"e-font-icon-svg e-fab-facebook\" viewBox=\"0 0 512 512\" xmlns=\"http:\/\/www.w3.org\/2000\/svg\"><path d=\"M504 256C504 119 393 8 256 8S8 119 8 256c0 123.78 90.69 226.38 209.25 245V327.69h-63V256h63v-54.64c0-62.15 37-96.48 93.67-96.48 27.14 0 55.52 4.84 55.52 4.84v61h-31.28c-30.8 0-40.41 19.12-40.41 38.73V256h68.78l-11 71.69h-57.78V501C413.31 482.38 504 379.78 504 256z\"><\/path><\/svg>\t\t\t\t\t<\/a>\n\t\t\t\t<\/span>\n\t\t\t\t\t\t\t<span class=\"elementor-grid-item\" role=\"listitem\">\n\t\t\t\t\t<a class=\"elementor-icon elementor-social-icon elementor-social-icon-youtube elementor-repeater-item-650bd41\" href=\"https:\/\/www.youtube.com\/@fabiolatherapeute\" target=\"_blank\">\n\t\t\t\t\t\t<span class=\"elementor-screen-only\">Youtube<\/span>\n\t\t\t\t\t\t<svg aria-hidden=\"true\" class=\"e-font-icon-svg e-fab-youtube\" viewBox=\"0 0 576 512\" xmlns=\"http:\/\/www.w3.org\/2000\/svg\"><path d=\"M549.655 124.083c-6.281-23.65-24.787-42.276-48.284-48.597C458.781 64 288 64 288 64S117.22 64 74.629 75.486c-23.497 6.322-42.003 24.947-48.284 48.597-11.412 42.867-11.412 132.305-11.412 132.305s0 89.438 11.412 132.305c6.281 23.65 24.787 41.5 48.284 47.821C117.22 448 288 448 288 448s170.78 0 213.371-11.486c23.497-6.321 42.003-24.171 48.284-47.821 11.412-42.867 11.412-132.305 11.412-132.305s0-89.438-11.412-132.305zm-317.51 213.508V175.185l142.739 81.205-142.739 81.201z\"><\/path><\/svg>\t\t\t\t\t<\/a>\n\t\t\t\t<\/span>\n\t\t\t\t\t\t\t<span class=\"elementor-grid-item\" role=\"listitem\">\n\t\t\t\t\t<a class=\"elementor-icon elementor-social-icon elementor-social-icon-tiktok elementor-repeater-item-1b56490\" href=\"https:\/\/www.tiktok.com\/@fabiola_therapeute?lang=fr\" target=\"_blank\">\n\t\t\t\t\t\t<span class=\"elementor-screen-only\">Tiktok<\/span>\n\t\t\t\t\t\t<svg aria-hidden=\"true\" class=\"e-font-icon-svg e-fab-tiktok\" viewBox=\"0 0 448 512\" xmlns=\"http:\/\/www.w3.org\/2000\/svg\"><path d=\"M448,209.91a210.06,210.06,0,0,1-122.77-39.25V349.38A162.55,162.55,0,1,1,185,188.31V278.2a74.62,74.62,0,1,0,52.23,71.18V0l88,0a121.18,121.18,0,0,0,1.86,22.17h0A122.18,122.18,0,0,0,381,102.39a121.43,121.43,0,0,0,67,20.14Z\"><\/path><\/svg>\t\t\t\t\t<\/a>\n\t\t\t\t<\/span>\n\t\t\t\t\t<\/div>\n\t\t\t\t\t\t<\/div>\n\t\t\t\t<\/div>\n\t\t\t\t<\/div>\n\t\t\t\t<\/div>\n\t\t\t\t<\/div>\n\t\t\t\t<\/div>\n\t\t\t\t<\/div>\n\t\t\t\t<\/div>\n\t\t","protected":false},"excerpt":{"rendered":"<p>Les ma\u00eetres \u00e0 la rescousse! Avez-vous d\u00e9j\u00e0 ressenti que certains obstacles se r\u00e9p\u00e8tent inlassablement dans votre vie ? Des sch\u00e9mas de souffrance, de manque, ou de solitude qui semblent revenir, malgr\u00e9 vos efforts pour les surmonter ? C&rsquo;est souvent parce que nous n\u00e9gligeons une ressource pr\u00e9cieuse : l&rsquo;aide des Ma\u00eetres Ascensionn\u00e9s. Ces \u00eatres de lumi\u00e8re, [&hellip;]<\/p>\n","protected":false},"author":1,"featured_media":0,"parent":0,"menu_order":0,"comment_status":"closed","ping_status":"closed","template":"elementor_header_footer","meta":{"footnotes":""},"class_list":["post-3191","page","type-page","status-publish","hentry"],"_links":{"self":[{"href":"https:\/\/enseignementdemichael.fr\/index.php\/wp-json\/wp\/v2\/pages\/3191","targetHints":{"allow":["GET"]}}],"collection":[{"href":"https:\/\/enseignementdemichael.fr\/index.php\/wp-json\/wp\/v2\/pages"}],"about":[{"href":"https:\/\/enseignementdemichael.fr\/index.php\/wp-json\/wp\/v2\/types\/page"}],"author":[{"embeddable":true,"href":"https:\/\/enseignementdemichael.fr\/index.php\/wp-json\/wp\/v2\/users\/1"}],"replies":[{"embeddable":true,"href":"https:\/\/enseignementdemichael.fr\/index.php\/wp-json\/wp\/v2\/comments?post=3191"}],"version-history":[{"count":9,"href":"https:\/\/enseignementdemichael.fr\/index.php\/wp-json\/wp\/v2\/pages\/3191\/revisions"}],"predecessor-version":[{"id":3560,"href":"https:\/\/enseignementdemichael.fr\/index.php\/wp-json\/wp\/v2\/pages\/3191\/revisions\/3560"}],"wp:attachment":[{"href":"https:\/\/enseignementdemichael.fr\/index.php\/wp-json\/wp\/v2\/media?parent=3191"}],"curies":[{"name":"wp","href":"https:\/\/api.w.org\/{rel}","templated":true}]}}