{"id":1791,"date":"2024-04-11T19:56:53","date_gmt":"2024-04-11T17:56:53","guid":{"rendered":"https:\/\/crea.enseignementdemichael.fr\/?page_id=1791"},"modified":"2025-09-26T15:16:17","modified_gmt":"2025-09-26T13:16:17","slug":"soin-exorciser-votre-annee","status":"publish","type":"page","link":"https:\/\/enseignementdemichael.fr\/index.php\/soin-exorciser-votre-annee\/","title":{"rendered":"Soin exorciser votre ann\u00e9e"},"content":{"rendered":"\t\t<div data-elementor-type=\"wp-page\" data-elementor-id=\"1791\" class=\"elementor elementor-1791\">\n\t\t\t\t<div class=\"elementor-element elementor-element-6d63d3c e-flex e-con-boxed e-con e-parent\" data-id=\"6d63d3c\" data-element_type=\"container\">\n\t\t\t\t\t<div class=\"e-con-inner\">\n\t\t\t\t<div class=\"elementor-element elementor-element-5205641 elementor-widget elementor-widget-spacer\" data-id=\"5205641\" data-element_type=\"widget\" data-widget_type=\"spacer.default\">\n\t\t\t\t<div class=\"elementor-widget-container\">\n\t\t\t\t\t\t\t<div class=\"elementor-spacer\">\n\t\t\t<div class=\"elementor-spacer-inner\"><\/div>\n\t\t<\/div>\n\t\t\t\t\t\t<\/div>\n\t\t\t\t<\/div>\n\t\t\t\t\t<\/div>\n\t\t\t\t<\/div>\n\t\t<div class=\"elementor-element elementor-element-417502e e-flex e-con-boxed e-con e-parent\" data-id=\"417502e\" data-element_type=\"container\">\n\t\t\t\t\t<div class=\"e-con-inner\">\n\t\t<div class=\"elementor-element elementor-element-78a29cb e-flex e-con-boxed e-con e-child\" data-id=\"78a29cb\" data-element_type=\"container\">\n\t\t\t\t\t<div class=\"e-con-inner\">\n\t\t<div class=\"elementor-element elementor-element-3c07c80 e-con-full e-flex e-con e-child\" data-id=\"3c07c80\" data-element_type=\"container\">\n\t\t\t\t<\/div>\n\t\t<div class=\"elementor-element elementor-element-754c446 e-con-full e-flex e-con e-child\" data-id=\"754c446\" data-element_type=\"container\">\n\t\t\t\t<div class=\"elementor-element elementor-element-6a946c4 elementor-invisible elementor-widget elementor-widget-image\" data-id=\"6a946c4\" data-element_type=\"widget\" data-settings=\"{&quot;_animation&quot;:&quot;fadeInDown&quot;}\" data-widget_type=\"image.default\">\n\t\t\t\t<div class=\"elementor-widget-container\">\n\t\t\t\t\t\t\t\t\t\t\t\t\t\t\t<img fetchpriority=\"high\" decoding=\"async\" width=\"658\" height=\"468\" src=\"https:\/\/enseignementdemichael.fr\/wp-content\/uploads\/2024\/04\/15ok.png\" class=\"attachment-medium_large size-medium_large wp-image-1274\" alt=\"\" srcset=\"https:\/\/enseignementdemichael.fr\/wp-content\/uploads\/2024\/04\/15ok.png 658w, https:\/\/enseignementdemichael.fr\/wp-content\/uploads\/2024\/04\/15ok-300x213.png 300w, https:\/\/enseignementdemichael.fr\/wp-content\/uploads\/2024\/04\/15ok-600x427.png 600w\" sizes=\"(max-width: 658px) 100vw, 658px\" \/>\t\t\t\t\t\t\t\t\t\t\t\t\t\t\t<\/div>\n\t\t\t\t<\/div>\n\t\t\t\t<\/div>\n\t\t<div class=\"elementor-element elementor-element-64a2e8f e-con-full e-flex e-con e-child\" data-id=\"64a2e8f\" data-element_type=\"container\">\n\t\t\t\t<\/div>\n\t\t\t\t\t<\/div>\n\t\t\t\t<\/div>\n\t\t\t\t\t<\/div>\n\t\t\t\t<\/div>\n\t\t<div class=\"elementor-element elementor-element-028c030 e-con-full e-flex e-con e-parent\" data-id=\"028c030\" data-element_type=\"container\">\n\t\t\t\t<div class=\"elementor-element elementor-element-978826e elementor-widget elementor-widget-spacer\" data-id=\"978826e\" data-element_type=\"widget\" data-widget_type=\"spacer.default\">\n\t\t\t\t<div class=\"elementor-widget-container\">\n\t\t\t\t\t\t\t<div class=\"elementor-spacer\">\n\t\t\t<div class=\"elementor-spacer-inner\"><\/div>\n\t\t<\/div>\n\t\t\t\t\t\t<\/div>\n\t\t\t\t<\/div>\n\t\t\t\t<div class=\"elementor-element elementor-element-f7e306c elementor-widget elementor-widget-heading\" data-id=\"f7e306c\" data-element_type=\"widget\" data-widget_type=\"heading.default\">\n\t\t\t\t<div class=\"elementor-widget-container\">\n\t\t\t\t\t<h2 class=\"elementor-heading-title elementor-size-default\">Pourquoi exorciser votre ann\u00e9e en cours?\n\n<br><br>Cet Exorcisme G\u00e9n\u00e9ral pour 12 mois est primordial et fondamental en ces temps bouscul\u00e9s.\n\n<br><br>C\u2019est l\u2019abjuration et\u00a0 la lib\u00e9ration des 365 jours dans lesquels vous naviguez.\nPour la lib\u00e9ration des sch\u00e9mas de souffrance pr\u00eats \u00e0 se reproduire, des \u00e9nergies denses stagnantes dans votre \u00e9nergie , pour balayer des liens toxiques cr\u00e9\u00e9s\u00a0sur chemin de vie.\nLes 12 mois en cours sont particuli\u00e8rement douloureux pour une grande partie de l\u2019humanit\u00e9.\nUne ann\u00e9e qui a raviv\u00e9 de tr\u00e8s vieilles m\u00e9moires de peurs ancestrales, de\npeste, de fl\u00e9au, de souffrances, de pertes financi\u00e8res et de douleurs morales.\n\n<br><br>Gr\u00e2ce\u00a0\u00e0 Dieu nous avons \u00e9t\u00e9 pr\u00e9serv\u00e9s puisque nous sommes l\u00e0.\nSouvenons-nous qu\u2019un exorcisme est une b\u00e9n\u00e9diction puissante, lumineuse, qui vise \u00e0\nchasser toute n\u00e9gativit\u00e9, sur chaque plan, en toute dimension, tout ce qui vous affecte.\n<br><br>Ensuite cela sera le moment de poser vos intentions, en vous servant de la puissance du Verbe\ncr\u00e9ateur.\u00a0Le bonus en cadeau vous y aidera. Il est prodigieux.\n<br><br>Vous pouvez chasser par anticipation tout ce que vous pourriez\u00a0rencontrer de n\u00e9gatif dans chaque aspect de notre existence, au cours de l\u2019ann\u00e9e qui vient.\nDans cet exorcisme, vous est donn\u00e9e une protection colossale : quatre cierges b\u00e9nis qu\u2019on n\u2019\u00e9teint pas et qui vont br\u00fbler, durant toute l\u2019ann\u00e9e, dans l\u2019univers, pour illuminer chaque journ\u00e9e pour vous.\n\n<br><br>Quatre, parce que c\u2019est le chiffre de la perfection\u00a0; le chiffre atomique de l\u2019or, de la prosp\u00e9rit\u00e9 terrestre, de la protection, de la belle loi de l\u2019abondance positive de l\u2019univers et du succ\u00e8s.\nOffrez-vous cette somptueuse b\u00e9n\u00e9diction \u00e0 vous-m\u00eame, car vous vous\nsouhaitez le meilleur pour les 365 jours qui viennent. N\u2019est-ce pas?\n\n<br><br>C\u2019est, avec certitude, le cadeau le plus original que vous pourrez vous offrir.\n<br><br>Cette b\u00e9n\u00e9diction scintille de puret\u00e9, d\u2019amour et de lumi\u00e8re. Avec cet exorcisme divin, nous vous souhaitons une somptueuse nouvelle ann\u00e9e.\n\n<br><br>Et ce traitement quantique de puissante protection est \u00e0 effectuer au minimum une fois par an, c'est crucial, le jour de votre anniversaire, c'est aussi un cadeau original et divin \u00e0 offrir!\n\n\n<br><br>Dur\u00e9e 27 minutes\n\n\n<br><br>Tarif : 125,00 euros\n\n\n<\/h2>\t\t\t\t<\/div>\n\t\t\t\t<\/div>\n\t\t\t\t<div class=\"elementor-element elementor-element-954f3de elementor-widget elementor-widget-spacer\" data-id=\"954f3de\" data-element_type=\"widget\" data-widget_type=\"spacer.default\">\n\t\t\t\t<div class=\"elementor-widget-container\">\n\t\t\t\t\t\t\t<div class=\"elementor-spacer\">\n\t\t\t<div class=\"elementor-spacer-inner\"><\/div>\n\t\t<\/div>\n\t\t\t\t\t\t<\/div>\n\t\t\t\t<\/div>\n\t\t\t\t<div class=\"elementor-element elementor-element-29a13e9 elementor-align-center elementor-widget elementor-widget-button\" data-id=\"29a13e9\" data-element_type=\"widget\" data-widget_type=\"button.default\">\n\t\t\t\t<div class=\"elementor-widget-container\">\n\t\t\t\t\t\t\t\t\t<div class=\"elementor-button-wrapper\">\n\t\t\t\t\t<a class=\"elementor-button elementor-button-link elementor-size-md elementor-animation-shrink\" href=\"https:\/\/enseignementdemichael.fr\/index.php\/produit\/exorciser-votre-annee\/\">\n\t\t\t\t\t\t<span class=\"elementor-button-content-wrapper\">\n\t\t\t\t\t\t<span class=\"elementor-button-icon\">\n\t\t\t\t<svg aria-hidden=\"true\" class=\"e-font-icon-svg e-fas-cross\" viewBox=\"0 0 384 512\" xmlns=\"http:\/\/www.w3.org\/2000\/svg\"><path d=\"M352 128h-96V32c0-17.67-14.33-32-32-32h-64c-17.67 0-32 14.33-32 32v96H32c-17.67 0-32 14.33-32 32v64c0 17.67 14.33 32 32 32h96v224c0 17.67 14.33 32 32 32h64c17.67 0 32-14.33 32-32V256h96c17.67 0 32-14.33 32-32v-64c0-17.67-14.33-32-32-32z\"><\/path><\/svg>\t\t\t<\/span>\n\t\t\t\t\t\t\t\t\t<span class=\"elementor-button-text\">Je commande mon soin<\/span>\n\t\t\t\t\t<\/span>\n\t\t\t\t\t<\/a>\n\t\t\t\t<\/div>\n\t\t\t\t\t\t\t\t<\/div>\n\t\t\t\t<\/div>\n\t\t\t\t<div class=\"elementor-element elementor-element-7114e39 elementor-widget elementor-widget-spacer\" data-id=\"7114e39\" data-element_type=\"widget\" data-widget_type=\"spacer.default\">\n\t\t\t\t<div class=\"elementor-widget-container\">\n\t\t\t\t\t\t\t<div class=\"elementor-spacer\">\n\t\t\t<div class=\"elementor-spacer-inner\"><\/div>\n\t\t<\/div>\n\t\t\t\t\t\t<\/div>\n\t\t\t\t<\/div>\n\t\t\t\t<\/div>\n\t\t<div class=\"elementor-element elementor-element-4c57749 e-flex e-con-boxed e-con e-parent\" data-id=\"4c57749\" data-element_type=\"container\">\n\t\t\t\t\t<div class=\"e-con-inner\">\n\t\t<div class=\"elementor-element elementor-element-7d2ed76 e-flex e-con-boxed e-con e-child\" data-id=\"7d2ed76\" data-element_type=\"container\">\n\t\t\t\t\t<div class=\"e-con-inner\">\n\t\t<div class=\"elementor-element elementor-element-b58b730 e-flex e-con-boxed e-con e-child\" data-id=\"b58b730\" data-element_type=\"container\">\n\t\t\t\t\t<div class=\"e-con-inner\">\n\t\t\t\t<div class=\"elementor-element elementor-element-de6c282 elementor-widget elementor-widget-spacer\" data-id=\"de6c282\" data-element_type=\"widget\" data-widget_type=\"spacer.default\">\n\t\t\t\t<div class=\"elementor-widget-container\">\n\t\t\t\t\t\t\t<div class=\"elementor-spacer\">\n\t\t\t<div class=\"elementor-spacer-inner\"><\/div>\n\t\t<\/div>\n\t\t\t\t\t\t<\/div>\n\t\t\t\t<\/div>\n\t\t\t\t\t<\/div>\n\t\t\t\t<\/div>\n\t\t\t\t\t<\/div>\n\t\t\t\t<\/div>\n\t\t\t\t\t<\/div>\n\t\t\t\t<\/div>\n\t\t<div class=\"elementor-element elementor-element-083a68e e-con-full e-flex e-con e-parent\" data-id=\"083a68e\" data-element_type=\"container\">\n\t\t<div class=\"elementor-element elementor-element-a208541 e-con-full e-flex e-con e-child\" data-id=\"a208541\" data-element_type=\"container\">\n\t\t<div class=\"elementor-element elementor-element-be94c62 e-con-full e-flex e-con e-child\" data-id=\"be94c62\" data-element_type=\"container\">\n\t\t<div class=\"elementor-element elementor-element-8029a73 e-con-full e-flex e-con e-child\" data-id=\"8029a73\" data-element_type=\"container\" data-settings=\"{&quot;background_background&quot;:&quot;classic&quot;}\">\n\t\t<div class=\"elementor-element elementor-element-e813c5a e-con-full e-flex e-con e-child\" data-id=\"e813c5a\" data-element_type=\"container\">\n\t\t\t\t<div class=\"elementor-element elementor-element-59b7426 elementor-widget__width-initial elementor-widget elementor-widget-image\" data-id=\"59b7426\" data-element_type=\"widget\" data-widget_type=\"image.default\">\n\t\t\t\t<div class=\"elementor-widget-container\">\n\t\t\t\t\t\t\t\t\t\t\t\t\t\t\t<img decoding=\"async\" width=\"963\" height=\"574\" src=\"https:\/\/enseignementdemichael.fr\/wp-content\/uploads\/2024\/01\/logo.png\" class=\"attachment-large size-large wp-image-58\" alt=\"\" srcset=\"https:\/\/enseignementdemichael.fr\/wp-content\/uploads\/2024\/01\/logo.png 963w, https:\/\/enseignementdemichael.fr\/wp-content\/uploads\/2024\/01\/logo-600x358.png 600w, https:\/\/enseignementdemichael.fr\/wp-content\/uploads\/2024\/01\/logo-300x179.png 300w, https:\/\/enseignementdemichael.fr\/wp-content\/uploads\/2024\/01\/logo-768x458.png 768w\" sizes=\"(max-width: 963px) 100vw, 963px\" \/>\t\t\t\t\t\t\t\t\t\t\t\t\t\t\t<\/div>\n\t\t\t\t<\/div>\n\t\t\t\t<\/div>\n\t\t<div class=\"elementor-element elementor-element-d3f05ac e-con-full e-flex e-con e-child\" data-id=\"d3f05ac\" data-element_type=\"container\">\n\t\t\t\t<div class=\"elementor-element elementor-element-6d37ebc elementor-widget elementor-widget-spacer\" data-id=\"6d37ebc\" data-element_type=\"widget\" data-widget_type=\"spacer.default\">\n\t\t\t\t<div class=\"elementor-widget-container\">\n\t\t\t\t\t\t\t<div class=\"elementor-spacer\">\n\t\t\t<div class=\"elementor-spacer-inner\"><\/div>\n\t\t<\/div>\n\t\t\t\t\t\t<\/div>\n\t\t\t\t<\/div>\n\t\t\t\t<div class=\"elementor-element elementor-element-bd727c0 elementor-widget elementor-widget-heading\" data-id=\"bd727c0\" data-element_type=\"widget\" data-widget_type=\"heading.default\">\n\t\t\t\t<div class=\"elementor-widget-container\">\n\t\t\t\t\t<h2 class=\"elementor-heading-title elementor-size-default\"><a href=\"https:\/\/enseignementdemichael.fr\/index.php\/mentions-legales\/\">Mentions l\u00e9gales<\/a><\/h2>\t\t\t\t<\/div>\n\t\t\t\t<\/div>\n\t\t\t\t<div class=\"elementor-element elementor-element-72cde54 elementor-widget elementor-widget-heading\" data-id=\"72cde54\" data-element_type=\"widget\" data-widget_type=\"heading.default\">\n\t\t\t\t<div class=\"elementor-widget-container\">\n\t\t\t\t\t<h2 class=\"elementor-heading-title elementor-size-default\"><a href=\"https:\/\/enseignementdemichael.fr\/index.php\/cgv\/\">Conditions g\u00e9n\u00e9rales de ventes<\/a><\/h2>\t\t\t\t<\/div>\n\t\t\t\t<\/div>\n\t\t\t\t<\/div>\n\t\t<div class=\"elementor-element elementor-element-87c02a9 e-con-full e-flex e-con e-child\" data-id=\"87c02a9\" data-element_type=\"container\">\n\t\t\t\t<div class=\"elementor-element elementor-element-f5bde20 elementor-widget elementor-widget-spacer\" data-id=\"f5bde20\" data-element_type=\"widget\" data-widget_type=\"spacer.default\">\n\t\t\t\t<div class=\"elementor-widget-container\">\n\t\t\t\t\t\t\t<div class=\"elementor-spacer\">\n\t\t\t<div class=\"elementor-spacer-inner\"><\/div>\n\t\t<\/div>\n\t\t\t\t\t\t<\/div>\n\t\t\t\t<\/div>\n\t\t\t\t<div class=\"elementor-element elementor-element-6b4fea3 elementor-shape-circle elementor-grid-0 e-grid-align-center elementor-widget elementor-widget-social-icons\" data-id=\"6b4fea3\" data-element_type=\"widget\" data-widget_type=\"social-icons.default\">\n\t\t\t\t<div class=\"elementor-widget-container\">\n\t\t\t\t\t\t\t<div class=\"elementor-social-icons-wrapper elementor-grid\" role=\"list\">\n\t\t\t\t\t\t\t<span class=\"elementor-grid-item\" role=\"listitem\">\n\t\t\t\t\t<a class=\"elementor-icon elementor-social-icon elementor-social-icon-facebook elementor-repeater-item-40adbda\" href=\"https:\/\/www.facebook.com\/therapies.quantiques.9\" target=\"_blank\">\n\t\t\t\t\t\t<span class=\"elementor-screen-only\">Facebook<\/span>\n\t\t\t\t\t\t<svg aria-hidden=\"true\" class=\"e-font-icon-svg e-fab-facebook\" viewBox=\"0 0 512 512\" xmlns=\"http:\/\/www.w3.org\/2000\/svg\"><path d=\"M504 256C504 119 393 8 256 8S8 119 8 256c0 123.78 90.69 226.38 209.25 245V327.69h-63V256h63v-54.64c0-62.15 37-96.48 93.67-96.48 27.14 0 55.52 4.84 55.52 4.84v61h-31.28c-30.8 0-40.41 19.12-40.41 38.73V256h68.78l-11 71.69h-57.78V501C413.31 482.38 504 379.78 504 256z\"><\/path><\/svg>\t\t\t\t\t<\/a>\n\t\t\t\t<\/span>\n\t\t\t\t\t\t\t<span class=\"elementor-grid-item\" role=\"listitem\">\n\t\t\t\t\t<a class=\"elementor-icon elementor-social-icon elementor-social-icon-youtube elementor-repeater-item-650bd41\" href=\"https:\/\/www.youtube.com\/@fabiolatherapeute\" target=\"_blank\">\n\t\t\t\t\t\t<span class=\"elementor-screen-only\">Youtube<\/span>\n\t\t\t\t\t\t<svg aria-hidden=\"true\" class=\"e-font-icon-svg e-fab-youtube\" viewBox=\"0 0 576 512\" xmlns=\"http:\/\/www.w3.org\/2000\/svg\"><path d=\"M549.655 124.083c-6.281-23.65-24.787-42.276-48.284-48.597C458.781 64 288 64 288 64S117.22 64 74.629 75.486c-23.497 6.322-42.003 24.947-48.284 48.597-11.412 42.867-11.412 132.305-11.412 132.305s0 89.438 11.412 132.305c6.281 23.65 24.787 41.5 48.284 47.821C117.22 448 288 448 288 448s170.78 0 213.371-11.486c23.497-6.321 42.003-24.171 48.284-47.821 11.412-42.867 11.412-132.305 11.412-132.305s0-89.438-11.412-132.305zm-317.51 213.508V175.185l142.739 81.205-142.739 81.201z\"><\/path><\/svg>\t\t\t\t\t<\/a>\n\t\t\t\t<\/span>\n\t\t\t\t\t\t\t<span class=\"elementor-grid-item\" role=\"listitem\">\n\t\t\t\t\t<a class=\"elementor-icon elementor-social-icon elementor-social-icon-tiktok elementor-repeater-item-1b56490\" href=\"https:\/\/www.tiktok.com\/@fabiola_therapeute?lang=fr\" target=\"_blank\">\n\t\t\t\t\t\t<span class=\"elementor-screen-only\">Tiktok<\/span>\n\t\t\t\t\t\t<svg aria-hidden=\"true\" class=\"e-font-icon-svg e-fab-tiktok\" viewBox=\"0 0 448 512\" xmlns=\"http:\/\/www.w3.org\/2000\/svg\"><path d=\"M448,209.91a210.06,210.06,0,0,1-122.77-39.25V349.38A162.55,162.55,0,1,1,185,188.31V278.2a74.62,74.62,0,1,0,52.23,71.18V0l88,0a121.18,121.18,0,0,0,1.86,22.17h0A122.18,122.18,0,0,0,381,102.39a121.43,121.43,0,0,0,67,20.14Z\"><\/path><\/svg>\t\t\t\t\t<\/a>\n\t\t\t\t<\/span>\n\t\t\t\t\t<\/div>\n\t\t\t\t\t\t<\/div>\n\t\t\t\t<\/div>\n\t\t\t\t<\/div>\n\t\t\t\t<\/div>\n\t\t\t\t<\/div>\n\t\t\t\t<\/div>\n\t\t\t\t<\/div>\n\t\t\t\t<\/div>\n\t\t","protected":false},"excerpt":{"rendered":"<p>Pourquoi exorciser votre ann\u00e9e en cours? Cet Exorcisme G\u00e9n\u00e9ral pour 12 mois est primordial et fondamental en ces temps bouscul\u00e9s. C\u2019est l\u2019abjuration et\u00a0 la lib\u00e9ration des 365 jours dans lesquels vous naviguez. Pour la lib\u00e9ration des sch\u00e9mas de souffrance pr\u00eats \u00e0 se reproduire, des \u00e9nergies denses stagnantes dans votre \u00e9nergie , pour balayer des liens [&hellip;]<\/p>\n","protected":false},"author":1,"featured_media":0,"parent":0,"menu_order":0,"comment_status":"closed","ping_status":"closed","template":"elementor_header_footer","meta":{"footnotes":""},"class_list":["post-1791","page","type-page","status-publish","hentry"],"_links":{"self":[{"href":"https:\/\/enseignementdemichael.fr\/index.php\/wp-json\/wp\/v2\/pages\/1791","targetHints":{"allow":["GET"]}}],"collection":[{"href":"https:\/\/enseignementdemichael.fr\/index.php\/wp-json\/wp\/v2\/pages"}],"about":[{"href":"https:\/\/enseignementdemichael.fr\/index.php\/wp-json\/wp\/v2\/types\/page"}],"author":[{"embeddable":true,"href":"https:\/\/enseignementdemichael.fr\/index.php\/wp-json\/wp\/v2\/users\/1"}],"replies":[{"embeddable":true,"href":"https:\/\/enseignementdemichael.fr\/index.php\/wp-json\/wp\/v2\/comments?post=1791"}],"version-history":[{"count":13,"href":"https:\/\/enseignementdemichael.fr\/index.php\/wp-json\/wp\/v2\/pages\/1791\/revisions"}],"predecessor-version":[{"id":4720,"href":"https:\/\/enseignementdemichael.fr\/index.php\/wp-json\/wp\/v2\/pages\/1791\/revisions\/4720"}],"wp:attachment":[{"href":"https:\/\/enseignementdemichael.fr\/index.php\/wp-json\/wp\/v2\/media?parent=1791"}],"curies":[{"name":"wp","href":"https:\/\/api.w.org\/{rel}","templated":true}]}}