{"id":1679,"date":"2024-04-11T12:43:11","date_gmt":"2024-04-11T10:43:11","guid":{"rendered":"https:\/\/crea.enseignementdemichael.fr\/?page_id=1679"},"modified":"2025-09-26T15:10:06","modified_gmt":"2025-09-26T13:10:06","slug":"manuel-de-la-double-flamme-violet-argent-et-le-rituel-sacre","status":"publish","type":"page","link":"https:\/\/enseignementdemichael.fr\/index.php\/manuel-de-la-double-flamme-violet-argent-et-le-rituel-sacre\/","title":{"rendered":"Manuel de la Double Flamme Violet Argent et le rituel sacr\u00e9"},"content":{"rendered":"\t\t<div data-elementor-type=\"wp-page\" data-elementor-id=\"1679\" class=\"elementor elementor-1679\">\n\t\t\t\t<div class=\"elementor-element elementor-element-33e733f e-flex e-con-boxed e-con e-parent\" data-id=\"33e733f\" data-element_type=\"container\">\n\t\t\t\t\t<div class=\"e-con-inner\">\n\t\t\t\t<div class=\"elementor-element elementor-element-e9cb4bf elementor-widget elementor-widget-spacer\" data-id=\"e9cb4bf\" data-element_type=\"widget\" data-widget_type=\"spacer.default\">\n\t\t\t\t<div class=\"elementor-widget-container\">\n\t\t\t\t\t\t\t<div class=\"elementor-spacer\">\n\t\t\t<div class=\"elementor-spacer-inner\"><\/div>\n\t\t<\/div>\n\t\t\t\t\t\t<\/div>\n\t\t\t\t<\/div>\n\t\t\t\t\t<\/div>\n\t\t\t\t<\/div>\n\t\t<div class=\"elementor-element elementor-element-1208fe0 e-flex e-con-boxed e-con e-parent\" data-id=\"1208fe0\" data-element_type=\"container\">\n\t\t\t\t\t<div class=\"e-con-inner\">\n\t\t<div class=\"elementor-element elementor-element-b9221ea e-flex e-con-boxed e-con e-child\" data-id=\"b9221ea\" data-element_type=\"container\">\n\t\t\t\t\t<div class=\"e-con-inner\">\n\t\t<div class=\"elementor-element elementor-element-d6b418f e-con-full e-flex e-con e-child\" data-id=\"d6b418f\" data-element_type=\"container\">\n\t\t\t\t<\/div>\n\t\t<div class=\"elementor-element elementor-element-4827524 e-con-full e-flex e-con e-child\" data-id=\"4827524\" data-element_type=\"container\">\n\t\t\t\t<div class=\"elementor-element elementor-element-b7aeda5 elementor-invisible elementor-widget elementor-widget-image\" data-id=\"b7aeda5\" data-element_type=\"widget\" data-settings=\"{&quot;_animation&quot;:&quot;fadeInDown&quot;}\" data-widget_type=\"image.default\">\n\t\t\t\t<div class=\"elementor-widget-container\">\n\t\t\t\t\t\t\t\t\t\t\t\t\t\t\t<img fetchpriority=\"high\" decoding=\"async\" width=\"658\" height=\"468\" src=\"https:\/\/enseignementdemichael.fr\/wp-content\/uploads\/2024\/04\/5ok.png\" class=\"attachment-medium_large size-medium_large wp-image-1272\" alt=\"\" srcset=\"https:\/\/enseignementdemichael.fr\/wp-content\/uploads\/2024\/04\/5ok.png 658w, https:\/\/enseignementdemichael.fr\/wp-content\/uploads\/2024\/04\/5ok-300x213.png 300w, https:\/\/enseignementdemichael.fr\/wp-content\/uploads\/2024\/04\/5ok-600x427.png 600w\" sizes=\"(max-width: 658px) 100vw, 658px\" \/>\t\t\t\t\t\t\t\t\t\t\t\t\t\t\t<\/div>\n\t\t\t\t<\/div>\n\t\t\t\t<\/div>\n\t\t<div class=\"elementor-element elementor-element-0f132de e-con-full e-flex e-con e-child\" data-id=\"0f132de\" data-element_type=\"container\">\n\t\t\t\t<\/div>\n\t\t\t\t\t<\/div>\n\t\t\t\t<\/div>\n\t\t\t\t\t<\/div>\n\t\t\t\t<\/div>\n\t\t<div class=\"elementor-element elementor-element-3f1d5d7 e-con-full e-flex e-con e-parent\" data-id=\"3f1d5d7\" data-element_type=\"container\">\n\t\t\t\t<div class=\"elementor-element elementor-element-92f333e elementor-widget elementor-widget-spacer\" data-id=\"92f333e\" data-element_type=\"widget\" data-widget_type=\"spacer.default\">\n\t\t\t\t<div class=\"elementor-widget-container\">\n\t\t\t\t\t\t\t<div class=\"elementor-spacer\">\n\t\t\t<div class=\"elementor-spacer-inner\"><\/div>\n\t\t<\/div>\n\t\t\t\t\t\t<\/div>\n\t\t\t\t<\/div>\n\t\t\t\t<div class=\"elementor-element elementor-element-ca4fc6c elementor-widget elementor-widget-heading\" data-id=\"ca4fc6c\" data-element_type=\"widget\" data-widget_type=\"heading.default\">\n\t\t\t\t<div class=\"elementor-widget-container\">\n\t\t\t\t\t<h2 class=\"elementor-heading-title elementor-size-default\"> Pourquoi acqu\u00e9rir le Manuel de la Double Flamme Violet Argent et le rituel sacr\u00e9 associ\u00e9 ?\n\n<br><br>La Flamme Violet Argent a \u00e9t\u00e9 r\u00e9introduite par le Ma\u00eetre Ascensionn\u00e9 Saint-Germain, qui est le ma\u00eetre du 7\u00e8me rayon de Dieu, la conscience de l'univers.\n\n<br><br>Elle est un compl\u00e9ment ESSENTIEL \u00e0 la Flamme Violette dans l'\u00e8re du Verseau.\n\n<br><br>Elle agit principalement sur les mauvaises habitudes, les d\u00e9pendances, les addictions, les comportements d\u00e9pensiers , les humeurs\u00a0changeantes et le\u00a0karma n\u00e9gatif.\n\n<br><br>Elle peut transformer des relations conflictuelles en relations harmonieuses.\n\n<br><br>Nous pourrions dire qu'elle est une marche sup\u00e9rieure au niveau de la compr\u00e9hension de ce que l'on est, et de notre pouvoir cr\u00e9ateur.\n\n<br><br>Avec\u00a0ce Manuel\u00a0au format Pdf, contenant\u00a0l\u2019initiation \u00e0 la double flamme, ainsi que\u00a0le\u00a0Rituel Sacr\u00e9 \u00e0 utiliser, vous avez le pouvoir de changer ou transmuter toute \u00e9nergie sombre et fr\u00e9quence n\u00e9gative encapsul\u00e9e dans vos cellules physiques et \u00e9th\u00e9riques, ainsi que leurs origines depuis le d\u00e9but de vos incarnations.\n\n<br><br>Bien plus puissante que la flamme violette, elle am\u00e8ne en plus une activation tr\u00e8s subtile des chakras sup\u00e9rieurs.\n\n<br><br>Ce puissant rituel, autrefois r\u00e9serv\u00e9 aux enseignants, est simple \u00e0 mettre en place,\u00a0et tr\u00e8s bien expliqu\u00e9, son efficacit\u00e9 est grandement\u00a0reconnue.\n\n<br><br>Cette initiation \u00e0 la\u00a0Flamme Violet Argent\u00a0et le rituel sacr\u00e9 d\u00e9crit dans ce pr\u00e9cieux manuel permettent d'intensifier la pratique spirituelle et tous les soins Reiki, \u00a0Lahochi, ess\u00e9niens, chamaniques, sonores, d\u2019access bars, de reconnexion ou en magn\u00e9tisme.\n\n<br><br>Une fois command\u00e9, vous recevrez quelques minutes apr\u00e8s, par mail, le manuel \u00e0 enregistrer dans vos dossiers et \u00e0 conserver \u00e0 vie.\n\n\n\n\n<br><br>Manuel d'Initiation \u00e0 L'\u00c9nergie Violet Argent\n\n<br><br>+ Rituel Sacr\u00e9 \u00e0 effectuer\n\n<br><br>Tarif : 125,00 euros\n\n\n<\/h2>\t\t\t\t<\/div>\n\t\t\t\t<\/div>\n\t\t\t\t<div class=\"elementor-element elementor-element-032adeb elementor-widget elementor-widget-spacer\" data-id=\"032adeb\" data-element_type=\"widget\" data-widget_type=\"spacer.default\">\n\t\t\t\t<div class=\"elementor-widget-container\">\n\t\t\t\t\t\t\t<div class=\"elementor-spacer\">\n\t\t\t<div class=\"elementor-spacer-inner\"><\/div>\n\t\t<\/div>\n\t\t\t\t\t\t<\/div>\n\t\t\t\t<\/div>\n\t\t\t\t<div class=\"elementor-element elementor-element-bfc6ace elementor-align-center elementor-widget elementor-widget-button\" data-id=\"bfc6ace\" data-element_type=\"widget\" data-widget_type=\"button.default\">\n\t\t\t\t<div class=\"elementor-widget-container\">\n\t\t\t\t\t\t\t\t\t<div class=\"elementor-button-wrapper\">\n\t\t\t\t\t<a class=\"elementor-button elementor-button-link elementor-size-md elementor-animation-shrink\" href=\"https:\/\/enseignementdemichael.fr\/index.php\/produit\/manuel-dinitiation-a-la-double-flamme-violet-argent-rituel-sacre\/\">\n\t\t\t\t\t\t<span class=\"elementor-button-content-wrapper\">\n\t\t\t\t\t\t<span class=\"elementor-button-icon\">\n\t\t\t\t<svg aria-hidden=\"true\" class=\"e-font-icon-svg e-fas-cross\" viewBox=\"0 0 384 512\" xmlns=\"http:\/\/www.w3.org\/2000\/svg\"><path d=\"M352 128h-96V32c0-17.67-14.33-32-32-32h-64c-17.67 0-32 14.33-32 32v96H32c-17.67 0-32 14.33-32 32v64c0 17.67 14.33 32 32 32h96v224c0 17.67 14.33 32 32 32h64c17.67 0 32-14.33 32-32V256h96c17.67 0 32-14.33 32-32v-64c0-17.67-14.33-32-32-32z\"><\/path><\/svg>\t\t\t<\/span>\n\t\t\t\t\t\t\t\t\t<span class=\"elementor-button-text\">Je commande mon soin<\/span>\n\t\t\t\t\t<\/span>\n\t\t\t\t\t<\/a>\n\t\t\t\t<\/div>\n\t\t\t\t\t\t\t\t<\/div>\n\t\t\t\t<\/div>\n\t\t\t\t<div class=\"elementor-element elementor-element-eebbeea elementor-widget elementor-widget-spacer\" data-id=\"eebbeea\" data-element_type=\"widget\" data-widget_type=\"spacer.default\">\n\t\t\t\t<div class=\"elementor-widget-container\">\n\t\t\t\t\t\t\t<div class=\"elementor-spacer\">\n\t\t\t<div class=\"elementor-spacer-inner\"><\/div>\n\t\t<\/div>\n\t\t\t\t\t\t<\/div>\n\t\t\t\t<\/div>\n\t\t\t\t<\/div>\n\t\t<div class=\"elementor-element elementor-element-6004425 e-flex e-con-boxed e-con e-parent\" data-id=\"6004425\" data-element_type=\"container\">\n\t\t\t\t\t<div class=\"e-con-inner\">\n\t\t<div class=\"elementor-element elementor-element-0f2c2e4 e-flex e-con-boxed e-con e-child\" data-id=\"0f2c2e4\" data-element_type=\"container\">\n\t\t\t\t\t<div class=\"e-con-inner\">\n\t\t<div class=\"elementor-element elementor-element-083e54c e-flex e-con-boxed e-con e-child\" data-id=\"083e54c\" data-element_type=\"container\">\n\t\t\t\t\t<div class=\"e-con-inner\">\n\t\t\t\t<div class=\"elementor-element elementor-element-a3e5df4 elementor-widget elementor-widget-spacer\" data-id=\"a3e5df4\" data-element_type=\"widget\" data-widget_type=\"spacer.default\">\n\t\t\t\t<div class=\"elementor-widget-container\">\n\t\t\t\t\t\t\t<div class=\"elementor-spacer\">\n\t\t\t<div class=\"elementor-spacer-inner\"><\/div>\n\t\t<\/div>\n\t\t\t\t\t\t<\/div>\n\t\t\t\t<\/div>\n\t\t\t\t\t<\/div>\n\t\t\t\t<\/div>\n\t\t\t\t\t<\/div>\n\t\t\t\t<\/div>\n\t\t\t\t\t<\/div>\n\t\t\t\t<\/div>\n\t\t<div class=\"elementor-element elementor-element-9c63413 e-con-full e-flex e-con e-parent\" data-id=\"9c63413\" data-element_type=\"container\">\n\t\t<div class=\"elementor-element elementor-element-3fbd500 e-con-full e-flex e-con e-child\" data-id=\"3fbd500\" data-element_type=\"container\">\n\t\t<div class=\"elementor-element elementor-element-86f78c4 e-con-full e-flex e-con e-child\" data-id=\"86f78c4\" data-element_type=\"container\">\n\t\t<div class=\"elementor-element elementor-element-eee85ca e-con-full e-flex e-con e-child\" data-id=\"eee85ca\" data-element_type=\"container\" data-settings=\"{&quot;background_background&quot;:&quot;classic&quot;}\">\n\t\t<div class=\"elementor-element elementor-element-9c19cbe e-con-full e-flex e-con e-child\" data-id=\"9c19cbe\" data-element_type=\"container\">\n\t\t\t\t<div class=\"elementor-element elementor-element-7b07621 elementor-widget__width-initial elementor-widget elementor-widget-image\" data-id=\"7b07621\" data-element_type=\"widget\" data-widget_type=\"image.default\">\n\t\t\t\t<div class=\"elementor-widget-container\">\n\t\t\t\t\t\t\t\t\t\t\t\t\t\t\t<img decoding=\"async\" width=\"963\" height=\"574\" src=\"https:\/\/enseignementdemichael.fr\/wp-content\/uploads\/2024\/01\/logo.png\" class=\"attachment-large size-large wp-image-58\" alt=\"\" srcset=\"https:\/\/enseignementdemichael.fr\/wp-content\/uploads\/2024\/01\/logo.png 963w, https:\/\/enseignementdemichael.fr\/wp-content\/uploads\/2024\/01\/logo-600x358.png 600w, https:\/\/enseignementdemichael.fr\/wp-content\/uploads\/2024\/01\/logo-300x179.png 300w, https:\/\/enseignementdemichael.fr\/wp-content\/uploads\/2024\/01\/logo-768x458.png 768w\" sizes=\"(max-width: 963px) 100vw, 963px\" \/>\t\t\t\t\t\t\t\t\t\t\t\t\t\t\t<\/div>\n\t\t\t\t<\/div>\n\t\t\t\t<\/div>\n\t\t<div class=\"elementor-element elementor-element-23b04f8 e-con-full e-flex e-con e-child\" data-id=\"23b04f8\" data-element_type=\"container\">\n\t\t\t\t<div class=\"elementor-element elementor-element-8b76e3a elementor-widget elementor-widget-spacer\" data-id=\"8b76e3a\" data-element_type=\"widget\" data-widget_type=\"spacer.default\">\n\t\t\t\t<div class=\"elementor-widget-container\">\n\t\t\t\t\t\t\t<div class=\"elementor-spacer\">\n\t\t\t<div class=\"elementor-spacer-inner\"><\/div>\n\t\t<\/div>\n\t\t\t\t\t\t<\/div>\n\t\t\t\t<\/div>\n\t\t\t\t<div class=\"elementor-element elementor-element-8c4a884 elementor-widget elementor-widget-heading\" data-id=\"8c4a884\" data-element_type=\"widget\" data-widget_type=\"heading.default\">\n\t\t\t\t<div class=\"elementor-widget-container\">\n\t\t\t\t\t<h2 class=\"elementor-heading-title elementor-size-default\"><a href=\"https:\/\/enseignementdemichael.fr\/index.php\/mentions-legales\/\">Mentions l\u00e9gales<\/a><\/h2>\t\t\t\t<\/div>\n\t\t\t\t<\/div>\n\t\t\t\t<div class=\"elementor-element elementor-element-f9dafff elementor-widget elementor-widget-heading\" data-id=\"f9dafff\" data-element_type=\"widget\" data-widget_type=\"heading.default\">\n\t\t\t\t<div class=\"elementor-widget-container\">\n\t\t\t\t\t<h2 class=\"elementor-heading-title elementor-size-default\"><a href=\"https:\/\/enseignementdemichael.fr\/index.php\/cgv\/\">Conditions g\u00e9n\u00e9rales de ventes<\/a><\/h2>\t\t\t\t<\/div>\n\t\t\t\t<\/div>\n\t\t\t\t<\/div>\n\t\t<div class=\"elementor-element elementor-element-bfbfe59 e-con-full e-flex e-con e-child\" data-id=\"bfbfe59\" data-element_type=\"container\">\n\t\t\t\t<div class=\"elementor-element elementor-element-8522e78 elementor-widget elementor-widget-spacer\" data-id=\"8522e78\" data-element_type=\"widget\" data-widget_type=\"spacer.default\">\n\t\t\t\t<div class=\"elementor-widget-container\">\n\t\t\t\t\t\t\t<div class=\"elementor-spacer\">\n\t\t\t<div class=\"elementor-spacer-inner\"><\/div>\n\t\t<\/div>\n\t\t\t\t\t\t<\/div>\n\t\t\t\t<\/div>\n\t\t\t\t<div class=\"elementor-element elementor-element-4cd96ae elementor-shape-circle elementor-grid-0 e-grid-align-center elementor-widget elementor-widget-social-icons\" data-id=\"4cd96ae\" data-element_type=\"widget\" data-widget_type=\"social-icons.default\">\n\t\t\t\t<div class=\"elementor-widget-container\">\n\t\t\t\t\t\t\t<div class=\"elementor-social-icons-wrapper elementor-grid\" role=\"list\">\n\t\t\t\t\t\t\t<span class=\"elementor-grid-item\" role=\"listitem\">\n\t\t\t\t\t<a class=\"elementor-icon elementor-social-icon elementor-social-icon-facebook elementor-repeater-item-40adbda\" href=\"https:\/\/www.facebook.com\/therapies.quantiques.9\" target=\"_blank\">\n\t\t\t\t\t\t<span class=\"elementor-screen-only\">Facebook<\/span>\n\t\t\t\t\t\t<svg aria-hidden=\"true\" class=\"e-font-icon-svg e-fab-facebook\" viewBox=\"0 0 512 512\" xmlns=\"http:\/\/www.w3.org\/2000\/svg\"><path d=\"M504 256C504 119 393 8 256 8S8 119 8 256c0 123.78 90.69 226.38 209.25 245V327.69h-63V256h63v-54.64c0-62.15 37-96.48 93.67-96.48 27.14 0 55.52 4.84 55.52 4.84v61h-31.28c-30.8 0-40.41 19.12-40.41 38.73V256h68.78l-11 71.69h-57.78V501C413.31 482.38 504 379.78 504 256z\"><\/path><\/svg>\t\t\t\t\t<\/a>\n\t\t\t\t<\/span>\n\t\t\t\t\t\t\t<span class=\"elementor-grid-item\" role=\"listitem\">\n\t\t\t\t\t<a class=\"elementor-icon elementor-social-icon elementor-social-icon-youtube elementor-repeater-item-650bd41\" href=\"https:\/\/www.youtube.com\/@fabiolatherapeute\" target=\"_blank\">\n\t\t\t\t\t\t<span class=\"elementor-screen-only\">Youtube<\/span>\n\t\t\t\t\t\t<svg aria-hidden=\"true\" class=\"e-font-icon-svg e-fab-youtube\" viewBox=\"0 0 576 512\" xmlns=\"http:\/\/www.w3.org\/2000\/svg\"><path d=\"M549.655 124.083c-6.281-23.65-24.787-42.276-48.284-48.597C458.781 64 288 64 288 64S117.22 64 74.629 75.486c-23.497 6.322-42.003 24.947-48.284 48.597-11.412 42.867-11.412 132.305-11.412 132.305s0 89.438 11.412 132.305c6.281 23.65 24.787 41.5 48.284 47.821C117.22 448 288 448 288 448s170.78 0 213.371-11.486c23.497-6.321 42.003-24.171 48.284-47.821 11.412-42.867 11.412-132.305 11.412-132.305s0-89.438-11.412-132.305zm-317.51 213.508V175.185l142.739 81.205-142.739 81.201z\"><\/path><\/svg>\t\t\t\t\t<\/a>\n\t\t\t\t<\/span>\n\t\t\t\t\t\t\t<span class=\"elementor-grid-item\" role=\"listitem\">\n\t\t\t\t\t<a class=\"elementor-icon elementor-social-icon elementor-social-icon-tiktok elementor-repeater-item-1b56490\" href=\"https:\/\/www.tiktok.com\/@fabiola_therapeute?lang=fr\" target=\"_blank\">\n\t\t\t\t\t\t<span class=\"elementor-screen-only\">Tiktok<\/span>\n\t\t\t\t\t\t<svg aria-hidden=\"true\" class=\"e-font-icon-svg e-fab-tiktok\" viewBox=\"0 0 448 512\" xmlns=\"http:\/\/www.w3.org\/2000\/svg\"><path d=\"M448,209.91a210.06,210.06,0,0,1-122.77-39.25V349.38A162.55,162.55,0,1,1,185,188.31V278.2a74.62,74.62,0,1,0,52.23,71.18V0l88,0a121.18,121.18,0,0,0,1.86,22.17h0A122.18,122.18,0,0,0,381,102.39a121.43,121.43,0,0,0,67,20.14Z\"><\/path><\/svg>\t\t\t\t\t<\/a>\n\t\t\t\t<\/span>\n\t\t\t\t\t<\/div>\n\t\t\t\t\t\t<\/div>\n\t\t\t\t<\/div>\n\t\t\t\t<\/div>\n\t\t\t\t<\/div>\n\t\t\t\t<\/div>\n\t\t\t\t<\/div>\n\t\t\t\t<\/div>\n\t\t\t\t<\/div>\n\t\t","protected":false},"excerpt":{"rendered":"<p>Pourquoi acqu\u00e9rir le Manuel de la Double Flamme Violet Argent et le rituel sacr\u00e9 associ\u00e9 ? La Flamme Violet Argent a \u00e9t\u00e9 r\u00e9introduite par le Ma\u00eetre Ascensionn\u00e9 Saint-Germain, qui est le ma\u00eetre du 7\u00e8me rayon de Dieu, la conscience de l&rsquo;univers. Elle est un compl\u00e9ment ESSENTIEL \u00e0 la Flamme Violette dans l&rsquo;\u00e8re du Verseau. Elle [&hellip;]<\/p>\n","protected":false},"author":1,"featured_media":0,"parent":0,"menu_order":0,"comment_status":"closed","ping_status":"closed","template":"elementor_header_footer","meta":{"footnotes":""},"class_list":["post-1679","page","type-page","status-publish","hentry"],"_links":{"self":[{"href":"https:\/\/enseignementdemichael.fr\/index.php\/wp-json\/wp\/v2\/pages\/1679","targetHints":{"allow":["GET"]}}],"collection":[{"href":"https:\/\/enseignementdemichael.fr\/index.php\/wp-json\/wp\/v2\/pages"}],"about":[{"href":"https:\/\/enseignementdemichael.fr\/index.php\/wp-json\/wp\/v2\/types\/page"}],"author":[{"embeddable":true,"href":"https:\/\/enseignementdemichael.fr\/index.php\/wp-json\/wp\/v2\/users\/1"}],"replies":[{"embeddable":true,"href":"https:\/\/enseignementdemichael.fr\/index.php\/wp-json\/wp\/v2\/comments?post=1679"}],"version-history":[{"count":16,"href":"https:\/\/enseignementdemichael.fr\/index.php\/wp-json\/wp\/v2\/pages\/1679\/revisions"}],"predecessor-version":[{"id":4687,"href":"https:\/\/enseignementdemichael.fr\/index.php\/wp-json\/wp\/v2\/pages\/1679\/revisions\/4687"}],"wp:attachment":[{"href":"https:\/\/enseignementdemichael.fr\/index.php\/wp-json\/wp\/v2\/media?parent=1679"}],"curies":[{"name":"wp","href":"https:\/\/api.w.org\/{rel}","templated":true}]}}