{"id":1630,"date":"2024-04-11T09:47:27","date_gmt":"2024-04-11T07:47:27","guid":{"rendered":"https:\/\/crea.enseignementdemichael.fr\/?page_id=1630"},"modified":"2025-03-24T09:13:10","modified_gmt":"2025-03-24T08:13:10","slug":"enseignement-xvii-la-nouvelle-conscience-cosmique","status":"publish","type":"page","link":"https:\/\/enseignementdemichael.fr\/index.php\/enseignement-xvii-la-nouvelle-conscience-cosmique\/","title":{"rendered":"Enseignement XVII La nouvelle conscience cosmique"},"content":{"rendered":"\t\t<div data-elementor-type=\"wp-page\" data-elementor-id=\"1630\" class=\"elementor elementor-1630\">\n\t\t\t\t<div class=\"elementor-element elementor-element-1a5aab0 e-flex e-con-boxed e-con e-parent\" data-id=\"1a5aab0\" data-element_type=\"container\">\n\t\t\t\t\t<div class=\"e-con-inner\">\n\t\t<div class=\"elementor-element elementor-element-e59642d e-flex e-con-boxed e-con e-child\" data-id=\"e59642d\" data-element_type=\"container\">\n\t\t\t\t\t<div class=\"e-con-inner\">\n\t\t<div class=\"elementor-element elementor-element-2f3cdba e-con-full e-flex e-con e-child\" data-id=\"2f3cdba\" data-element_type=\"container\">\n\t\t\t\t<\/div>\n\t\t<div class=\"elementor-element elementor-element-167acfb e-con-full e-flex e-con e-child\" data-id=\"167acfb\" data-element_type=\"container\">\n\t\t\t\t<div class=\"elementor-element elementor-element-588480c elementor-invisible elementor-widget elementor-widget-image\" data-id=\"588480c\" data-element_type=\"widget\" data-settings=\"{&quot;_animation&quot;:&quot;fadeInDown&quot;}\" data-widget_type=\"image.default\">\n\t\t\t\t<div class=\"elementor-widget-container\">\n\t\t\t\t\t\t\t\t\t\t\t\t\t\t\t<img fetchpriority=\"high\" decoding=\"async\" width=\"300\" height=\"213\" src=\"https:\/\/enseignementdemichael.fr\/wp-content\/uploads\/2024\/04\/15ok-300x213.png\" class=\"attachment-medium size-medium wp-image-1274\" alt=\"\" srcset=\"https:\/\/enseignementdemichael.fr\/wp-content\/uploads\/2024\/04\/15ok-300x213.png 300w, https:\/\/enseignementdemichael.fr\/wp-content\/uploads\/2024\/04\/15ok-600x427.png 600w, https:\/\/enseignementdemichael.fr\/wp-content\/uploads\/2024\/04\/15ok.png 658w\" sizes=\"(max-width: 300px) 100vw, 300px\" \/>\t\t\t\t\t\t\t\t\t\t\t\t\t\t\t<\/div>\n\t\t\t\t<\/div>\n\t\t\t\t<\/div>\n\t\t<div class=\"elementor-element elementor-element-de0dc72 e-con-full e-flex e-con e-child\" data-id=\"de0dc72\" data-element_type=\"container\">\n\t\t\t\t<\/div>\n\t\t\t\t\t<\/div>\n\t\t\t\t<\/div>\n\t\t\t\t\t<\/div>\n\t\t\t\t<\/div>\n\t\t<div class=\"elementor-element elementor-element-e1163c1 e-con-full e-flex e-con e-parent\" data-id=\"e1163c1\" data-element_type=\"container\">\n\t\t\t\t<div class=\"elementor-element elementor-element-6876a57 elementor-widget elementor-widget-spacer\" data-id=\"6876a57\" data-element_type=\"widget\" data-widget_type=\"spacer.default\">\n\t\t\t\t<div class=\"elementor-widget-container\">\n\t\t\t\t\t\t\t<div class=\"elementor-spacer\">\n\t\t\t<div class=\"elementor-spacer-inner\"><\/div>\n\t\t<\/div>\n\t\t\t\t\t\t<\/div>\n\t\t\t\t<\/div>\n\t\t\t\t<div class=\"elementor-element elementor-element-1f7c852 elementor-widget elementor-widget-heading\" data-id=\"1f7c852\" data-element_type=\"widget\" data-widget_type=\"heading.default\">\n\t\t\t\t<div class=\"elementor-widget-container\">\n\t\t\t\t\t<h2 class=\"elementor-heading-title elementor-size-default\">Au niveau humain, l'esprit se laisse distraire dans de nombreuses directions et court ici et l\u00e0, sans avoir de direction particuli\u00e8re dans son mouvement.\n\n<br><br>Mais l\u2019appel de l\u2019Infini se fait sentir avec plus de pulsation et d\u2019acuit\u00e9 aujourd'hui.\n\n<br><br>L\u2019appel peut \u00eatre tr\u00e8s aigu, rigoureux, impossible de faire la sourde oreille ; pourtant, nous ne voyons pas ce que c'est.\n\n<br><br>C'est l'appel de nouvelle conscience que nous entendons de mani\u00e8re inaudible venant de l'int\u00e9rieur et de l'ext\u00e9rieur de nous, et c'est cet appel qui nous maintient actifs, en mouvement et demandant toujours plus de choses \u00e0 la vie.\n\n\n<br><br>Nous avons en nous l\u2019\u00e9l\u00e9ment divin, ainsi que l\u2019\u00e9l\u00e9ment instinctif.\n\n<br><br>C'est l'\u00e9l\u00e9ment divin qui nous permet d'esp\u00e9rer, de bouger, d'\u00eatre actifs et de demander toujours plus de libert\u00e9 et de bonheur.\n\n<br><br>Mais c\u2019est l\u2019autre aspect en nous qui nous maintient dans l\u2019obscurit\u00e9, nous emp\u00eachant d\u2019ouvrir les yeux et de voir la lumi\u00e8re du jour.\n\n<br><br>Pour transmuter les parts sombres de l'inconscient et angles morts du pass\u00e9:\n\n<br><br>Voici pour vous en exclusivit\u00e9 le Nouvel Enseignement Sacr\u00e9 de l'Archange\u00a0Micha\u00ebl, afin de comprendre et d'assimiler la Nouvelle Conscience Cosmique.\n\n<br><br>-Tarif :\u00a0 125\u20ac\n\n<br><br>-A \u00e9couter avec Musique ang\u00e9lique 432 Hz (augmente la conscience spirituelle)\n\n<br><br>-Audio de 44 minutes\u00a0\u00e0 t\u00e9l\u00e9charger en Mp3 dans vos dossiers\n\n<br><br>-Paiement en 3 fois possible\n\n<br><br>Que la perfection et l'omniscience de la nouvelle conscience cosmique se manifestent \u00e0 travers vos pens\u00e9es, vos paroles et vos actions.\n\n<br><br>Je vous en souhaite la conscientisation et l'expression parfaite de votre nature divine.\n\n\n<br><br>Tarif : 125,00 euros\n\n\n<\/h2>\t\t\t\t<\/div>\n\t\t\t\t<\/div>\n\t\t\t\t<div class=\"elementor-element elementor-element-62b42a2 elementor-widget elementor-widget-spacer\" data-id=\"62b42a2\" data-element_type=\"widget\" data-widget_type=\"spacer.default\">\n\t\t\t\t<div class=\"elementor-widget-container\">\n\t\t\t\t\t\t\t<div class=\"elementor-spacer\">\n\t\t\t<div class=\"elementor-spacer-inner\"><\/div>\n\t\t<\/div>\n\t\t\t\t\t\t<\/div>\n\t\t\t\t<\/div>\n\t\t\t\t<div class=\"elementor-element elementor-element-dff2034 elementor-align-center elementor-widget elementor-widget-button\" data-id=\"dff2034\" data-element_type=\"widget\" data-widget_type=\"button.default\">\n\t\t\t\t<div class=\"elementor-widget-container\">\n\t\t\t\t\t\t\t\t\t<div class=\"elementor-button-wrapper\">\n\t\t\t\t\t<a class=\"elementor-button elementor-button-link elementor-size-md elementor-animation-shrink\" href=\"https:\/\/enseignementdemichael.fr\/index.php\/produit\/enseignement-nxvii-17-la-nouvelle-conscience-cosmique\/\">\n\t\t\t\t\t\t<span class=\"elementor-button-content-wrapper\">\n\t\t\t\t\t\t<span class=\"elementor-button-icon\">\n\t\t\t\t<svg aria-hidden=\"true\" class=\"e-font-icon-svg e-fas-cross\" viewBox=\"0 0 384 512\" xmlns=\"http:\/\/www.w3.org\/2000\/svg\"><path d=\"M352 128h-96V32c0-17.67-14.33-32-32-32h-64c-17.67 0-32 14.33-32 32v96H32c-17.67 0-32 14.33-32 32v64c0 17.67 14.33 32 32 32h96v224c0 17.67 14.33 32 32 32h64c17.67 0 32-14.33 32-32V256h96c17.67 0 32-14.33 32-32v-64c0-17.67-14.33-32-32-32z\"><\/path><\/svg>\t\t\t<\/span>\n\t\t\t\t\t\t\t\t\t<span class=\"elementor-button-text\">Je commande mon soin<\/span>\n\t\t\t\t\t<\/span>\n\t\t\t\t\t<\/a>\n\t\t\t\t<\/div>\n\t\t\t\t\t\t\t\t<\/div>\n\t\t\t\t<\/div>\n\t\t\t\t<div class=\"elementor-element elementor-element-aeecaa2 elementor-widget elementor-widget-spacer\" data-id=\"aeecaa2\" data-element_type=\"widget\" data-widget_type=\"spacer.default\">\n\t\t\t\t<div class=\"elementor-widget-container\">\n\t\t\t\t\t\t\t<div class=\"elementor-spacer\">\n\t\t\t<div class=\"elementor-spacer-inner\"><\/div>\n\t\t<\/div>\n\t\t\t\t\t\t<\/div>\n\t\t\t\t<\/div>\n\t\t\t\t<\/div>\n\t\t<div class=\"elementor-element elementor-element-7fac2d2 e-flex e-con-boxed e-con e-parent\" data-id=\"7fac2d2\" data-element_type=\"container\">\n\t\t\t\t\t<div class=\"e-con-inner\">\n\t\t<div class=\"elementor-element elementor-element-dcac8e6 e-flex e-con-boxed e-con e-child\" data-id=\"dcac8e6\" data-element_type=\"container\">\n\t\t\t\t\t<div class=\"e-con-inner\">\n\t\t<div class=\"elementor-element elementor-element-35946b2 e-flex e-con-boxed e-con e-child\" data-id=\"35946b2\" data-element_type=\"container\">\n\t\t\t\t\t<div class=\"e-con-inner\">\n\t\t\t\t<div class=\"elementor-element elementor-element-1a387be elementor-widget elementor-widget-spacer\" data-id=\"1a387be\" data-element_type=\"widget\" data-widget_type=\"spacer.default\">\n\t\t\t\t<div class=\"elementor-widget-container\">\n\t\t\t\t\t\t\t<div class=\"elementor-spacer\">\n\t\t\t<div class=\"elementor-spacer-inner\"><\/div>\n\t\t<\/div>\n\t\t\t\t\t\t<\/div>\n\t\t\t\t<\/div>\n\t\t\t\t\t<\/div>\n\t\t\t\t<\/div>\n\t\t\t\t\t<\/div>\n\t\t\t\t<\/div>\n\t\t\t\t\t<\/div>\n\t\t\t\t<\/div>\n\t\t<div class=\"elementor-element elementor-element-aaa0065 e-con-full e-flex e-con e-parent\" data-id=\"aaa0065\" data-element_type=\"container\">\n\t\t<div class=\"elementor-element elementor-element-788aca9 e-con-full e-flex e-con e-child\" data-id=\"788aca9\" data-element_type=\"container\">\n\t\t<div class=\"elementor-element elementor-element-c1b7662 e-con-full e-flex e-con e-child\" data-id=\"c1b7662\" data-element_type=\"container\">\n\t\t<div class=\"elementor-element elementor-element-f616309 e-con-full e-flex e-con e-child\" data-id=\"f616309\" data-element_type=\"container\" data-settings=\"{&quot;background_background&quot;:&quot;classic&quot;}\">\n\t\t<div class=\"elementor-element elementor-element-aed35d3 e-con-full e-flex e-con e-child\" data-id=\"aed35d3\" data-element_type=\"container\">\n\t\t\t\t<div class=\"elementor-element elementor-element-b95e03c elementor-widget__width-initial elementor-widget elementor-widget-image\" data-id=\"b95e03c\" data-element_type=\"widget\" data-widget_type=\"image.default\">\n\t\t\t\t<div class=\"elementor-widget-container\">\n\t\t\t\t\t\t\t\t\t\t\t\t\t\t\t<img decoding=\"async\" width=\"963\" height=\"574\" src=\"https:\/\/enseignementdemichael.fr\/wp-content\/uploads\/2024\/01\/logo.png\" class=\"attachment-large size-large wp-image-58\" alt=\"\" srcset=\"https:\/\/enseignementdemichael.fr\/wp-content\/uploads\/2024\/01\/logo.png 963w, https:\/\/enseignementdemichael.fr\/wp-content\/uploads\/2024\/01\/logo-600x358.png 600w, https:\/\/enseignementdemichael.fr\/wp-content\/uploads\/2024\/01\/logo-300x179.png 300w, https:\/\/enseignementdemichael.fr\/wp-content\/uploads\/2024\/01\/logo-768x458.png 768w\" sizes=\"(max-width: 963px) 100vw, 963px\" \/>\t\t\t\t\t\t\t\t\t\t\t\t\t\t\t<\/div>\n\t\t\t\t<\/div>\n\t\t\t\t<\/div>\n\t\t<div class=\"elementor-element elementor-element-a2c1c16 e-con-full e-flex e-con e-child\" data-id=\"a2c1c16\" data-element_type=\"container\">\n\t\t\t\t<div class=\"elementor-element elementor-element-5fd6f28 elementor-widget elementor-widget-spacer\" data-id=\"5fd6f28\" data-element_type=\"widget\" data-widget_type=\"spacer.default\">\n\t\t\t\t<div class=\"elementor-widget-container\">\n\t\t\t\t\t\t\t<div class=\"elementor-spacer\">\n\t\t\t<div class=\"elementor-spacer-inner\"><\/div>\n\t\t<\/div>\n\t\t\t\t\t\t<\/div>\n\t\t\t\t<\/div>\n\t\t\t\t<div class=\"elementor-element elementor-element-7b56250 elementor-widget elementor-widget-heading\" data-id=\"7b56250\" data-element_type=\"widget\" data-widget_type=\"heading.default\">\n\t\t\t\t<div class=\"elementor-widget-container\">\n\t\t\t\t\t<h2 class=\"elementor-heading-title elementor-size-default\"><a href=\"https:\/\/enseignementdemichael.fr\/index.php\/mentions-legales\/\">Mentions l\u00e9gales<\/a><\/h2>\t\t\t\t<\/div>\n\t\t\t\t<\/div>\n\t\t\t\t<div class=\"elementor-element elementor-element-17baa26 elementor-widget elementor-widget-heading\" data-id=\"17baa26\" data-element_type=\"widget\" data-widget_type=\"heading.default\">\n\t\t\t\t<div class=\"elementor-widget-container\">\n\t\t\t\t\t<h2 class=\"elementor-heading-title elementor-size-default\"><a href=\"https:\/\/enseignementdemichael.fr\/index.php\/cgv\/\">Conditions g\u00e9n\u00e9rales de ventes<\/a><\/h2>\t\t\t\t<\/div>\n\t\t\t\t<\/div>\n\t\t\t\t<\/div>\n\t\t<div class=\"elementor-element elementor-element-09286cc e-con-full e-flex e-con e-child\" data-id=\"09286cc\" data-element_type=\"container\">\n\t\t\t\t<div class=\"elementor-element elementor-element-ccbf4fa elementor-widget elementor-widget-spacer\" data-id=\"ccbf4fa\" data-element_type=\"widget\" data-widget_type=\"spacer.default\">\n\t\t\t\t<div class=\"elementor-widget-container\">\n\t\t\t\t\t\t\t<div class=\"elementor-spacer\">\n\t\t\t<div class=\"elementor-spacer-inner\"><\/div>\n\t\t<\/div>\n\t\t\t\t\t\t<\/div>\n\t\t\t\t<\/div>\n\t\t\t\t<div class=\"elementor-element elementor-element-d7e95e2 elementor-shape-circle elementor-grid-0 e-grid-align-center elementor-widget elementor-widget-social-icons\" data-id=\"d7e95e2\" data-element_type=\"widget\" data-widget_type=\"social-icons.default\">\n\t\t\t\t<div class=\"elementor-widget-container\">\n\t\t\t\t\t\t\t<div class=\"elementor-social-icons-wrapper elementor-grid\" role=\"list\">\n\t\t\t\t\t\t\t<span class=\"elementor-grid-item\" role=\"listitem\">\n\t\t\t\t\t<a class=\"elementor-icon elementor-social-icon elementor-social-icon-facebook elementor-repeater-item-40adbda\" href=\"https:\/\/www.facebook.com\/therapies.quantiques.9\" target=\"_blank\">\n\t\t\t\t\t\t<span class=\"elementor-screen-only\">Facebook<\/span>\n\t\t\t\t\t\t<svg aria-hidden=\"true\" class=\"e-font-icon-svg e-fab-facebook\" viewBox=\"0 0 512 512\" xmlns=\"http:\/\/www.w3.org\/2000\/svg\"><path d=\"M504 256C504 119 393 8 256 8S8 119 8 256c0 123.78 90.69 226.38 209.25 245V327.69h-63V256h63v-54.64c0-62.15 37-96.48 93.67-96.48 27.14 0 55.52 4.84 55.52 4.84v61h-31.28c-30.8 0-40.41 19.12-40.41 38.73V256h68.78l-11 71.69h-57.78V501C413.31 482.38 504 379.78 504 256z\"><\/path><\/svg>\t\t\t\t\t<\/a>\n\t\t\t\t<\/span>\n\t\t\t\t\t\t\t<span class=\"elementor-grid-item\" role=\"listitem\">\n\t\t\t\t\t<a class=\"elementor-icon elementor-social-icon elementor-social-icon-youtube elementor-repeater-item-650bd41\" href=\"https:\/\/www.youtube.com\/@fabiolatherapeute\" target=\"_blank\">\n\t\t\t\t\t\t<span class=\"elementor-screen-only\">Youtube<\/span>\n\t\t\t\t\t\t<svg aria-hidden=\"true\" class=\"e-font-icon-svg e-fab-youtube\" viewBox=\"0 0 576 512\" xmlns=\"http:\/\/www.w3.org\/2000\/svg\"><path d=\"M549.655 124.083c-6.281-23.65-24.787-42.276-48.284-48.597C458.781 64 288 64 288 64S117.22 64 74.629 75.486c-23.497 6.322-42.003 24.947-48.284 48.597-11.412 42.867-11.412 132.305-11.412 132.305s0 89.438 11.412 132.305c6.281 23.65 24.787 41.5 48.284 47.821C117.22 448 288 448 288 448s170.78 0 213.371-11.486c23.497-6.321 42.003-24.171 48.284-47.821 11.412-42.867 11.412-132.305 11.412-132.305s0-89.438-11.412-132.305zm-317.51 213.508V175.185l142.739 81.205-142.739 81.201z\"><\/path><\/svg>\t\t\t\t\t<\/a>\n\t\t\t\t<\/span>\n\t\t\t\t\t\t\t<span class=\"elementor-grid-item\" role=\"listitem\">\n\t\t\t\t\t<a class=\"elementor-icon elementor-social-icon elementor-social-icon-tiktok elementor-repeater-item-1b56490\" href=\"https:\/\/www.tiktok.com\/@fabiola_therapeute?lang=fr\" target=\"_blank\">\n\t\t\t\t\t\t<span class=\"elementor-screen-only\">Tiktok<\/span>\n\t\t\t\t\t\t<svg aria-hidden=\"true\" class=\"e-font-icon-svg e-fab-tiktok\" viewBox=\"0 0 448 512\" xmlns=\"http:\/\/www.w3.org\/2000\/svg\"><path d=\"M448,209.91a210.06,210.06,0,0,1-122.77-39.25V349.38A162.55,162.55,0,1,1,185,188.31V278.2a74.62,74.62,0,1,0,52.23,71.18V0l88,0a121.18,121.18,0,0,0,1.86,22.17h0A122.18,122.18,0,0,0,381,102.39a121.43,121.43,0,0,0,67,20.14Z\"><\/path><\/svg>\t\t\t\t\t<\/a>\n\t\t\t\t<\/span>\n\t\t\t\t\t<\/div>\n\t\t\t\t\t\t<\/div>\n\t\t\t\t<\/div>\n\t\t\t\t<\/div>\n\t\t\t\t<\/div>\n\t\t\t\t<\/div>\n\t\t\t\t<\/div>\n\t\t\t\t<\/div>\n\t\t\t\t<\/div>\n\t\t","protected":false},"excerpt":{"rendered":"<p>Au niveau humain, l&rsquo;esprit se laisse distraire dans de nombreuses directions et court ici et l\u00e0, sans avoir de direction particuli\u00e8re dans son mouvement. Mais l\u2019appel de l\u2019Infini se fait sentir avec plus de pulsation et d\u2019acuit\u00e9 aujourd&rsquo;hui. L\u2019appel peut \u00eatre tr\u00e8s aigu, rigoureux, impossible de faire la sourde oreille ; pourtant, nous ne voyons [&hellip;]<\/p>\n","protected":false},"author":1,"featured_media":0,"parent":0,"menu_order":0,"comment_status":"closed","ping_status":"closed","template":"elementor_header_footer","meta":{"footnotes":""},"class_list":["post-1630","page","type-page","status-publish","hentry"],"_links":{"self":[{"href":"https:\/\/enseignementdemichael.fr\/index.php\/wp-json\/wp\/v2\/pages\/1630","targetHints":{"allow":["GET"]}}],"collection":[{"href":"https:\/\/enseignementdemichael.fr\/index.php\/wp-json\/wp\/v2\/pages"}],"about":[{"href":"https:\/\/enseignementdemichael.fr\/index.php\/wp-json\/wp\/v2\/types\/page"}],"author":[{"embeddable":true,"href":"https:\/\/enseignementdemichael.fr\/index.php\/wp-json\/wp\/v2\/users\/1"}],"replies":[{"embeddable":true,"href":"https:\/\/enseignementdemichael.fr\/index.php\/wp-json\/wp\/v2\/comments?post=1630"}],"version-history":[{"count":7,"href":"https:\/\/enseignementdemichael.fr\/index.php\/wp-json\/wp\/v2\/pages\/1630\/revisions"}],"predecessor-version":[{"id":3784,"href":"https:\/\/enseignementdemichael.fr\/index.php\/wp-json\/wp\/v2\/pages\/1630\/revisions\/3784"}],"wp:attachment":[{"href":"https:\/\/enseignementdemichael.fr\/index.php\/wp-json\/wp\/v2\/media?parent=1630"}],"curies":[{"name":"wp","href":"https:\/\/api.w.org\/{rel}","templated":true}]}}