{"id":1622,"date":"2024-04-11T09:41:19","date_gmt":"2024-04-11T07:41:19","guid":{"rendered":"https:\/\/crea.enseignementdemichael.fr\/?page_id=1622"},"modified":"2025-03-24T09:12:29","modified_gmt":"2025-03-24T08:12:29","slug":"enseignement-xvi-le-pouvoir-des-formes-pensees","status":"publish","type":"page","link":"https:\/\/enseignementdemichael.fr\/index.php\/enseignement-xvi-le-pouvoir-des-formes-pensees\/","title":{"rendered":"Enseignement XVI Le pouvoir des formes pens\u00e9es"},"content":{"rendered":"\t\t<div data-elementor-type=\"wp-page\" data-elementor-id=\"1622\" class=\"elementor elementor-1622\">\n\t\t\t\t<div class=\"elementor-element elementor-element-8c29209 e-flex e-con-boxed e-con e-parent\" data-id=\"8c29209\" data-element_type=\"container\">\n\t\t\t\t\t<div class=\"e-con-inner\">\n\t\t<div class=\"elementor-element elementor-element-2cc669e e-flex e-con-boxed e-con e-child\" data-id=\"2cc669e\" data-element_type=\"container\">\n\t\t\t\t\t<div class=\"e-con-inner\">\n\t\t<div class=\"elementor-element elementor-element-320ee32 e-con-full e-flex e-con e-child\" data-id=\"320ee32\" data-element_type=\"container\">\n\t\t\t\t<\/div>\n\t\t<div class=\"elementor-element elementor-element-4dd51ca e-con-full e-flex e-con e-child\" data-id=\"4dd51ca\" data-element_type=\"container\">\n\t\t\t\t<div class=\"elementor-element elementor-element-b671df9 elementor-invisible elementor-widget elementor-widget-image\" data-id=\"b671df9\" data-element_type=\"widget\" data-settings=\"{&quot;_animation&quot;:&quot;fadeInDown&quot;}\" data-widget_type=\"image.default\">\n\t\t\t\t<div class=\"elementor-widget-container\">\n\t\t\t\t\t\t\t\t\t\t\t\t\t\t\t<img fetchpriority=\"high\" decoding=\"async\" width=\"300\" height=\"213\" src=\"https:\/\/enseignementdemichael.fr\/wp-content\/uploads\/2024\/04\/15ok-300x213.png\" class=\"attachment-medium size-medium wp-image-1274\" alt=\"\" srcset=\"https:\/\/enseignementdemichael.fr\/wp-content\/uploads\/2024\/04\/15ok-300x213.png 300w, https:\/\/enseignementdemichael.fr\/wp-content\/uploads\/2024\/04\/15ok-600x427.png 600w, https:\/\/enseignementdemichael.fr\/wp-content\/uploads\/2024\/04\/15ok.png 658w\" sizes=\"(max-width: 300px) 100vw, 300px\" \/>\t\t\t\t\t\t\t\t\t\t\t\t\t\t\t<\/div>\n\t\t\t\t<\/div>\n\t\t\t\t<\/div>\n\t\t<div class=\"elementor-element elementor-element-404e717 e-con-full e-flex e-con e-child\" data-id=\"404e717\" data-element_type=\"container\">\n\t\t\t\t<\/div>\n\t\t\t\t\t<\/div>\n\t\t\t\t<\/div>\n\t\t\t\t\t<\/div>\n\t\t\t\t<\/div>\n\t\t<div class=\"elementor-element elementor-element-f051d7c e-con-full e-flex e-con e-parent\" data-id=\"f051d7c\" data-element_type=\"container\">\n\t\t\t\t<div class=\"elementor-element elementor-element-4a2519d elementor-widget elementor-widget-spacer\" data-id=\"4a2519d\" data-element_type=\"widget\" data-widget_type=\"spacer.default\">\n\t\t\t\t<div class=\"elementor-widget-container\">\n\t\t\t\t\t\t\t<div class=\"elementor-spacer\">\n\t\t\t<div class=\"elementor-spacer-inner\"><\/div>\n\t\t<\/div>\n\t\t\t\t\t\t<\/div>\n\t\t\t\t<\/div>\n\t\t\t\t<div class=\"elementor-element elementor-element-7bca4f8 elementor-widget elementor-widget-heading\" data-id=\"7bca4f8\" data-element_type=\"widget\" data-widget_type=\"heading.default\">\n\t\t\t\t<div class=\"elementor-widget-container\">\n\t\t\t\t\t<h2 class=\"elementor-heading-title elementor-size-default\">Tout part de la pens\u00e9e originelle.\n\n<br><br>La pens\u00e9e et le sentiment produisent une forme-pens\u00e9e.\n\n<br><br>Selon les enseignements anciens, au cours de votre processus de pens\u00e9e et de ressenti, deux ph\u00e9nom\u00e8nes se produisent.\n\n<br><br>La premi\u00e8re est que vous cr\u00e9ez une forme-pens\u00e9e (ou une entit\u00e9-pens\u00e9e). Une forme-pens\u00e9e est un \u00eatre ou une entit\u00e9 vivante r\u00e9elle cr\u00e9\u00e9e par le processus de pens\u00e9e.\n\n<br><br>Les pens\u00e9es sont la base de la manifestation, elles ont de la t\u00e9nacit\u00e9, de la coh\u00e9rence et de la vie.\n\n<br><br>Ce sont des entit\u00e9s r\u00e9elles qui peuvent ruiner ou am\u00e9liorer fortement votre existence.\n\n<br><br>Avec l\u2019enseignement XVI de la Hi\u00e9rarchie archang\u00e9lique de Micha\u00ebl, apprenez \u00e0 conna\u00eetre l'art et la science de la cr\u00e9ation d'une forme-pens\u00e9e puissante.\n\n<br><br>Deuxi\u00e8mement, l\u2019acte de penser ou de ressentir produit \u00e9galement ce qu\u2019on appelle un champ radiant psychique.\n\n<br><br>Un champ radiant psychique est similaire \u00e0 celui d\u2019une tour \u00e9mettrice qui envoie des signaux de t\u00e9l\u00e9vision.\n\n<br><br>Lorsque vous pensez et ressentez quelque chose avec force, vous aussi rayonnez un champ d\u2019\u00e9nergie avec la qualit\u00e9 de cette \u00e9nergie.\n\n<br><br>Cet enseignement extraordinaire va vous permettre, en toute simplicit\u00e9, d\u2019int\u00e9grer de nouvelles donn\u00e9es cr\u00e9atrices, pour entrer en coh\u00e9rence avec vos d\u00e9sirs de manifestation positive.\n\n<br><br>Ecoutez les 4 premi\u00e8res minutes gratuitement ici\n\n<br><br>C\u2019est une formation exceptionnelle d\u2019une heure et 40 minutes, \u00e0 \u00e9couter en \u00e9tant assis(e) une premi\u00e8re fois, dans le calme, seul(e), en notant les points essentiels si vous le d\u00e9sirez.\n\n<br><br>Formation audio \u00e0 t\u00e9l\u00e9charger et \u00e0 \u00e9couter s\u00e9rieusement au moins 7 fois ou 7 jours.\n\n<br><br>Pensez \u00e0 bien vous hydrater avant et apr\u00e8s l\u2019\u00e9coute attentive de cet enseignement sacr\u00e9, venu du plan divin.\n\n\n<br><br>Paiement en 3 fois possible.\n\n<br><br>Je vous en souhaite de grands changements et un sublime renouveau. Avec cet \u00e9minent enseignement, vous entrez dans la cour des grands.\n\n<br><br>Tarif : 125,00 euros\n\n\n<\/h2>\t\t\t\t<\/div>\n\t\t\t\t<\/div>\n\t\t\t\t<div class=\"elementor-element elementor-element-b71bdb0 elementor-widget elementor-widget-spacer\" data-id=\"b71bdb0\" data-element_type=\"widget\" data-widget_type=\"spacer.default\">\n\t\t\t\t<div class=\"elementor-widget-container\">\n\t\t\t\t\t\t\t<div class=\"elementor-spacer\">\n\t\t\t<div class=\"elementor-spacer-inner\"><\/div>\n\t\t<\/div>\n\t\t\t\t\t\t<\/div>\n\t\t\t\t<\/div>\n\t\t\t\t<div class=\"elementor-element elementor-element-e8dcb24 elementor-align-center elementor-widget elementor-widget-button\" data-id=\"e8dcb24\" data-element_type=\"widget\" data-widget_type=\"button.default\">\n\t\t\t\t<div class=\"elementor-widget-container\">\n\t\t\t\t\t\t\t\t\t<div class=\"elementor-button-wrapper\">\n\t\t\t\t\t<a class=\"elementor-button elementor-button-link elementor-size-md elementor-animation-shrink\" href=\"https:\/\/enseignementdemichael.fr\/index.php\/produit\/enseignement-xvi-16-de-michael-archange\/\">\n\t\t\t\t\t\t<span class=\"elementor-button-content-wrapper\">\n\t\t\t\t\t\t<span class=\"elementor-button-icon\">\n\t\t\t\t<svg aria-hidden=\"true\" class=\"e-font-icon-svg e-fas-cross\" viewBox=\"0 0 384 512\" xmlns=\"http:\/\/www.w3.org\/2000\/svg\"><path d=\"M352 128h-96V32c0-17.67-14.33-32-32-32h-64c-17.67 0-32 14.33-32 32v96H32c-17.67 0-32 14.33-32 32v64c0 17.67 14.33 32 32 32h96v224c0 17.67 14.33 32 32 32h64c17.67 0 32-14.33 32-32V256h96c17.67 0 32-14.33 32-32v-64c0-17.67-14.33-32-32-32z\"><\/path><\/svg>\t\t\t<\/span>\n\t\t\t\t\t\t\t\t\t<span class=\"elementor-button-text\">Je commande mon soin<\/span>\n\t\t\t\t\t<\/span>\n\t\t\t\t\t<\/a>\n\t\t\t\t<\/div>\n\t\t\t\t\t\t\t\t<\/div>\n\t\t\t\t<\/div>\n\t\t\t\t<div class=\"elementor-element elementor-element-238722f elementor-widget elementor-widget-spacer\" data-id=\"238722f\" data-element_type=\"widget\" data-widget_type=\"spacer.default\">\n\t\t\t\t<div class=\"elementor-widget-container\">\n\t\t\t\t\t\t\t<div class=\"elementor-spacer\">\n\t\t\t<div class=\"elementor-spacer-inner\"><\/div>\n\t\t<\/div>\n\t\t\t\t\t\t<\/div>\n\t\t\t\t<\/div>\n\t\t\t\t<\/div>\n\t\t<div class=\"elementor-element elementor-element-b33569c e-flex e-con-boxed e-con e-parent\" data-id=\"b33569c\" data-element_type=\"container\">\n\t\t\t\t\t<div class=\"e-con-inner\">\n\t\t<div class=\"elementor-element elementor-element-15e958b e-flex e-con-boxed e-con e-child\" data-id=\"15e958b\" data-element_type=\"container\">\n\t\t\t\t\t<div class=\"e-con-inner\">\n\t\t<div class=\"elementor-element elementor-element-ceece8d e-flex e-con-boxed e-con e-child\" data-id=\"ceece8d\" data-element_type=\"container\">\n\t\t\t\t\t<div class=\"e-con-inner\">\n\t\t\t\t<div class=\"elementor-element elementor-element-5966370 elementor-widget elementor-widget-spacer\" data-id=\"5966370\" data-element_type=\"widget\" data-widget_type=\"spacer.default\">\n\t\t\t\t<div class=\"elementor-widget-container\">\n\t\t\t\t\t\t\t<div class=\"elementor-spacer\">\n\t\t\t<div class=\"elementor-spacer-inner\"><\/div>\n\t\t<\/div>\n\t\t\t\t\t\t<\/div>\n\t\t\t\t<\/div>\n\t\t\t\t\t<\/div>\n\t\t\t\t<\/div>\n\t\t\t\t\t<\/div>\n\t\t\t\t<\/div>\n\t\t\t\t\t<\/div>\n\t\t\t\t<\/div>\n\t\t<div class=\"elementor-element elementor-element-46591e0 e-con-full e-flex e-con e-parent\" data-id=\"46591e0\" data-element_type=\"container\">\n\t\t<div class=\"elementor-element elementor-element-b3103dd e-con-full e-flex e-con e-child\" data-id=\"b3103dd\" data-element_type=\"container\">\n\t\t<div class=\"elementor-element elementor-element-bf4b8c9 e-con-full e-flex e-con e-child\" data-id=\"bf4b8c9\" data-element_type=\"container\">\n\t\t<div class=\"elementor-element elementor-element-efb17fc e-con-full e-flex e-con e-child\" data-id=\"efb17fc\" data-element_type=\"container\" data-settings=\"{&quot;background_background&quot;:&quot;classic&quot;}\">\n\t\t<div class=\"elementor-element elementor-element-2fa32cf e-con-full e-flex e-con e-child\" data-id=\"2fa32cf\" data-element_type=\"container\">\n\t\t\t\t<div class=\"elementor-element elementor-element-52d7a72 elementor-widget__width-initial elementor-widget elementor-widget-image\" data-id=\"52d7a72\" data-element_type=\"widget\" data-widget_type=\"image.default\">\n\t\t\t\t<div class=\"elementor-widget-container\">\n\t\t\t\t\t\t\t\t\t\t\t\t\t\t\t<img decoding=\"async\" width=\"963\" height=\"574\" src=\"https:\/\/enseignementdemichael.fr\/wp-content\/uploads\/2024\/01\/logo.png\" class=\"attachment-large size-large wp-image-58\" alt=\"\" srcset=\"https:\/\/enseignementdemichael.fr\/wp-content\/uploads\/2024\/01\/logo.png 963w, https:\/\/enseignementdemichael.fr\/wp-content\/uploads\/2024\/01\/logo-600x358.png 600w, https:\/\/enseignementdemichael.fr\/wp-content\/uploads\/2024\/01\/logo-300x179.png 300w, https:\/\/enseignementdemichael.fr\/wp-content\/uploads\/2024\/01\/logo-768x458.png 768w\" sizes=\"(max-width: 963px) 100vw, 963px\" \/>\t\t\t\t\t\t\t\t\t\t\t\t\t\t\t<\/div>\n\t\t\t\t<\/div>\n\t\t\t\t<\/div>\n\t\t<div class=\"elementor-element elementor-element-f5ca7f1 e-con-full e-flex e-con e-child\" data-id=\"f5ca7f1\" data-element_type=\"container\">\n\t\t\t\t<div class=\"elementor-element elementor-element-40cdbbc elementor-widget elementor-widget-spacer\" data-id=\"40cdbbc\" data-element_type=\"widget\" data-widget_type=\"spacer.default\">\n\t\t\t\t<div class=\"elementor-widget-container\">\n\t\t\t\t\t\t\t<div class=\"elementor-spacer\">\n\t\t\t<div class=\"elementor-spacer-inner\"><\/div>\n\t\t<\/div>\n\t\t\t\t\t\t<\/div>\n\t\t\t\t<\/div>\n\t\t\t\t<div class=\"elementor-element elementor-element-9d7f005 elementor-widget elementor-widget-heading\" data-id=\"9d7f005\" data-element_type=\"widget\" data-widget_type=\"heading.default\">\n\t\t\t\t<div class=\"elementor-widget-container\">\n\t\t\t\t\t<h2 class=\"elementor-heading-title elementor-size-default\"><a href=\"https:\/\/enseignementdemichael.fr\/index.php\/mentions-legales\/\">Mentions l\u00e9gales<\/a><\/h2>\t\t\t\t<\/div>\n\t\t\t\t<\/div>\n\t\t\t\t<div class=\"elementor-element elementor-element-6e12c36 elementor-widget elementor-widget-heading\" data-id=\"6e12c36\" data-element_type=\"widget\" data-widget_type=\"heading.default\">\n\t\t\t\t<div class=\"elementor-widget-container\">\n\t\t\t\t\t<h2 class=\"elementor-heading-title elementor-size-default\"><a href=\"https:\/\/enseignementdemichael.fr\/index.php\/cgv\/\">Conditions g\u00e9n\u00e9rales de ventes<\/a><\/h2>\t\t\t\t<\/div>\n\t\t\t\t<\/div>\n\t\t\t\t<\/div>\n\t\t<div class=\"elementor-element elementor-element-d88a0c5 e-con-full e-flex e-con e-child\" data-id=\"d88a0c5\" data-element_type=\"container\">\n\t\t\t\t<div class=\"elementor-element elementor-element-6feaa7b elementor-widget elementor-widget-spacer\" data-id=\"6feaa7b\" data-element_type=\"widget\" data-widget_type=\"spacer.default\">\n\t\t\t\t<div class=\"elementor-widget-container\">\n\t\t\t\t\t\t\t<div class=\"elementor-spacer\">\n\t\t\t<div class=\"elementor-spacer-inner\"><\/div>\n\t\t<\/div>\n\t\t\t\t\t\t<\/div>\n\t\t\t\t<\/div>\n\t\t\t\t<div class=\"elementor-element elementor-element-a4b8f22 elementor-shape-circle elementor-grid-0 e-grid-align-center elementor-widget elementor-widget-social-icons\" data-id=\"a4b8f22\" data-element_type=\"widget\" data-widget_type=\"social-icons.default\">\n\t\t\t\t<div class=\"elementor-widget-container\">\n\t\t\t\t\t\t\t<div class=\"elementor-social-icons-wrapper elementor-grid\" role=\"list\">\n\t\t\t\t\t\t\t<span class=\"elementor-grid-item\" role=\"listitem\">\n\t\t\t\t\t<a class=\"elementor-icon elementor-social-icon elementor-social-icon-facebook elementor-repeater-item-40adbda\" href=\"https:\/\/www.facebook.com\/therapies.quantiques.9\" target=\"_blank\">\n\t\t\t\t\t\t<span class=\"elementor-screen-only\">Facebook<\/span>\n\t\t\t\t\t\t<svg aria-hidden=\"true\" class=\"e-font-icon-svg e-fab-facebook\" viewBox=\"0 0 512 512\" xmlns=\"http:\/\/www.w3.org\/2000\/svg\"><path d=\"M504 256C504 119 393 8 256 8S8 119 8 256c0 123.78 90.69 226.38 209.25 245V327.69h-63V256h63v-54.64c0-62.15 37-96.48 93.67-96.48 27.14 0 55.52 4.84 55.52 4.84v61h-31.28c-30.8 0-40.41 19.12-40.41 38.73V256h68.78l-11 71.69h-57.78V501C413.31 482.38 504 379.78 504 256z\"><\/path><\/svg>\t\t\t\t\t<\/a>\n\t\t\t\t<\/span>\n\t\t\t\t\t\t\t<span class=\"elementor-grid-item\" role=\"listitem\">\n\t\t\t\t\t<a class=\"elementor-icon elementor-social-icon elementor-social-icon-youtube elementor-repeater-item-650bd41\" href=\"https:\/\/www.youtube.com\/@fabiolatherapeute\" target=\"_blank\">\n\t\t\t\t\t\t<span class=\"elementor-screen-only\">Youtube<\/span>\n\t\t\t\t\t\t<svg aria-hidden=\"true\" class=\"e-font-icon-svg e-fab-youtube\" viewBox=\"0 0 576 512\" xmlns=\"http:\/\/www.w3.org\/2000\/svg\"><path d=\"M549.655 124.083c-6.281-23.65-24.787-42.276-48.284-48.597C458.781 64 288 64 288 64S117.22 64 74.629 75.486c-23.497 6.322-42.003 24.947-48.284 48.597-11.412 42.867-11.412 132.305-11.412 132.305s0 89.438 11.412 132.305c6.281 23.65 24.787 41.5 48.284 47.821C117.22 448 288 448 288 448s170.78 0 213.371-11.486c23.497-6.321 42.003-24.171 48.284-47.821 11.412-42.867 11.412-132.305 11.412-132.305s0-89.438-11.412-132.305zm-317.51 213.508V175.185l142.739 81.205-142.739 81.201z\"><\/path><\/svg>\t\t\t\t\t<\/a>\n\t\t\t\t<\/span>\n\t\t\t\t\t\t\t<span class=\"elementor-grid-item\" role=\"listitem\">\n\t\t\t\t\t<a class=\"elementor-icon elementor-social-icon elementor-social-icon-tiktok elementor-repeater-item-1b56490\" href=\"https:\/\/www.tiktok.com\/@fabiola_therapeute?lang=fr\" target=\"_blank\">\n\t\t\t\t\t\t<span class=\"elementor-screen-only\">Tiktok<\/span>\n\t\t\t\t\t\t<svg aria-hidden=\"true\" class=\"e-font-icon-svg e-fab-tiktok\" viewBox=\"0 0 448 512\" xmlns=\"http:\/\/www.w3.org\/2000\/svg\"><path d=\"M448,209.91a210.06,210.06,0,0,1-122.77-39.25V349.38A162.55,162.55,0,1,1,185,188.31V278.2a74.62,74.62,0,1,0,52.23,71.18V0l88,0a121.18,121.18,0,0,0,1.86,22.17h0A122.18,122.18,0,0,0,381,102.39a121.43,121.43,0,0,0,67,20.14Z\"><\/path><\/svg>\t\t\t\t\t<\/a>\n\t\t\t\t<\/span>\n\t\t\t\t\t<\/div>\n\t\t\t\t\t\t<\/div>\n\t\t\t\t<\/div>\n\t\t\t\t<\/div>\n\t\t\t\t<\/div>\n\t\t\t\t<\/div>\n\t\t\t\t<\/div>\n\t\t\t\t<\/div>\n\t\t\t\t<\/div>\n\t\t","protected":false},"excerpt":{"rendered":"<p>Tout part de la pens\u00e9e originelle. La pens\u00e9e et le sentiment produisent une forme-pens\u00e9e. Selon les enseignements anciens, au cours de votre processus de pens\u00e9e et de ressenti, deux ph\u00e9nom\u00e8nes se produisent. La premi\u00e8re est que vous cr\u00e9ez une forme-pens\u00e9e (ou une entit\u00e9-pens\u00e9e). Une forme-pens\u00e9e est un \u00eatre ou une entit\u00e9 vivante r\u00e9elle cr\u00e9\u00e9e par [&hellip;]<\/p>\n","protected":false},"author":1,"featured_media":0,"parent":0,"menu_order":0,"comment_status":"closed","ping_status":"closed","template":"elementor_header_footer","meta":{"footnotes":""},"class_list":["post-1622","page","type-page","status-publish","hentry"],"_links":{"self":[{"href":"https:\/\/enseignementdemichael.fr\/index.php\/wp-json\/wp\/v2\/pages\/1622","targetHints":{"allow":["GET"]}}],"collection":[{"href":"https:\/\/enseignementdemichael.fr\/index.php\/wp-json\/wp\/v2\/pages"}],"about":[{"href":"https:\/\/enseignementdemichael.fr\/index.php\/wp-json\/wp\/v2\/types\/page"}],"author":[{"embeddable":true,"href":"https:\/\/enseignementdemichael.fr\/index.php\/wp-json\/wp\/v2\/users\/1"}],"replies":[{"embeddable":true,"href":"https:\/\/enseignementdemichael.fr\/index.php\/wp-json\/wp\/v2\/comments?post=1622"}],"version-history":[{"count":7,"href":"https:\/\/enseignementdemichael.fr\/index.php\/wp-json\/wp\/v2\/pages\/1622\/revisions"}],"predecessor-version":[{"id":3781,"href":"https:\/\/enseignementdemichael.fr\/index.php\/wp-json\/wp\/v2\/pages\/1622\/revisions\/3781"}],"wp:attachment":[{"href":"https:\/\/enseignementdemichael.fr\/index.php\/wp-json\/wp\/v2\/media?parent=1622"}],"curies":[{"name":"wp","href":"https:\/\/api.w.org\/{rel}","templated":true}]}}