{"id":1606,"date":"2024-04-11T09:16:37","date_gmt":"2024-04-11T07:16:37","guid":{"rendered":"https:\/\/crea.enseignementdemichael.fr\/?page_id=1606"},"modified":"2025-03-24T09:10:59","modified_gmt":"2025-03-24T08:10:59","slug":"enseignement-xiv-la-puissance-de-lenergie-christique","status":"publish","type":"page","link":"https:\/\/enseignementdemichael.fr\/index.php\/enseignement-xiv-la-puissance-de-lenergie-christique\/","title":{"rendered":"Enseignement XIV La puissance de l&rsquo;\u00e9nergie christique"},"content":{"rendered":"\t\t<div data-elementor-type=\"wp-page\" data-elementor-id=\"1606\" class=\"elementor elementor-1606\">\n\t\t\t\t<div class=\"elementor-element elementor-element-aaf6fb3 e-flex e-con-boxed e-con e-parent\" data-id=\"aaf6fb3\" data-element_type=\"container\">\n\t\t\t\t\t<div class=\"e-con-inner\">\n\t\t<div class=\"elementor-element elementor-element-5d6a856 e-flex e-con-boxed e-con e-child\" data-id=\"5d6a856\" data-element_type=\"container\">\n\t\t\t\t\t<div class=\"e-con-inner\">\n\t\t<div class=\"elementor-element elementor-element-b774268 e-con-full e-flex e-con e-child\" data-id=\"b774268\" data-element_type=\"container\">\n\t\t\t\t<\/div>\n\t\t<div class=\"elementor-element elementor-element-66b3871 e-con-full e-flex e-con e-child\" data-id=\"66b3871\" data-element_type=\"container\">\n\t\t\t\t<div class=\"elementor-element elementor-element-25c653e elementor-invisible elementor-widget elementor-widget-image\" data-id=\"25c653e\" data-element_type=\"widget\" data-settings=\"{&quot;_animation&quot;:&quot;fadeInDown&quot;}\" data-widget_type=\"image.default\">\n\t\t\t\t<div class=\"elementor-widget-container\">\n\t\t\t\t\t\t\t\t\t\t\t\t\t\t\t<img fetchpriority=\"high\" decoding=\"async\" width=\"300\" height=\"213\" src=\"https:\/\/enseignementdemichael.fr\/wp-content\/uploads\/2024\/04\/15ok-300x213.png\" class=\"attachment-medium size-medium wp-image-1274\" alt=\"\" srcset=\"https:\/\/enseignementdemichael.fr\/wp-content\/uploads\/2024\/04\/15ok-300x213.png 300w, https:\/\/enseignementdemichael.fr\/wp-content\/uploads\/2024\/04\/15ok-600x427.png 600w, https:\/\/enseignementdemichael.fr\/wp-content\/uploads\/2024\/04\/15ok.png 658w\" sizes=\"(max-width: 300px) 100vw, 300px\" \/>\t\t\t\t\t\t\t\t\t\t\t\t\t\t\t<\/div>\n\t\t\t\t<\/div>\n\t\t\t\t<\/div>\n\t\t<div class=\"elementor-element elementor-element-2ecda4d e-con-full e-flex e-con e-child\" data-id=\"2ecda4d\" data-element_type=\"container\">\n\t\t\t\t<\/div>\n\t\t\t\t\t<\/div>\n\t\t\t\t<\/div>\n\t\t\t\t\t<\/div>\n\t\t\t\t<\/div>\n\t\t<div class=\"elementor-element elementor-element-e8f8d1e e-con-full e-flex e-con e-parent\" data-id=\"e8f8d1e\" data-element_type=\"container\">\n\t\t\t\t<div class=\"elementor-element elementor-element-85e76eb elementor-widget elementor-widget-spacer\" data-id=\"85e76eb\" data-element_type=\"widget\" data-widget_type=\"spacer.default\">\n\t\t\t\t<div class=\"elementor-widget-container\">\n\t\t\t\t\t\t\t<div class=\"elementor-spacer\">\n\t\t\t<div class=\"elementor-spacer-inner\"><\/div>\n\t\t<\/div>\n\t\t\t\t\t\t<\/div>\n\t\t\t\t<\/div>\n\t\t\t\t<div class=\"elementor-element elementor-element-c79e335 elementor-widget elementor-widget-heading\" data-id=\"c79e335\" data-element_type=\"widget\" data-widget_type=\"heading.default\">\n\t\t\t\t<div class=\"elementor-widget-container\">\n\t\t\t\t\t<h2 class=\"elementor-heading-title elementor-size-default\">Le Christ est la force d\u2019\u00e9volution primordiale de la cr\u00e9ation. Cette \u00e9nergie divine que nous d\u00e9signons sous le nom de \u201cChrist\u201d est la puissance de la vie, de l\u2019amour, de l\u2019intelligence qui maintient toute la cr\u00e9ation dans l\u2019existence.\n\n<br><br>Cette force existe \u00e0 tous les niveaux du r\u00e9el, mais les modalit\u00e9s de sa manifestation diff\u00e8rent : la manifestation du Christ au niveau de la plan\u00e8te, ou \u00e0 l\u2019int\u00e9rieur d\u2019une rose est diff\u00e9rente de celle qui existe en l\u2019homme, mais l\u2019\u00e9nergie est la m\u00eame ; elle est omnipr\u00e9sente.\n\n<br><br>Le Christ peut \u00eatre consid\u00e9r\u00e9 comme l\u2019\u00e2me de l\u2019univers.\n\n<br><br>ON NE PEUT ATTEINDRE L'\u00c9TAT CHRISTIQUE QU'AU MOMENT O\u00d9 L'ON A V\u00c9RITABLEMENT ACCEPT\u00c9 QUI ON EST\n\n<br><br>La Source nous enjoigne \u00e0 approcher l\u2019\u00e9tat christique, pour atteindre le plus haut degr\u00e9 de spiritualit\u00e9.\n\n<br><br>L\u2019Enseignement XIV de la hi\u00e9rarchie archang\u00e9lique de Micha\u00ebl nous explique les subtilit\u00e9s pour comprendre l\u2019Energie Christique et sa mise en \u0153uvre dans le quotidien.\n\n<br><br>Voulez-vous recevoir l\u2019assistance christique en toutes circonstances\u00a0?\n\n<br><br>En sortant du jugement de soi et des autres\u00a0?\n\n<br><br>Voulez-vous avoir bien plus confiance en vous sans changer votre nature profonde\u00a0? En accord avec vos valeurs\u00a0?\n\n<br><br>Oser dire ce que vous avez \u00e0 dire \u00e0 qui vous avez \u00e0 le dire\u00a0?\n\n<br><br>Le principe est simple mais n\u2019est pas facile \u00e0 mettre en pratique\u00a0!\n\n<br><br>Ce soin quantique sous forme d\u2019enseignement EXCLUSIF vous aide \u00e0 vous accepter vous-m\u00eame, en rel\u00e2chant la pression.\n\n<br><br>Par ce nouveau savoir venu des Hautes Sph\u00e8res de Lumi\u00e8re, vous allez parvenir \u00e0 dire STOP \u00e0 vos croyances fa\u00e7onn\u00e9es par votre \u00e9go, qui a pris du pouvoir au fil des vies v\u00e9cues et qui vous a fait oublier comment \u00e9couter votre c\u0153ur.\n\n<br><br>Avec ce nouvel enseignement fort, vous passerez \u00e0 l\u2019acceptation de Soi puis \u00e0 l\u2019Amour de Soi, et vous pourrez \u00e0 nouveau attirer \u00e0 vous des circonstances de vie favorables et de nouvelles exp\u00e9rimentations heureuses.\n\n<br><br>Soyez d\u00e9j\u00e0 l\u2019\u00e9volution positive que vous voulez voir dans votre monde de demain.\n\n<br><br>Vous m\u00e9ritez le meilleur. Cliquez ci-dessous:\n\n<br><br>Tarif : 125,00 euros\n\n\n<\/h2>\t\t\t\t<\/div>\n\t\t\t\t<\/div>\n\t\t\t\t<div class=\"elementor-element elementor-element-af5a49d elementor-widget elementor-widget-spacer\" data-id=\"af5a49d\" data-element_type=\"widget\" data-widget_type=\"spacer.default\">\n\t\t\t\t<div class=\"elementor-widget-container\">\n\t\t\t\t\t\t\t<div class=\"elementor-spacer\">\n\t\t\t<div class=\"elementor-spacer-inner\"><\/div>\n\t\t<\/div>\n\t\t\t\t\t\t<\/div>\n\t\t\t\t<\/div>\n\t\t\t\t<div class=\"elementor-element elementor-element-8ce679c elementor-align-center elementor-widget elementor-widget-button\" data-id=\"8ce679c\" data-element_type=\"widget\" data-widget_type=\"button.default\">\n\t\t\t\t<div class=\"elementor-widget-container\">\n\t\t\t\t\t\t\t\t\t<div class=\"elementor-button-wrapper\">\n\t\t\t\t\t<a class=\"elementor-button elementor-button-link elementor-size-md elementor-animation-shrink\" href=\"https:\/\/enseignementdemichael.fr\/index.php\/produit\/enseignement-xiv-14-de-michael-la-puissance-de-lenergie-christique\/\">\n\t\t\t\t\t\t<span class=\"elementor-button-content-wrapper\">\n\t\t\t\t\t\t<span class=\"elementor-button-icon\">\n\t\t\t\t<svg aria-hidden=\"true\" class=\"e-font-icon-svg e-fas-cross\" viewBox=\"0 0 384 512\" xmlns=\"http:\/\/www.w3.org\/2000\/svg\"><path d=\"M352 128h-96V32c0-17.67-14.33-32-32-32h-64c-17.67 0-32 14.33-32 32v96H32c-17.67 0-32 14.33-32 32v64c0 17.67 14.33 32 32 32h96v224c0 17.67 14.33 32 32 32h64c17.67 0 32-14.33 32-32V256h96c17.67 0 32-14.33 32-32v-64c0-17.67-14.33-32-32-32z\"><\/path><\/svg>\t\t\t<\/span>\n\t\t\t\t\t\t\t\t\t<span class=\"elementor-button-text\">Je commande mon soin<\/span>\n\t\t\t\t\t<\/span>\n\t\t\t\t\t<\/a>\n\t\t\t\t<\/div>\n\t\t\t\t\t\t\t\t<\/div>\n\t\t\t\t<\/div>\n\t\t\t\t<div class=\"elementor-element elementor-element-b00c572 elementor-widget elementor-widget-spacer\" data-id=\"b00c572\" data-element_type=\"widget\" data-widget_type=\"spacer.default\">\n\t\t\t\t<div class=\"elementor-widget-container\">\n\t\t\t\t\t\t\t<div class=\"elementor-spacer\">\n\t\t\t<div class=\"elementor-spacer-inner\"><\/div>\n\t\t<\/div>\n\t\t\t\t\t\t<\/div>\n\t\t\t\t<\/div>\n\t\t\t\t<\/div>\n\t\t<div class=\"elementor-element elementor-element-bbae584 e-flex e-con-boxed e-con e-parent\" data-id=\"bbae584\" data-element_type=\"container\">\n\t\t\t\t\t<div class=\"e-con-inner\">\n\t\t<div class=\"elementor-element elementor-element-d56fb18 e-flex e-con-boxed e-con e-child\" data-id=\"d56fb18\" data-element_type=\"container\">\n\t\t\t\t\t<div class=\"e-con-inner\">\n\t\t<div class=\"elementor-element elementor-element-f5902d3 e-flex e-con-boxed e-con e-child\" data-id=\"f5902d3\" data-element_type=\"container\">\n\t\t\t\t\t<div class=\"e-con-inner\">\n\t\t\t\t<div class=\"elementor-element elementor-element-5b5f26f elementor-widget elementor-widget-spacer\" data-id=\"5b5f26f\" data-element_type=\"widget\" data-widget_type=\"spacer.default\">\n\t\t\t\t<div class=\"elementor-widget-container\">\n\t\t\t\t\t\t\t<div class=\"elementor-spacer\">\n\t\t\t<div class=\"elementor-spacer-inner\"><\/div>\n\t\t<\/div>\n\t\t\t\t\t\t<\/div>\n\t\t\t\t<\/div>\n\t\t\t\t\t<\/div>\n\t\t\t\t<\/div>\n\t\t\t\t\t<\/div>\n\t\t\t\t<\/div>\n\t\t\t\t\t<\/div>\n\t\t\t\t<\/div>\n\t\t<div class=\"elementor-element elementor-element-9557372 e-con-full e-flex e-con e-parent\" data-id=\"9557372\" data-element_type=\"container\">\n\t\t<div class=\"elementor-element elementor-element-d3b8b23 e-con-full e-flex e-con e-child\" data-id=\"d3b8b23\" data-element_type=\"container\">\n\t\t<div class=\"elementor-element elementor-element-ee53975 e-con-full e-flex e-con e-child\" data-id=\"ee53975\" data-element_type=\"container\">\n\t\t<div class=\"elementor-element elementor-element-74eafe9 e-con-full e-flex e-con e-child\" data-id=\"74eafe9\" data-element_type=\"container\" data-settings=\"{&quot;background_background&quot;:&quot;classic&quot;}\">\n\t\t<div class=\"elementor-element elementor-element-73bd6fd e-con-full e-flex e-con e-child\" data-id=\"73bd6fd\" data-element_type=\"container\">\n\t\t\t\t<div class=\"elementor-element elementor-element-56c18ca elementor-widget__width-initial elementor-widget elementor-widget-image\" data-id=\"56c18ca\" data-element_type=\"widget\" data-widget_type=\"image.default\">\n\t\t\t\t<div class=\"elementor-widget-container\">\n\t\t\t\t\t\t\t\t\t\t\t\t\t\t\t<img decoding=\"async\" width=\"963\" height=\"574\" src=\"https:\/\/enseignementdemichael.fr\/wp-content\/uploads\/2024\/01\/logo.png\" class=\"attachment-large size-large wp-image-58\" alt=\"\" srcset=\"https:\/\/enseignementdemichael.fr\/wp-content\/uploads\/2024\/01\/logo.png 963w, https:\/\/enseignementdemichael.fr\/wp-content\/uploads\/2024\/01\/logo-600x358.png 600w, https:\/\/enseignementdemichael.fr\/wp-content\/uploads\/2024\/01\/logo-300x179.png 300w, https:\/\/enseignementdemichael.fr\/wp-content\/uploads\/2024\/01\/logo-768x458.png 768w\" sizes=\"(max-width: 963px) 100vw, 963px\" \/>\t\t\t\t\t\t\t\t\t\t\t\t\t\t\t<\/div>\n\t\t\t\t<\/div>\n\t\t\t\t<\/div>\n\t\t<div class=\"elementor-element elementor-element-ddd1e3f e-con-full e-flex e-con e-child\" data-id=\"ddd1e3f\" data-element_type=\"container\">\n\t\t\t\t<div class=\"elementor-element elementor-element-5fb761a elementor-widget elementor-widget-spacer\" data-id=\"5fb761a\" data-element_type=\"widget\" data-widget_type=\"spacer.default\">\n\t\t\t\t<div class=\"elementor-widget-container\">\n\t\t\t\t\t\t\t<div class=\"elementor-spacer\">\n\t\t\t<div class=\"elementor-spacer-inner\"><\/div>\n\t\t<\/div>\n\t\t\t\t\t\t<\/div>\n\t\t\t\t<\/div>\n\t\t\t\t<div class=\"elementor-element elementor-element-0253290 elementor-widget elementor-widget-heading\" data-id=\"0253290\" data-element_type=\"widget\" data-widget_type=\"heading.default\">\n\t\t\t\t<div class=\"elementor-widget-container\">\n\t\t\t\t\t<h2 class=\"elementor-heading-title elementor-size-default\"><a href=\"https:\/\/enseignementdemichael.fr\/index.php\/mentions-legales\/\">Mentions l\u00e9gales<\/a><\/h2>\t\t\t\t<\/div>\n\t\t\t\t<\/div>\n\t\t\t\t<div class=\"elementor-element elementor-element-0c2274a elementor-widget elementor-widget-heading\" data-id=\"0c2274a\" data-element_type=\"widget\" data-widget_type=\"heading.default\">\n\t\t\t\t<div class=\"elementor-widget-container\">\n\t\t\t\t\t<h2 class=\"elementor-heading-title elementor-size-default\"><a href=\"https:\/\/enseignementdemichael.fr\/index.php\/cgv\/\">Conditions g\u00e9n\u00e9rales de ventes<\/a><\/h2>\t\t\t\t<\/div>\n\t\t\t\t<\/div>\n\t\t\t\t<\/div>\n\t\t<div class=\"elementor-element elementor-element-42524a9 e-con-full e-flex e-con e-child\" data-id=\"42524a9\" data-element_type=\"container\">\n\t\t\t\t<div class=\"elementor-element elementor-element-781bd66 elementor-widget elementor-widget-spacer\" data-id=\"781bd66\" data-element_type=\"widget\" data-widget_type=\"spacer.default\">\n\t\t\t\t<div class=\"elementor-widget-container\">\n\t\t\t\t\t\t\t<div class=\"elementor-spacer\">\n\t\t\t<div class=\"elementor-spacer-inner\"><\/div>\n\t\t<\/div>\n\t\t\t\t\t\t<\/div>\n\t\t\t\t<\/div>\n\t\t\t\t<div class=\"elementor-element elementor-element-ce9a57e elementor-shape-circle elementor-grid-0 e-grid-align-center elementor-widget elementor-widget-social-icons\" data-id=\"ce9a57e\" data-element_type=\"widget\" data-widget_type=\"social-icons.default\">\n\t\t\t\t<div class=\"elementor-widget-container\">\n\t\t\t\t\t\t\t<div class=\"elementor-social-icons-wrapper elementor-grid\" role=\"list\">\n\t\t\t\t\t\t\t<span class=\"elementor-grid-item\" role=\"listitem\">\n\t\t\t\t\t<a class=\"elementor-icon elementor-social-icon elementor-social-icon-facebook elementor-repeater-item-40adbda\" href=\"https:\/\/www.facebook.com\/therapies.quantiques.9\" target=\"_blank\">\n\t\t\t\t\t\t<span class=\"elementor-screen-only\">Facebook<\/span>\n\t\t\t\t\t\t<svg aria-hidden=\"true\" class=\"e-font-icon-svg e-fab-facebook\" viewBox=\"0 0 512 512\" xmlns=\"http:\/\/www.w3.org\/2000\/svg\"><path d=\"M504 256C504 119 393 8 256 8S8 119 8 256c0 123.78 90.69 226.38 209.25 245V327.69h-63V256h63v-54.64c0-62.15 37-96.48 93.67-96.48 27.14 0 55.52 4.84 55.52 4.84v61h-31.28c-30.8 0-40.41 19.12-40.41 38.73V256h68.78l-11 71.69h-57.78V501C413.31 482.38 504 379.78 504 256z\"><\/path><\/svg>\t\t\t\t\t<\/a>\n\t\t\t\t<\/span>\n\t\t\t\t\t\t\t<span class=\"elementor-grid-item\" role=\"listitem\">\n\t\t\t\t\t<a class=\"elementor-icon elementor-social-icon elementor-social-icon-youtube elementor-repeater-item-650bd41\" href=\"https:\/\/www.youtube.com\/@fabiolatherapeute\" target=\"_blank\">\n\t\t\t\t\t\t<span class=\"elementor-screen-only\">Youtube<\/span>\n\t\t\t\t\t\t<svg aria-hidden=\"true\" class=\"e-font-icon-svg e-fab-youtube\" viewBox=\"0 0 576 512\" xmlns=\"http:\/\/www.w3.org\/2000\/svg\"><path d=\"M549.655 124.083c-6.281-23.65-24.787-42.276-48.284-48.597C458.781 64 288 64 288 64S117.22 64 74.629 75.486c-23.497 6.322-42.003 24.947-48.284 48.597-11.412 42.867-11.412 132.305-11.412 132.305s0 89.438 11.412 132.305c6.281 23.65 24.787 41.5 48.284 47.821C117.22 448 288 448 288 448s170.78 0 213.371-11.486c23.497-6.321 42.003-24.171 48.284-47.821 11.412-42.867 11.412-132.305 11.412-132.305s0-89.438-11.412-132.305zm-317.51 213.508V175.185l142.739 81.205-142.739 81.201z\"><\/path><\/svg>\t\t\t\t\t<\/a>\n\t\t\t\t<\/span>\n\t\t\t\t\t\t\t<span class=\"elementor-grid-item\" role=\"listitem\">\n\t\t\t\t\t<a class=\"elementor-icon elementor-social-icon elementor-social-icon-tiktok elementor-repeater-item-1b56490\" href=\"https:\/\/www.tiktok.com\/@fabiola_therapeute?lang=fr\" target=\"_blank\">\n\t\t\t\t\t\t<span class=\"elementor-screen-only\">Tiktok<\/span>\n\t\t\t\t\t\t<svg aria-hidden=\"true\" class=\"e-font-icon-svg e-fab-tiktok\" viewBox=\"0 0 448 512\" xmlns=\"http:\/\/www.w3.org\/2000\/svg\"><path d=\"M448,209.91a210.06,210.06,0,0,1-122.77-39.25V349.38A162.55,162.55,0,1,1,185,188.31V278.2a74.62,74.62,0,1,0,52.23,71.18V0l88,0a121.18,121.18,0,0,0,1.86,22.17h0A122.18,122.18,0,0,0,381,102.39a121.43,121.43,0,0,0,67,20.14Z\"><\/path><\/svg>\t\t\t\t\t<\/a>\n\t\t\t\t<\/span>\n\t\t\t\t\t<\/div>\n\t\t\t\t\t\t<\/div>\n\t\t\t\t<\/div>\n\t\t\t\t<\/div>\n\t\t\t\t<\/div>\n\t\t\t\t<\/div>\n\t\t\t\t<\/div>\n\t\t\t\t<\/div>\n\t\t\t\t<\/div>\n\t\t","protected":false},"excerpt":{"rendered":"<p>Le Christ est la force d\u2019\u00e9volution primordiale de la cr\u00e9ation. Cette \u00e9nergie divine que nous d\u00e9signons sous le nom de \u201cChrist\u201d est la puissance de la vie, de l\u2019amour, de l\u2019intelligence qui maintient toute la cr\u00e9ation dans l\u2019existence. Cette force existe \u00e0 tous les niveaux du r\u00e9el, mais les modalit\u00e9s de sa manifestation diff\u00e8rent : [&hellip;]<\/p>\n","protected":false},"author":1,"featured_media":0,"parent":0,"menu_order":0,"comment_status":"closed","ping_status":"closed","template":"elementor_header_footer","meta":{"footnotes":""},"class_list":["post-1606","page","type-page","status-publish","hentry"],"_links":{"self":[{"href":"https:\/\/enseignementdemichael.fr\/index.php\/wp-json\/wp\/v2\/pages\/1606","targetHints":{"allow":["GET"]}}],"collection":[{"href":"https:\/\/enseignementdemichael.fr\/index.php\/wp-json\/wp\/v2\/pages"}],"about":[{"href":"https:\/\/enseignementdemichael.fr\/index.php\/wp-json\/wp\/v2\/types\/page"}],"author":[{"embeddable":true,"href":"https:\/\/enseignementdemichael.fr\/index.php\/wp-json\/wp\/v2\/users\/1"}],"replies":[{"embeddable":true,"href":"https:\/\/enseignementdemichael.fr\/index.php\/wp-json\/wp\/v2\/comments?post=1606"}],"version-history":[{"count":7,"href":"https:\/\/enseignementdemichael.fr\/index.php\/wp-json\/wp\/v2\/pages\/1606\/revisions"}],"predecessor-version":[{"id":3775,"href":"https:\/\/enseignementdemichael.fr\/index.php\/wp-json\/wp\/v2\/pages\/1606\/revisions\/3775"}],"wp:attachment":[{"href":"https:\/\/enseignementdemichael.fr\/index.php\/wp-json\/wp\/v2\/media?parent=1606"}],"curies":[{"name":"wp","href":"https:\/\/api.w.org\/{rel}","templated":true}]}}