{"id":1557,"date":"2024-04-10T20:19:20","date_gmt":"2024-04-10T18:19:20","guid":{"rendered":"https:\/\/crea.enseignementdemichael.fr\/?page_id=1557"},"modified":"2025-03-24T09:06:26","modified_gmt":"2025-03-24T08:06:26","slug":"enseignement-viii-vos-droits-a-labondance","status":"publish","type":"page","link":"https:\/\/enseignementdemichael.fr\/index.php\/enseignement-viii-vos-droits-a-labondance\/","title":{"rendered":"Enseignement VIII Vos droits \u00e0 l&rsquo;abondance"},"content":{"rendered":"\t\t<div data-elementor-type=\"wp-page\" data-elementor-id=\"1557\" class=\"elementor elementor-1557\">\n\t\t\t\t<div class=\"elementor-element elementor-element-32be610 e-flex e-con-boxed e-con e-parent\" data-id=\"32be610\" data-element_type=\"container\">\n\t\t\t\t\t<div class=\"e-con-inner\">\n\t\t<div class=\"elementor-element elementor-element-568c3fd e-flex e-con-boxed e-con e-child\" data-id=\"568c3fd\" data-element_type=\"container\">\n\t\t\t\t\t<div class=\"e-con-inner\">\n\t\t<div class=\"elementor-element elementor-element-896a31d e-con-full e-flex e-con e-child\" data-id=\"896a31d\" data-element_type=\"container\">\n\t\t\t\t<\/div>\n\t\t<div class=\"elementor-element elementor-element-d03f621 e-con-full e-flex e-con e-child\" data-id=\"d03f621\" data-element_type=\"container\">\n\t\t\t\t<div class=\"elementor-element elementor-element-c0c1db3 elementor-invisible elementor-widget elementor-widget-image\" data-id=\"c0c1db3\" data-element_type=\"widget\" data-settings=\"{&quot;_animation&quot;:&quot;fadeInDown&quot;}\" data-widget_type=\"image.default\">\n\t\t\t\t<div class=\"elementor-widget-container\">\n\t\t\t\t\t\t\t\t\t\t\t\t\t\t\t<img fetchpriority=\"high\" decoding=\"async\" width=\"300\" height=\"213\" src=\"https:\/\/enseignementdemichael.fr\/wp-content\/uploads\/2024\/04\/15ok-300x213.png\" class=\"attachment-medium size-medium wp-image-1274\" alt=\"\" srcset=\"https:\/\/enseignementdemichael.fr\/wp-content\/uploads\/2024\/04\/15ok-300x213.png 300w, https:\/\/enseignementdemichael.fr\/wp-content\/uploads\/2024\/04\/15ok-600x427.png 600w, https:\/\/enseignementdemichael.fr\/wp-content\/uploads\/2024\/04\/15ok.png 658w\" sizes=\"(max-width: 300px) 100vw, 300px\" \/>\t\t\t\t\t\t\t\t\t\t\t\t\t\t\t<\/div>\n\t\t\t\t<\/div>\n\t\t\t\t<\/div>\n\t\t<div class=\"elementor-element elementor-element-b8e4355 e-con-full e-flex e-con e-child\" data-id=\"b8e4355\" data-element_type=\"container\">\n\t\t\t\t<\/div>\n\t\t\t\t\t<\/div>\n\t\t\t\t<\/div>\n\t\t\t\t\t<\/div>\n\t\t\t\t<\/div>\n\t\t<div class=\"elementor-element elementor-element-38c896a e-con-full e-flex e-con e-parent\" data-id=\"38c896a\" data-element_type=\"container\">\n\t\t\t\t<div class=\"elementor-element elementor-element-d70e6c7 elementor-widget elementor-widget-spacer\" data-id=\"d70e6c7\" data-element_type=\"widget\" data-widget_type=\"spacer.default\">\n\t\t\t\t<div class=\"elementor-widget-container\">\n\t\t\t\t\t\t\t<div class=\"elementor-spacer\">\n\t\t\t<div class=\"elementor-spacer-inner\"><\/div>\n\t\t<\/div>\n\t\t\t\t\t\t<\/div>\n\t\t\t\t<\/div>\n\t\t\t\t<div class=\"elementor-element elementor-element-01acdbd elementor-widget elementor-widget-heading\" data-id=\"01acdbd\" data-element_type=\"widget\" data-widget_type=\"heading.default\">\n\t\t\t\t<div class=\"elementor-widget-container\">\n\t\t\t\t\t<h2 class=\"elementor-heading-title elementor-size-default\">L\u2019abondance, ce n\u2019est pas simplement avoir de l\u2019argent ou \u00eatre riche.\n\n<br><br>C\u2019est aussi \u00eatre riche d\u2019amour, riche de joie, riche de ses relations et \u00eatre en sant\u00e9 prodigieuse\u2026 C\u2019est avoir tout ce dont on a plaisir pour vivre au lieu de survivre.\n\n<br><br>L'enseignement VIII de l'archange Michael, donne des cl\u00e9s de compr\u00e9hension nouvelle, c'est un enseignement pr\u00e9cieux, canalis\u00e9 pour vous, qui va aller expurger vos freins inconscients \u00e0 l'argent, et vous apportera de nouvelles ouvertures pour jouir de l\u2019abondance, il faut se sentir digne de la recevoir \u2013 ce qui n\u2019est pas toujours ais\u00e9.\n\n<br><br>Si vous ne vous en sentez pas digne, cet enseignement\u00a0 d\u2019abondance ouvrira votre c\u0153ur divin afin de passer au-dessus des blocages transg\u00e9n\u00e9rationnels et m\u00e9moires cellulaires mal programm\u00e9es.\n\n<br><br>Avant votre naissance, votre p\u00e8re\/m\u00e8re divins ont plac\u00e9 une malle aux tr\u00e9sors dans un endroit s\u00fbr, en vous, \u00e0 l\u2019abri des effractions.\n\n<br><br>Ils ont imprim\u00e9 des instructions sp\u00e9cifiques codifi\u00e9es dans votre Adn, de sorte qu\u2019au moment appropri\u00e9, vous puissiez acc\u00e9der \u00e0 votre \u00ab malle aux tr\u00e9sors \u00bb.\n\n<br><br>Vous allez int\u00e9grer dans chaque cellule\u00a0de votre \u00eatre qu'une r\u00e9serve sans fin venant du champ cosmique de tous les possibles est pour vous.\u00a0\n\n<br><br>Cr\u00e9er l'abondance est un de vos droits divins de naissance,\u00a0LE DISCERNEMENT\/ L\u2019INTENTION CENTR\u00c9E SUR LE COEUR\/ L\u2019ACTION aboutit \u00e0 une manifestation positive abondante.\n\n<br><br>Par cet enseignement VIII de Micha\u00ebl archange, , vous apprendrez \u00e0 \u00eatre un cr\u00e9ateur spirituellement conscient et un ma\u00eetre de Soi qui accomplit activement sa mission Divine sur le plan terrestre.\n\n<br><br>Quand vous \u00eates dans le manque, dans la pauvret\u00e9, dans la spoliation, dans l'injustice, dans la mis\u00e8re ou les fuites financi\u00e8res et le mal-\u00eatre, c'est:\n\n<br><br>1\/Que vous n'\u00eates pas dans votre plan divin\n\n<br><br>2\/Qu'il est temps de retrouver les cl\u00e9s de votre chemin de prosp\u00e9rit\u00e9.\n\n<br><br>L'archange Micha\u00ebl, gr\u00e2ce\u00a0\u00e0 cet enseignement canalis\u00e9 vous guidera, dirigera, et vous inspirera afin d' agir pour concr\u00e9tiser vos r\u00eaves.\u00a0\n\n<br><br>Les domaines de Lumi\u00e8re vous proposent\u00a0cet enseignement,\u00a0le n\u00b08 de l'archange Micha\u00ebl, pour vous permettre de comprendre pourquoi\u00a0il n\u2019y a pas de limite \u00e0 ce que vous pouvez manifester, et comment mettre vos visions en harmonie avec l\u2019Abondance qui vous est due.\n\n<br><br>Dans cet enseignement vous verrez que les poches perc\u00e9es, les fuites d'argent et les fins de mois ne sont pas une fatalit\u00e9, et que tout est r\u00e9versible.\n\n<br><br>Enseignement audio \u00e0 t\u00e9l\u00e9charger, dur\u00e9e de 50 minutes environ. Vous pouvez l'\u00e9couter en plusieurs fois, et m\u00eame prendre des notes si cela vous convient.\n\n<br><br>Plusieurs \u00e9coutes sont certainement n\u00e9cessaires, 7 jours si possible, pour enlever couche apr\u00e8s couche les amas de croyances limitantes et les r\u00e9sidus de dogmes ancestraux, et les anciennes\u00a0r\u00e8gles\u00a0obsol\u00e8tes qui ont limit\u00e9 depuis plusieurs vies vos merveilleux droits \u00e0 l'abondance positive de l'Univers.\n\n<br><br>Tarif : 125,00 euros\n\n\n<\/h2>\t\t\t\t<\/div>\n\t\t\t\t<\/div>\n\t\t\t\t<div class=\"elementor-element elementor-element-c1f2402 elementor-widget elementor-widget-spacer\" data-id=\"c1f2402\" data-element_type=\"widget\" data-widget_type=\"spacer.default\">\n\t\t\t\t<div class=\"elementor-widget-container\">\n\t\t\t\t\t\t\t<div class=\"elementor-spacer\">\n\t\t\t<div class=\"elementor-spacer-inner\"><\/div>\n\t\t<\/div>\n\t\t\t\t\t\t<\/div>\n\t\t\t\t<\/div>\n\t\t\t\t<div class=\"elementor-element elementor-element-98ce82b elementor-align-center elementor-widget elementor-widget-button\" data-id=\"98ce82b\" data-element_type=\"widget\" data-widget_type=\"button.default\">\n\t\t\t\t<div class=\"elementor-widget-container\">\n\t\t\t\t\t\t\t\t\t<div class=\"elementor-button-wrapper\">\n\t\t\t\t\t<a class=\"elementor-button elementor-button-link elementor-size-md elementor-animation-shrink\" href=\"https:\/\/enseignementdemichael.fr\/index.php\/produit\/enseignement-viii-de-michael-vos-droits-a-labondance\/\">\n\t\t\t\t\t\t<span class=\"elementor-button-content-wrapper\">\n\t\t\t\t\t\t<span class=\"elementor-button-icon\">\n\t\t\t\t<svg aria-hidden=\"true\" class=\"e-font-icon-svg e-fas-cross\" viewBox=\"0 0 384 512\" xmlns=\"http:\/\/www.w3.org\/2000\/svg\"><path d=\"M352 128h-96V32c0-17.67-14.33-32-32-32h-64c-17.67 0-32 14.33-32 32v96H32c-17.67 0-32 14.33-32 32v64c0 17.67 14.33 32 32 32h96v224c0 17.67 14.33 32 32 32h64c17.67 0 32-14.33 32-32V256h96c17.67 0 32-14.33 32-32v-64c0-17.67-14.33-32-32-32z\"><\/path><\/svg>\t\t\t<\/span>\n\t\t\t\t\t\t\t\t\t<span class=\"elementor-button-text\">Je commande mon soin<\/span>\n\t\t\t\t\t<\/span>\n\t\t\t\t\t<\/a>\n\t\t\t\t<\/div>\n\t\t\t\t\t\t\t\t<\/div>\n\t\t\t\t<\/div>\n\t\t\t\t<div class=\"elementor-element elementor-element-5fd5d20 elementor-widget elementor-widget-spacer\" data-id=\"5fd5d20\" data-element_type=\"widget\" data-widget_type=\"spacer.default\">\n\t\t\t\t<div class=\"elementor-widget-container\">\n\t\t\t\t\t\t\t<div class=\"elementor-spacer\">\n\t\t\t<div class=\"elementor-spacer-inner\"><\/div>\n\t\t<\/div>\n\t\t\t\t\t\t<\/div>\n\t\t\t\t<\/div>\n\t\t\t\t<\/div>\n\t\t<div class=\"elementor-element elementor-element-70bc652 e-flex e-con-boxed e-con e-parent\" data-id=\"70bc652\" data-element_type=\"container\">\n\t\t\t\t\t<div class=\"e-con-inner\">\n\t\t<div class=\"elementor-element elementor-element-c664829 e-flex e-con-boxed e-con e-child\" data-id=\"c664829\" data-element_type=\"container\">\n\t\t\t\t\t<div class=\"e-con-inner\">\n\t\t<div class=\"elementor-element elementor-element-67cca7a e-flex e-con-boxed e-con e-child\" data-id=\"67cca7a\" data-element_type=\"container\">\n\t\t\t\t\t<div class=\"e-con-inner\">\n\t\t\t\t<div class=\"elementor-element elementor-element-8deee05 elementor-widget elementor-widget-spacer\" data-id=\"8deee05\" data-element_type=\"widget\" data-widget_type=\"spacer.default\">\n\t\t\t\t<div class=\"elementor-widget-container\">\n\t\t\t\t\t\t\t<div class=\"elementor-spacer\">\n\t\t\t<div class=\"elementor-spacer-inner\"><\/div>\n\t\t<\/div>\n\t\t\t\t\t\t<\/div>\n\t\t\t\t<\/div>\n\t\t\t\t\t<\/div>\n\t\t\t\t<\/div>\n\t\t\t\t\t<\/div>\n\t\t\t\t<\/div>\n\t\t\t\t\t<\/div>\n\t\t\t\t<\/div>\n\t\t<div class=\"elementor-element elementor-element-87873fd e-con-full e-flex e-con e-parent\" data-id=\"87873fd\" data-element_type=\"container\">\n\t\t<div class=\"elementor-element elementor-element-7949963 e-con-full e-flex e-con e-child\" data-id=\"7949963\" data-element_type=\"container\">\n\t\t<div class=\"elementor-element elementor-element-7a3d730 e-con-full e-flex e-con e-child\" data-id=\"7a3d730\" data-element_type=\"container\">\n\t\t<div class=\"elementor-element elementor-element-a83a035 e-con-full e-flex e-con e-child\" data-id=\"a83a035\" data-element_type=\"container\" data-settings=\"{&quot;background_background&quot;:&quot;classic&quot;}\">\n\t\t<div class=\"elementor-element elementor-element-a926c6f e-con-full e-flex e-con e-child\" data-id=\"a926c6f\" data-element_type=\"container\">\n\t\t\t\t<div class=\"elementor-element elementor-element-541c64a elementor-widget__width-initial elementor-widget elementor-widget-image\" data-id=\"541c64a\" data-element_type=\"widget\" data-widget_type=\"image.default\">\n\t\t\t\t<div class=\"elementor-widget-container\">\n\t\t\t\t\t\t\t\t\t\t\t\t\t\t\t<img decoding=\"async\" width=\"963\" height=\"574\" src=\"https:\/\/enseignementdemichael.fr\/wp-content\/uploads\/2024\/01\/logo.png\" class=\"attachment-large size-large wp-image-58\" alt=\"\" srcset=\"https:\/\/enseignementdemichael.fr\/wp-content\/uploads\/2024\/01\/logo.png 963w, https:\/\/enseignementdemichael.fr\/wp-content\/uploads\/2024\/01\/logo-600x358.png 600w, https:\/\/enseignementdemichael.fr\/wp-content\/uploads\/2024\/01\/logo-300x179.png 300w, https:\/\/enseignementdemichael.fr\/wp-content\/uploads\/2024\/01\/logo-768x458.png 768w\" sizes=\"(max-width: 963px) 100vw, 963px\" \/>\t\t\t\t\t\t\t\t\t\t\t\t\t\t\t<\/div>\n\t\t\t\t<\/div>\n\t\t\t\t<\/div>\n\t\t<div class=\"elementor-element elementor-element-4fd95b6 e-con-full e-flex e-con e-child\" data-id=\"4fd95b6\" data-element_type=\"container\">\n\t\t\t\t<div class=\"elementor-element elementor-element-686130e elementor-widget elementor-widget-spacer\" data-id=\"686130e\" data-element_type=\"widget\" data-widget_type=\"spacer.default\">\n\t\t\t\t<div class=\"elementor-widget-container\">\n\t\t\t\t\t\t\t<div class=\"elementor-spacer\">\n\t\t\t<div class=\"elementor-spacer-inner\"><\/div>\n\t\t<\/div>\n\t\t\t\t\t\t<\/div>\n\t\t\t\t<\/div>\n\t\t\t\t<div class=\"elementor-element elementor-element-2af30a1 elementor-widget elementor-widget-heading\" data-id=\"2af30a1\" data-element_type=\"widget\" data-widget_type=\"heading.default\">\n\t\t\t\t<div class=\"elementor-widget-container\">\n\t\t\t\t\t<h2 class=\"elementor-heading-title elementor-size-default\"><a href=\"https:\/\/enseignementdemichael.fr\/index.php\/mentions-legales\/\">Mentions l\u00e9gales<\/a><\/h2>\t\t\t\t<\/div>\n\t\t\t\t<\/div>\n\t\t\t\t<div class=\"elementor-element elementor-element-b21d65e elementor-widget elementor-widget-heading\" data-id=\"b21d65e\" data-element_type=\"widget\" data-widget_type=\"heading.default\">\n\t\t\t\t<div class=\"elementor-widget-container\">\n\t\t\t\t\t<h2 class=\"elementor-heading-title elementor-size-default\"><a href=\"https:\/\/enseignementdemichael.fr\/index.php\/cgv\/\">Conditions g\u00e9n\u00e9rales de ventes<\/a><\/h2>\t\t\t\t<\/div>\n\t\t\t\t<\/div>\n\t\t\t\t<\/div>\n\t\t<div class=\"elementor-element elementor-element-1584eb1 e-con-full e-flex e-con e-child\" data-id=\"1584eb1\" data-element_type=\"container\">\n\t\t\t\t<div class=\"elementor-element elementor-element-b5523a2 elementor-widget elementor-widget-spacer\" data-id=\"b5523a2\" data-element_type=\"widget\" data-widget_type=\"spacer.default\">\n\t\t\t\t<div class=\"elementor-widget-container\">\n\t\t\t\t\t\t\t<div class=\"elementor-spacer\">\n\t\t\t<div class=\"elementor-spacer-inner\"><\/div>\n\t\t<\/div>\n\t\t\t\t\t\t<\/div>\n\t\t\t\t<\/div>\n\t\t\t\t<div class=\"elementor-element elementor-element-426577c elementor-shape-circle elementor-grid-0 e-grid-align-center elementor-widget elementor-widget-social-icons\" data-id=\"426577c\" data-element_type=\"widget\" data-widget_type=\"social-icons.default\">\n\t\t\t\t<div class=\"elementor-widget-container\">\n\t\t\t\t\t\t\t<div class=\"elementor-social-icons-wrapper elementor-grid\" role=\"list\">\n\t\t\t\t\t\t\t<span class=\"elementor-grid-item\" role=\"listitem\">\n\t\t\t\t\t<a class=\"elementor-icon elementor-social-icon elementor-social-icon-facebook elementor-repeater-item-40adbda\" href=\"https:\/\/www.facebook.com\/therapies.quantiques.9\" target=\"_blank\">\n\t\t\t\t\t\t<span class=\"elementor-screen-only\">Facebook<\/span>\n\t\t\t\t\t\t<svg aria-hidden=\"true\" class=\"e-font-icon-svg e-fab-facebook\" viewBox=\"0 0 512 512\" xmlns=\"http:\/\/www.w3.org\/2000\/svg\"><path d=\"M504 256C504 119 393 8 256 8S8 119 8 256c0 123.78 90.69 226.38 209.25 245V327.69h-63V256h63v-54.64c0-62.15 37-96.48 93.67-96.48 27.14 0 55.52 4.84 55.52 4.84v61h-31.28c-30.8 0-40.41 19.12-40.41 38.73V256h68.78l-11 71.69h-57.78V501C413.31 482.38 504 379.78 504 256z\"><\/path><\/svg>\t\t\t\t\t<\/a>\n\t\t\t\t<\/span>\n\t\t\t\t\t\t\t<span class=\"elementor-grid-item\" role=\"listitem\">\n\t\t\t\t\t<a class=\"elementor-icon elementor-social-icon elementor-social-icon-youtube elementor-repeater-item-650bd41\" href=\"https:\/\/www.youtube.com\/@fabiolatherapeute\" target=\"_blank\">\n\t\t\t\t\t\t<span class=\"elementor-screen-only\">Youtube<\/span>\n\t\t\t\t\t\t<svg aria-hidden=\"true\" class=\"e-font-icon-svg e-fab-youtube\" viewBox=\"0 0 576 512\" xmlns=\"http:\/\/www.w3.org\/2000\/svg\"><path d=\"M549.655 124.083c-6.281-23.65-24.787-42.276-48.284-48.597C458.781 64 288 64 288 64S117.22 64 74.629 75.486c-23.497 6.322-42.003 24.947-48.284 48.597-11.412 42.867-11.412 132.305-11.412 132.305s0 89.438 11.412 132.305c6.281 23.65 24.787 41.5 48.284 47.821C117.22 448 288 448 288 448s170.78 0 213.371-11.486c23.497-6.321 42.003-24.171 48.284-47.821 11.412-42.867 11.412-132.305 11.412-132.305s0-89.438-11.412-132.305zm-317.51 213.508V175.185l142.739 81.205-142.739 81.201z\"><\/path><\/svg>\t\t\t\t\t<\/a>\n\t\t\t\t<\/span>\n\t\t\t\t\t\t\t<span class=\"elementor-grid-item\" role=\"listitem\">\n\t\t\t\t\t<a class=\"elementor-icon elementor-social-icon elementor-social-icon-tiktok elementor-repeater-item-1b56490\" href=\"https:\/\/www.tiktok.com\/@fabiola_therapeute?lang=fr\" target=\"_blank\">\n\t\t\t\t\t\t<span class=\"elementor-screen-only\">Tiktok<\/span>\n\t\t\t\t\t\t<svg aria-hidden=\"true\" class=\"e-font-icon-svg e-fab-tiktok\" viewBox=\"0 0 448 512\" xmlns=\"http:\/\/www.w3.org\/2000\/svg\"><path d=\"M448,209.91a210.06,210.06,0,0,1-122.77-39.25V349.38A162.55,162.55,0,1,1,185,188.31V278.2a74.62,74.62,0,1,0,52.23,71.18V0l88,0a121.18,121.18,0,0,0,1.86,22.17h0A122.18,122.18,0,0,0,381,102.39a121.43,121.43,0,0,0,67,20.14Z\"><\/path><\/svg>\t\t\t\t\t<\/a>\n\t\t\t\t<\/span>\n\t\t\t\t\t<\/div>\n\t\t\t\t\t\t<\/div>\n\t\t\t\t<\/div>\n\t\t\t\t<\/div>\n\t\t\t\t<\/div>\n\t\t\t\t<\/div>\n\t\t\t\t<\/div>\n\t\t\t\t<\/div>\n\t\t\t\t<\/div>\n\t\t","protected":false},"excerpt":{"rendered":"<p>L\u2019abondance, ce n\u2019est pas simplement avoir de l\u2019argent ou \u00eatre riche. C\u2019est aussi \u00eatre riche d\u2019amour, riche de joie, riche de ses relations et \u00eatre en sant\u00e9 prodigieuse\u2026 C\u2019est avoir tout ce dont on a plaisir pour vivre au lieu de survivre. L&rsquo;enseignement VIII de l&rsquo;archange Michael, donne des cl\u00e9s de compr\u00e9hension nouvelle, c&rsquo;est un [&hellip;]<\/p>\n","protected":false},"author":1,"featured_media":0,"parent":0,"menu_order":0,"comment_status":"closed","ping_status":"closed","template":"elementor_header_footer","meta":{"footnotes":""},"class_list":["post-1557","page","type-page","status-publish","hentry"],"_links":{"self":[{"href":"https:\/\/enseignementdemichael.fr\/index.php\/wp-json\/wp\/v2\/pages\/1557","targetHints":{"allow":["GET"]}}],"collection":[{"href":"https:\/\/enseignementdemichael.fr\/index.php\/wp-json\/wp\/v2\/pages"}],"about":[{"href":"https:\/\/enseignementdemichael.fr\/index.php\/wp-json\/wp\/v2\/types\/page"}],"author":[{"embeddable":true,"href":"https:\/\/enseignementdemichael.fr\/index.php\/wp-json\/wp\/v2\/users\/1"}],"replies":[{"embeddable":true,"href":"https:\/\/enseignementdemichael.fr\/index.php\/wp-json\/wp\/v2\/comments?post=1557"}],"version-history":[{"count":7,"href":"https:\/\/enseignementdemichael.fr\/index.php\/wp-json\/wp\/v2\/pages\/1557\/revisions"}],"predecessor-version":[{"id":3760,"href":"https:\/\/enseignementdemichael.fr\/index.php\/wp-json\/wp\/v2\/pages\/1557\/revisions\/3760"}],"wp:attachment":[{"href":"https:\/\/enseignementdemichael.fr\/index.php\/wp-json\/wp\/v2\/media?parent=1557"}],"curies":[{"name":"wp","href":"https:\/\/api.w.org\/{rel}","templated":true}]}}