{"id":1520,"date":"2024-04-10T19:37:57","date_gmt":"2024-04-10T17:37:57","guid":{"rendered":"https:\/\/crea.enseignementdemichael.fr\/?page_id=1520"},"modified":"2025-03-24T09:02:26","modified_gmt":"2025-03-24T08:02:26","slug":"enseignement-iv-la-puissance-de-la-visualisation","status":"publish","type":"page","link":"https:\/\/enseignementdemichael.fr\/index.php\/enseignement-iv-la-puissance-de-la-visualisation\/","title":{"rendered":"Enseignement IV La puissance de la visualisation"},"content":{"rendered":"\t\t<div data-elementor-type=\"wp-page\" data-elementor-id=\"1520\" class=\"elementor elementor-1520\">\n\t\t\t\t<div class=\"elementor-element elementor-element-ac9261d e-flex e-con-boxed e-con e-parent\" data-id=\"ac9261d\" data-element_type=\"container\">\n\t\t\t\t\t<div class=\"e-con-inner\">\n\t\t<div class=\"elementor-element elementor-element-024d4d7 e-flex e-con-boxed e-con e-child\" data-id=\"024d4d7\" data-element_type=\"container\">\n\t\t\t\t\t<div class=\"e-con-inner\">\n\t\t<div class=\"elementor-element elementor-element-0b1ef34 e-con-full e-flex e-con e-child\" data-id=\"0b1ef34\" data-element_type=\"container\">\n\t\t\t\t<\/div>\n\t\t<div class=\"elementor-element elementor-element-c503a39 e-con-full e-flex e-con e-child\" data-id=\"c503a39\" data-element_type=\"container\">\n\t\t\t\t<div class=\"elementor-element elementor-element-5832e92 elementor-invisible elementor-widget elementor-widget-image\" data-id=\"5832e92\" data-element_type=\"widget\" data-settings=\"{&quot;_animation&quot;:&quot;fadeInDown&quot;}\" data-widget_type=\"image.default\">\n\t\t\t\t<div class=\"elementor-widget-container\">\n\t\t\t\t\t\t\t\t\t\t\t\t\t\t\t<img fetchpriority=\"high\" decoding=\"async\" width=\"300\" height=\"213\" src=\"https:\/\/enseignementdemichael.fr\/wp-content\/uploads\/2024\/04\/15ok-300x213.png\" class=\"attachment-medium size-medium wp-image-1274\" alt=\"\" srcset=\"https:\/\/enseignementdemichael.fr\/wp-content\/uploads\/2024\/04\/15ok-300x213.png 300w, https:\/\/enseignementdemichael.fr\/wp-content\/uploads\/2024\/04\/15ok-600x427.png 600w, https:\/\/enseignementdemichael.fr\/wp-content\/uploads\/2024\/04\/15ok.png 658w\" sizes=\"(max-width: 300px) 100vw, 300px\" \/>\t\t\t\t\t\t\t\t\t\t\t\t\t\t\t<\/div>\n\t\t\t\t<\/div>\n\t\t\t\t<\/div>\n\t\t<div class=\"elementor-element elementor-element-ba0d504 e-con-full e-flex e-con e-child\" data-id=\"ba0d504\" data-element_type=\"container\">\n\t\t\t\t<\/div>\n\t\t\t\t\t<\/div>\n\t\t\t\t<\/div>\n\t\t\t\t\t<\/div>\n\t\t\t\t<\/div>\n\t\t<div class=\"elementor-element elementor-element-75a5d66 e-con-full e-flex e-con e-parent\" data-id=\"75a5d66\" data-element_type=\"container\">\n\t\t\t\t<div class=\"elementor-element elementor-element-b26a787 elementor-widget elementor-widget-spacer\" data-id=\"b26a787\" data-element_type=\"widget\" data-widget_type=\"spacer.default\">\n\t\t\t\t<div class=\"elementor-widget-container\">\n\t\t\t\t\t\t\t<div class=\"elementor-spacer\">\n\t\t\t<div class=\"elementor-spacer-inner\"><\/div>\n\t\t<\/div>\n\t\t\t\t\t\t<\/div>\n\t\t\t\t<\/div>\n\t\t\t\t<div class=\"elementor-element elementor-element-3deffbf elementor-widget elementor-widget-heading\" data-id=\"3deffbf\" data-element_type=\"widget\" data-widget_type=\"heading.default\">\n\t\t\t\t<div class=\"elementor-widget-container\">\n\t\t\t\t\t<h2 class=\"elementor-heading-title elementor-size-default\">Enseignement canalis\u00e9 de l'archange Michael.\n\n<br><br>Activez avec sagesse votre plan divin de prodigieuses r\u00e9alisations.\n\n<br><br>Votre imagination est dot\u00e9e d\u2019une puissance beaucoup plus grande que vous ne sauriez le croire.\n\n<br><br>La puissance de la visualisation est un proc\u00e9d\u00e9 quantique \u00e0 mettre en place afin d'activer tout changement personnel positif dans votre vie.\n\n<br><br>Cet enseignement nouveau explique la puissance de la visualisation et comment pratiquer la visualisation cr\u00e9atrice, afin d'aller vous connecter au champ universel de tous vos possibles.\n\n<br><br>Ou comment vous mettre en r\u00e9ception de ce que l'univers a pr\u00e9vu de grand pour vous.\n\n<br><br>Que vous souhaitiez am\u00e9liorer vos relations ou trouver un sens nouveau \u00e0 votre vie, cet enseignement divin vous soutiendra au quotidien, et vous accompagnera dans votre chemin de r\u00e9alisations manifest\u00e9es.\n\n<br><br>Par rapport \u00e0 l'\u00e9nergie qui est ici avec vous, accueillez-vous en tant qu'\u00eatre de lumi\u00e8re puissamment cr\u00e9ateur.\n\n<br><br>Ouvrez en grand votre c\u0153ur \u00e0 toute vibration qualifiante dans cette lumi\u00e8re\u2026\n\n<br><br>Et c'est dans cet \u00e9crin divin que nous recevons l\u2019enseignement de l'archange Michael.\n\n<br><br>Michael est ici ce v\u00e9hicule d\u2019enseignement sup\u00e9rieur nous refl\u00e9tant cette conscience-connaissance que nous allons contacter maintenant.\n\n<br><br>Installez-vous confortablement, soyez assur\u00e9\u00a0d'\u00eatre en paix pendant une heure, vous pouvez \u00e9couter cet enseignement\u00a0en plusieurs fois, il dure 1h06'.\n\n<br><br>C'est puissant, c'est divin, je vous en souhaite une profonde connection et de belles r\u00e9ceptions.\n\n\n<br><br>Tarif : 125,00 euros\n\n\n<\/h2>\t\t\t\t<\/div>\n\t\t\t\t<\/div>\n\t\t\t\t<div class=\"elementor-element elementor-element-b95f086 elementor-widget elementor-widget-spacer\" data-id=\"b95f086\" data-element_type=\"widget\" data-widget_type=\"spacer.default\">\n\t\t\t\t<div class=\"elementor-widget-container\">\n\t\t\t\t\t\t\t<div class=\"elementor-spacer\">\n\t\t\t<div class=\"elementor-spacer-inner\"><\/div>\n\t\t<\/div>\n\t\t\t\t\t\t<\/div>\n\t\t\t\t<\/div>\n\t\t\t\t<div class=\"elementor-element elementor-element-0dec511 elementor-align-center elementor-widget elementor-widget-button\" data-id=\"0dec511\" data-element_type=\"widget\" data-widget_type=\"button.default\">\n\t\t\t\t<div class=\"elementor-widget-container\">\n\t\t\t\t\t\t\t\t\t<div class=\"elementor-button-wrapper\">\n\t\t\t\t\t<a class=\"elementor-button elementor-button-link elementor-size-md elementor-animation-shrink\" href=\"https:\/\/enseignementdemichael.fr\/index.php\/produit\/enseignement-iv-de-michael-la-puissance-de-la-visualisation\/\">\n\t\t\t\t\t\t<span class=\"elementor-button-content-wrapper\">\n\t\t\t\t\t\t<span class=\"elementor-button-icon\">\n\t\t\t\t<svg aria-hidden=\"true\" class=\"e-font-icon-svg e-fas-cross\" viewBox=\"0 0 384 512\" xmlns=\"http:\/\/www.w3.org\/2000\/svg\"><path d=\"M352 128h-96V32c0-17.67-14.33-32-32-32h-64c-17.67 0-32 14.33-32 32v96H32c-17.67 0-32 14.33-32 32v64c0 17.67 14.33 32 32 32h96v224c0 17.67 14.33 32 32 32h64c17.67 0 32-14.33 32-32V256h96c17.67 0 32-14.33 32-32v-64c0-17.67-14.33-32-32-32z\"><\/path><\/svg>\t\t\t<\/span>\n\t\t\t\t\t\t\t\t\t<span class=\"elementor-button-text\">Je commande mon soin<\/span>\n\t\t\t\t\t<\/span>\n\t\t\t\t\t<\/a>\n\t\t\t\t<\/div>\n\t\t\t\t\t\t\t\t<\/div>\n\t\t\t\t<\/div>\n\t\t\t\t<div class=\"elementor-element elementor-element-e7c22ca elementor-widget elementor-widget-spacer\" data-id=\"e7c22ca\" data-element_type=\"widget\" data-widget_type=\"spacer.default\">\n\t\t\t\t<div class=\"elementor-widget-container\">\n\t\t\t\t\t\t\t<div class=\"elementor-spacer\">\n\t\t\t<div class=\"elementor-spacer-inner\"><\/div>\n\t\t<\/div>\n\t\t\t\t\t\t<\/div>\n\t\t\t\t<\/div>\n\t\t\t\t<\/div>\n\t\t<div class=\"elementor-element elementor-element-b4b3443 e-flex e-con-boxed e-con e-parent\" data-id=\"b4b3443\" data-element_type=\"container\">\n\t\t\t\t\t<div class=\"e-con-inner\">\n\t\t<div class=\"elementor-element elementor-element-9ef70a0 e-flex e-con-boxed e-con e-child\" data-id=\"9ef70a0\" data-element_type=\"container\">\n\t\t\t\t\t<div class=\"e-con-inner\">\n\t\t<div class=\"elementor-element elementor-element-4a5bc0c e-flex e-con-boxed e-con e-child\" data-id=\"4a5bc0c\" data-element_type=\"container\">\n\t\t\t\t\t<div class=\"e-con-inner\">\n\t\t\t\t<div class=\"elementor-element elementor-element-0631e1a elementor-widget elementor-widget-spacer\" data-id=\"0631e1a\" data-element_type=\"widget\" data-widget_type=\"spacer.default\">\n\t\t\t\t<div class=\"elementor-widget-container\">\n\t\t\t\t\t\t\t<div class=\"elementor-spacer\">\n\t\t\t<div class=\"elementor-spacer-inner\"><\/div>\n\t\t<\/div>\n\t\t\t\t\t\t<\/div>\n\t\t\t\t<\/div>\n\t\t\t\t\t<\/div>\n\t\t\t\t<\/div>\n\t\t\t\t\t<\/div>\n\t\t\t\t<\/div>\n\t\t\t\t\t<\/div>\n\t\t\t\t<\/div>\n\t\t<div class=\"elementor-element elementor-element-d30c7ce e-con-full e-flex e-con e-parent\" data-id=\"d30c7ce\" data-element_type=\"container\">\n\t\t<div class=\"elementor-element elementor-element-880f5bf e-con-full e-flex e-con e-child\" data-id=\"880f5bf\" data-element_type=\"container\">\n\t\t<div class=\"elementor-element elementor-element-2e175ee e-con-full e-flex e-con e-child\" data-id=\"2e175ee\" data-element_type=\"container\">\n\t\t<div class=\"elementor-element elementor-element-a4be840 e-con-full e-flex e-con e-child\" data-id=\"a4be840\" data-element_type=\"container\" data-settings=\"{&quot;background_background&quot;:&quot;classic&quot;}\">\n\t\t<div class=\"elementor-element elementor-element-74f2edf e-con-full e-flex e-con e-child\" data-id=\"74f2edf\" data-element_type=\"container\">\n\t\t\t\t<div class=\"elementor-element elementor-element-8c160cb elementor-widget__width-initial elementor-widget elementor-widget-image\" data-id=\"8c160cb\" data-element_type=\"widget\" data-widget_type=\"image.default\">\n\t\t\t\t<div class=\"elementor-widget-container\">\n\t\t\t\t\t\t\t\t\t\t\t\t\t\t\t<img decoding=\"async\" width=\"963\" height=\"574\" src=\"https:\/\/enseignementdemichael.fr\/wp-content\/uploads\/2024\/01\/logo.png\" class=\"attachment-large size-large wp-image-58\" alt=\"\" srcset=\"https:\/\/enseignementdemichael.fr\/wp-content\/uploads\/2024\/01\/logo.png 963w, https:\/\/enseignementdemichael.fr\/wp-content\/uploads\/2024\/01\/logo-600x358.png 600w, https:\/\/enseignementdemichael.fr\/wp-content\/uploads\/2024\/01\/logo-300x179.png 300w, https:\/\/enseignementdemichael.fr\/wp-content\/uploads\/2024\/01\/logo-768x458.png 768w\" sizes=\"(max-width: 963px) 100vw, 963px\" \/>\t\t\t\t\t\t\t\t\t\t\t\t\t\t\t<\/div>\n\t\t\t\t<\/div>\n\t\t\t\t<\/div>\n\t\t<div class=\"elementor-element elementor-element-9ad5a6c e-con-full e-flex e-con e-child\" data-id=\"9ad5a6c\" data-element_type=\"container\">\n\t\t\t\t<div class=\"elementor-element elementor-element-c4832da elementor-widget elementor-widget-spacer\" data-id=\"c4832da\" data-element_type=\"widget\" data-widget_type=\"spacer.default\">\n\t\t\t\t<div class=\"elementor-widget-container\">\n\t\t\t\t\t\t\t<div class=\"elementor-spacer\">\n\t\t\t<div class=\"elementor-spacer-inner\"><\/div>\n\t\t<\/div>\n\t\t\t\t\t\t<\/div>\n\t\t\t\t<\/div>\n\t\t\t\t<div class=\"elementor-element elementor-element-4c69e82 elementor-widget elementor-widget-heading\" data-id=\"4c69e82\" data-element_type=\"widget\" data-widget_type=\"heading.default\">\n\t\t\t\t<div class=\"elementor-widget-container\">\n\t\t\t\t\t<h2 class=\"elementor-heading-title elementor-size-default\"><a href=\"https:\/\/enseignementdemichael.fr\/index.php\/mentions-legales\/\">Mentions l\u00e9gales<\/a><\/h2>\t\t\t\t<\/div>\n\t\t\t\t<\/div>\n\t\t\t\t<div class=\"elementor-element elementor-element-4db0058 elementor-widget elementor-widget-heading\" data-id=\"4db0058\" data-element_type=\"widget\" data-widget_type=\"heading.default\">\n\t\t\t\t<div class=\"elementor-widget-container\">\n\t\t\t\t\t<h2 class=\"elementor-heading-title elementor-size-default\"><a href=\"https:\/\/enseignementdemichael.fr\/index.php\/cgv\/\">Conditions g\u00e9n\u00e9rales de ventes<\/a><\/h2>\t\t\t\t<\/div>\n\t\t\t\t<\/div>\n\t\t\t\t<\/div>\n\t\t<div class=\"elementor-element elementor-element-c282b18 e-con-full e-flex e-con e-child\" data-id=\"c282b18\" data-element_type=\"container\">\n\t\t\t\t<div class=\"elementor-element elementor-element-a316d45 elementor-widget elementor-widget-spacer\" data-id=\"a316d45\" data-element_type=\"widget\" data-widget_type=\"spacer.default\">\n\t\t\t\t<div class=\"elementor-widget-container\">\n\t\t\t\t\t\t\t<div class=\"elementor-spacer\">\n\t\t\t<div class=\"elementor-spacer-inner\"><\/div>\n\t\t<\/div>\n\t\t\t\t\t\t<\/div>\n\t\t\t\t<\/div>\n\t\t\t\t<div class=\"elementor-element elementor-element-ad193b9 elementor-shape-circle elementor-grid-0 e-grid-align-center elementor-widget elementor-widget-social-icons\" data-id=\"ad193b9\" data-element_type=\"widget\" data-widget_type=\"social-icons.default\">\n\t\t\t\t<div class=\"elementor-widget-container\">\n\t\t\t\t\t\t\t<div class=\"elementor-social-icons-wrapper elementor-grid\" role=\"list\">\n\t\t\t\t\t\t\t<span class=\"elementor-grid-item\" role=\"listitem\">\n\t\t\t\t\t<a class=\"elementor-icon elementor-social-icon elementor-social-icon-facebook elementor-repeater-item-40adbda\" href=\"https:\/\/www.facebook.com\/therapies.quantiques.9\" target=\"_blank\">\n\t\t\t\t\t\t<span class=\"elementor-screen-only\">Facebook<\/span>\n\t\t\t\t\t\t<svg aria-hidden=\"true\" class=\"e-font-icon-svg e-fab-facebook\" viewBox=\"0 0 512 512\" xmlns=\"http:\/\/www.w3.org\/2000\/svg\"><path d=\"M504 256C504 119 393 8 256 8S8 119 8 256c0 123.78 90.69 226.38 209.25 245V327.69h-63V256h63v-54.64c0-62.15 37-96.48 93.67-96.48 27.14 0 55.52 4.84 55.52 4.84v61h-31.28c-30.8 0-40.41 19.12-40.41 38.73V256h68.78l-11 71.69h-57.78V501C413.31 482.38 504 379.78 504 256z\"><\/path><\/svg>\t\t\t\t\t<\/a>\n\t\t\t\t<\/span>\n\t\t\t\t\t\t\t<span class=\"elementor-grid-item\" role=\"listitem\">\n\t\t\t\t\t<a class=\"elementor-icon elementor-social-icon elementor-social-icon-youtube elementor-repeater-item-650bd41\" href=\"https:\/\/www.youtube.com\/@fabiolatherapeute\" target=\"_blank\">\n\t\t\t\t\t\t<span class=\"elementor-screen-only\">Youtube<\/span>\n\t\t\t\t\t\t<svg aria-hidden=\"true\" class=\"e-font-icon-svg e-fab-youtube\" viewBox=\"0 0 576 512\" xmlns=\"http:\/\/www.w3.org\/2000\/svg\"><path d=\"M549.655 124.083c-6.281-23.65-24.787-42.276-48.284-48.597C458.781 64 288 64 288 64S117.22 64 74.629 75.486c-23.497 6.322-42.003 24.947-48.284 48.597-11.412 42.867-11.412 132.305-11.412 132.305s0 89.438 11.412 132.305c6.281 23.65 24.787 41.5 48.284 47.821C117.22 448 288 448 288 448s170.78 0 213.371-11.486c23.497-6.321 42.003-24.171 48.284-47.821 11.412-42.867 11.412-132.305 11.412-132.305s0-89.438-11.412-132.305zm-317.51 213.508V175.185l142.739 81.205-142.739 81.201z\"><\/path><\/svg>\t\t\t\t\t<\/a>\n\t\t\t\t<\/span>\n\t\t\t\t\t\t\t<span class=\"elementor-grid-item\" role=\"listitem\">\n\t\t\t\t\t<a class=\"elementor-icon elementor-social-icon elementor-social-icon-tiktok elementor-repeater-item-1b56490\" href=\"https:\/\/www.tiktok.com\/@fabiola_therapeute?lang=fr\" target=\"_blank\">\n\t\t\t\t\t\t<span class=\"elementor-screen-only\">Tiktok<\/span>\n\t\t\t\t\t\t<svg aria-hidden=\"true\" class=\"e-font-icon-svg e-fab-tiktok\" viewBox=\"0 0 448 512\" xmlns=\"http:\/\/www.w3.org\/2000\/svg\"><path d=\"M448,209.91a210.06,210.06,0,0,1-122.77-39.25V349.38A162.55,162.55,0,1,1,185,188.31V278.2a74.62,74.62,0,1,0,52.23,71.18V0l88,0a121.18,121.18,0,0,0,1.86,22.17h0A122.18,122.18,0,0,0,381,102.39a121.43,121.43,0,0,0,67,20.14Z\"><\/path><\/svg>\t\t\t\t\t<\/a>\n\t\t\t\t<\/span>\n\t\t\t\t\t<\/div>\n\t\t\t\t\t\t<\/div>\n\t\t\t\t<\/div>\n\t\t\t\t<\/div>\n\t\t\t\t<\/div>\n\t\t\t\t<\/div>\n\t\t\t\t<\/div>\n\t\t\t\t<\/div>\n\t\t\t\t<\/div>\n\t\t","protected":false},"excerpt":{"rendered":"<p>Enseignement canalis\u00e9 de l&rsquo;archange Michael. Activez avec sagesse votre plan divin de prodigieuses r\u00e9alisations. Votre imagination est dot\u00e9e d\u2019une puissance beaucoup plus grande que vous ne sauriez le croire. La puissance de la visualisation est un proc\u00e9d\u00e9 quantique \u00e0 mettre en place afin d&rsquo;activer tout changement personnel positif dans votre vie. Cet enseignement nouveau explique [&hellip;]<\/p>\n","protected":false},"author":1,"featured_media":0,"parent":0,"menu_order":0,"comment_status":"closed","ping_status":"closed","template":"elementor_header_footer","meta":{"footnotes":""},"class_list":["post-1520","page","type-page","status-publish","hentry"],"_links":{"self":[{"href":"https:\/\/enseignementdemichael.fr\/index.php\/wp-json\/wp\/v2\/pages\/1520","targetHints":{"allow":["GET"]}}],"collection":[{"href":"https:\/\/enseignementdemichael.fr\/index.php\/wp-json\/wp\/v2\/pages"}],"about":[{"href":"https:\/\/enseignementdemichael.fr\/index.php\/wp-json\/wp\/v2\/types\/page"}],"author":[{"embeddable":true,"href":"https:\/\/enseignementdemichael.fr\/index.php\/wp-json\/wp\/v2\/users\/1"}],"replies":[{"embeddable":true,"href":"https:\/\/enseignementdemichael.fr\/index.php\/wp-json\/wp\/v2\/comments?post=1520"}],"version-history":[{"count":7,"href":"https:\/\/enseignementdemichael.fr\/index.php\/wp-json\/wp\/v2\/pages\/1520\/revisions"}],"predecessor-version":[{"id":3748,"href":"https:\/\/enseignementdemichael.fr\/index.php\/wp-json\/wp\/v2\/pages\/1520\/revisions\/3748"}],"wp:attachment":[{"href":"https:\/\/enseignementdemichael.fr\/index.php\/wp-json\/wp\/v2\/media?parent=1520"}],"curies":[{"name":"wp","href":"https:\/\/api.w.org\/{rel}","templated":true}]}}